{"id":9155,"date":"2024-10-04T16:42:49","date_gmt":"2024-10-04T14:42:49","guid":{"rendered":"https:\/\/wb.gefire.org\/?page_id=9155"},"modified":"2024-10-04T16:43:08","modified_gmt":"2024-10-04T14:43:08","slug":"dienstleistungen","status":"publish","type":"page","link":"https:\/\/www.wohnbedarf.ch\/en\/geschaeftseinrichtung\/geschaeftsraeume__trashed\/dienstleistungen\/","title":{"rendered":"Dienstleistungen"},"content":{"rendered":"<div data-elementor-type=\"wp-page\" data-elementor-id=\"9155\" class=\"elementor elementor-9155\" data-elementor-post-type=\"page\">\n\t\t\t\t<div class=\"elementor-element elementor-element-4c3d81e3 e-flex e-con-boxed e-con e-parent\" data-id=\"4c3d81e3\" data-element_type=\"container\" data-e-type=\"container\">\n\t\t\t\t\t<div class=\"e-con-inner\">\n\t\t<div class=\"elementor-element elementor-element-57df44c0 e-flex e-con-boxed e-con e-child\" data-id=\"57df44c0\" data-element_type=\"container\" data-e-type=\"container\">\n\t\t\t\t\t<div class=\"e-con-inner\">\n\t\t\t\t<div class=\"elementor-element elementor-element-51504 elementor-widget__width-initial elementor-widget elementor-widget-heading\" data-id=\"51504\" data-element_type=\"widget\" data-e-type=\"widget\" data-widget_type=\"heading.default\">\n\t\t\t\t<div class=\"elementor-widget-container\">\n\t\t\t\t\t<div class=\"elementor-heading-title elementor-size-default\">Dienstleistungen<\/div>\t\t\t\t<\/div>\n\t\t\t\t<\/div>\n\t\t\t\t<div class=\"elementor-element elementor-element-3317b03d elementor-widget__width-initial elementor-widget elementor-widget-heading\" data-id=\"3317b03d\" data-element_type=\"widget\" data-e-type=\"widget\" data-widget_type=\"heading.default\">\n\t\t\t\t<div class=\"elementor-widget-container\">\n\t\t\t\t\t<h1 class=\"elementor-heading-title elementor-size-default\">Individuelle Rauml\u00f6sungen f\u00fcr Ihr Gesch\u00e4ft<\/h1>\t\t\t\t<\/div>\n\t\t\t\t<\/div>\n\t\t\t\t<div class=\"elementor-element elementor-element-204d5223 elementor-widget__width-initial elementor-widget elementor-widget-text-editor\" data-id=\"204d5223\" data-element_type=\"widget\" data-e-type=\"widget\" data-widget_type=\"text-editor.default\">\n\t\t\t\t<div class=\"elementor-widget-container\">\n\t\t\t\t\t\t\t\t\t<div class=\"row-container boomapps_vcrow text-fullwidth -big\" data-parent=\"true\" data-section=\"1\">\n<div class=\"row double-top-padding double-bottom-padding single-h-padding limit-width row-parent\" data-imgready=\"true\">\n<div class=\"row-inner\">\n<div class=\"pos-top pos-center align_center column_parent col-lg-12 boomapps_vccolumn single-internal-gutter\">\n<div class=\"uncol style-light\">\n<div class=\"uncoltable\">\n<div class=\"uncell boomapps_vccolumn\">\n<div class=\"uncont no-block-padding col-custom-width\">\n<div class=\"uncode_text_column text-lead\">\n<div class=\"text\">\n<p><strong>wohnbedarf<\/strong> bietet massgeschneiderte und l\u00f6sungsorientierte Rauml\u00f6sungen und M\u00f6blierungskonzepte f\u00fcr Kund:Innen aus der Dienstleistungsbranche wie zum Beispiel Banken, Versicherungen, Transport- und Logistikunternehmen, Anwaltskanzleien oder Family-Offices. An erster Stelle stehen dabei stets Ihre individuellen Bed\u00fcrfnisse in Bezug auf Design, Funktionalit\u00e4t und \u00d6konomie.<\/p>\n<\/div>\n<\/div>\n<\/div>\n<\/div>\n<\/div>\n<\/div>\n<\/div>\n<\/div>\n<\/div>\n<\/div>\t\t\t\t\t\t\t\t<\/div>\n\t\t\t\t<\/div>\n\t\t\t\t<div class=\"elementor-element elementor-element-1a77ba1c elementor-widget__width-initial animated-fast elementor-invisible elementor-widget elementor-widget-button\" data-id=\"1a77ba1c\" data-element_type=\"widget\" data-e-type=\"widget\" data-settings=\"{&quot;_animation&quot;:&quot;fadeIn&quot;,&quot;_animation_delay&quot;:300}\" data-widget_type=\"button.default\">\n\t\t\t\t<div class=\"elementor-widget-container\">\n\t\t\t\t\t\t\t\t\t<div class=\"elementor-button-wrapper\">\n\t\t\t\t\t<a class=\"elementor-button elementor-button-link elementor-size-sm\" href=\"https:\/\/wohnbedarftermin.as.me\/\" target=\"_blank\">\n\t\t\t\t\t\t<span class=\"elementor-button-content-wrapper\">\n\t\t\t\t\t\t\t\t\t<span class=\"elementor-button-text\">Beratungstermin buchen<\/span>\n\t\t\t\t\t<\/span>\n\t\t\t\t\t<\/a>\n\t\t\t\t<\/div>\n\t\t\t\t\t\t\t\t<\/div>\n\t\t\t\t<\/div>\n\t\t\t\t\t<\/div>\n\t\t\t\t<\/div>\n\t\t\t\t\t<\/div>\n\t\t\t\t<\/div>\n\t\t<div class=\"elementor-element elementor-element-cd6b216 e-flex e-con-boxed e-con e-parent\" data-id=\"cd6b216\" data-element_type=\"container\" data-e-type=\"container\">\n\t\t\t\t\t<div class=\"e-con-inner\">\n\t\t<div class=\"elementor-element elementor-element-b1301a9 e-flex e-con-boxed e-con e-child\" data-id=\"b1301a9\" data-element_type=\"container\" data-e-type=\"container\">\n\t\t\t\t\t<div class=\"e-con-inner\">\n\t\t\t\t<div class=\"elementor-element elementor-element-9364b8c elementor-widget elementor-widget-gallery\" data-id=\"9364b8c\" data-element_type=\"widget\" data-e-type=\"widget\" data-settings=\"{&quot;columns&quot;:2,&quot;gap&quot;:{&quot;unit&quot;:&quot;px&quot;,&quot;size&quot;:20,&quot;sizes&quot;:[]},&quot;gallery_layout&quot;:&quot;grid&quot;,&quot;columns_tablet&quot;:2,&quot;columns_mobile&quot;:1,&quot;gap_laptop&quot;:{&quot;unit&quot;:&quot;px&quot;,&quot;size&quot;:10,&quot;sizes&quot;:[]},&quot;gap_tablet&quot;:{&quot;unit&quot;:&quot;px&quot;,&quot;size&quot;:10,&quot;sizes&quot;:[]},&quot;gap_mobile&quot;:{&quot;unit&quot;:&quot;px&quot;,&quot;size&quot;:10,&quot;sizes&quot;:[]},&quot;link_to&quot;:&quot;file&quot;,&quot;aspect_ratio&quot;:&quot;3:2&quot;,&quot;overlay_background&quot;:&quot;yes&quot;,&quot;content_hover_animation&quot;:&quot;fade-in&quot;}\" data-widget_type=\"gallery.default\">\n\t\t\t\t<div class=\"elementor-widget-container\">\n\t\t\t\t\t\t\t<div class=\"elementor-gallery__container\">\n\t\t\t\t\t\t\t<a class=\"e-gallery-item elementor-gallery-item elementor-animated-content\" href=\"https:\/\/www.wohnbedarf.ch\/wp-content\/uploads\/interiordesign_bank_wohnbedarf_tkb-islikon_beratungsraum.jpg\" data-elementor-open-lightbox=\"yes\" data-elementor-lightbox-slideshow=\"9364b8c\" data-elementor-lightbox-title=\"interiordesign_bank_wohnbedarf_tkb-islikon_beratungsraum\" data-e-action-hash=\"#elementor-action%3Aaction%3Dlightbox%26settings%3DeyJpZCI6MTIwMDcsInVybCI6Imh0dHBzOlwvXC93d3cud29obmJlZGFyZi5jaFwvd3AtY29udGVudFwvdXBsb2Fkc1wvaW50ZXJpb3JkZXNpZ25fYmFua193b2huYmVkYXJmX3RrYi1pc2xpa29uX2JlcmF0dW5nc3JhdW0uanBnIiwic2xpZGVzaG93IjoiOTM2NGI4YyJ9\">\n\t\t\t\t\t<div class=\"e-gallery-image elementor-gallery-item__image\" data-thumbnail=\"https:\/\/www.wohnbedarf.ch\/wp-content\/uploads\/interiordesign_bank_wohnbedarf_tkb-islikon_beratungsraum.jpg\" data-width=\"734\" data-height=\"490\" aria-label=\"\" role=\"img\" ><\/div>\n\t\t\t\t\t\t\t\t\t\t\t<div class=\"elementor-gallery-item__overlay\"><\/div>\n\t\t\t\t\t\t\t\t\t\t\t\t\t\t<\/a>\n\t\t\t\t\t\t\t<a class=\"e-gallery-item elementor-gallery-item elementor-animated-content\" href=\"https:\/\/www.wohnbedarf.ch\/wp-content\/uploads\/interiordesign_bank_wohnbedarf_tkb-islikon_empfangsbereich_eingang.jpg\" data-elementor-open-lightbox=\"yes\" data-elementor-lightbox-slideshow=\"9364b8c\" data-elementor-lightbox-title=\"interiordesign_bank_wohnbedarf_tkb-islikon_empfangsbereich_eingang\" data-e-action-hash=\"#elementor-action%3Aaction%3Dlightbox%26settings%3DeyJpZCI6MTIwMTEsInVybCI6Imh0dHBzOlwvXC93d3cud29obmJlZGFyZi5jaFwvd3AtY29udGVudFwvdXBsb2Fkc1wvaW50ZXJpb3JkZXNpZ25fYmFua193b2huYmVkYXJmX3RrYi1pc2xpa29uX2VtcGZhbmdzYmVyZWljaF9laW5nYW5nLmpwZyIsInNsaWRlc2hvdyI6IjkzNjRiOGMifQ%3D%3D\">\n\t\t\t\t\t<div class=\"e-gallery-image elementor-gallery-item__image\" data-thumbnail=\"https:\/\/www.wohnbedarf.ch\/wp-content\/uploads\/interiordesign_bank_wohnbedarf_tkb-islikon_empfangsbereich_eingang.jpg\" data-width=\"734\" data-height=\"490\" aria-label=\"\" role=\"img\" ><\/div>\n\t\t\t\t\t\t\t\t\t\t\t<div class=\"elementor-gallery-item__overlay\"><\/div>\n\t\t\t\t\t\t\t\t\t\t\t\t\t\t<\/a>\n\t\t\t\t\t<\/div>\n\t\t\t\t\t<\/div>\n\t\t\t\t<\/div>\n\t\t\t\t\t<\/div>\n\t\t\t\t<\/div>\n\t\t<div class=\"elementor-element elementor-element-3efb77f e-flex e-con-boxed e-con e-child\" data-id=\"3efb77f\" data-element_type=\"container\" data-e-type=\"container\">\n\t\t\t\t\t<div class=\"e-con-inner\">\n\t\t\t\t<div class=\"elementor-element elementor-element-10dc4a4 elementor-widget elementor-widget-text-editor\" data-id=\"10dc4a4\" data-element_type=\"widget\" data-e-type=\"widget\" data-widget_type=\"text-editor.default\">\n\t\t\t\t<div class=\"elementor-widget-container\">\n\t\t\t\t\t\t\t\t\t<p>Projekt Thurgauer Kantonalbank, Islikon. Fotos: misa:mi ARCHITEKTEN GmbH<\/p>\t\t\t\t\t\t\t\t<\/div>\n\t\t\t\t<\/div>\n\t\t\t\t\t<\/div>\n\t\t\t\t<\/div>\n\t\t\t\t\t<\/div>\n\t\t\t\t<\/div>\n\t\t<div class=\"elementor-element elementor-element-10dd6f6 e-flex e-con-boxed e-con e-parent\" data-id=\"10dd6f6\" data-element_type=\"container\" data-e-type=\"container\" data-settings=\"{&quot;background_background&quot;:&quot;classic&quot;}\">\n\t\t\t\t\t<div class=\"e-con-inner\">\n\t\t<div class=\"elementor-element elementor-element-4e3ee47 e-flex e-con-boxed e-con e-child\" data-id=\"4e3ee47\" data-element_type=\"container\" data-e-type=\"container\">\n\t\t\t\t\t<div class=\"e-con-inner\">\n\t\t\t\t<div class=\"elementor-element elementor-element-9c1e689 elementor-widget__width-initial elementor-widget elementor-widget-heading\" data-id=\"9c1e689\" data-element_type=\"widget\" data-e-type=\"widget\" data-widget_type=\"heading.default\">\n\t\t\t\t<div class=\"elementor-widget-container\">\n\t\t\t\t\t<h2 class=\"elementor-heading-title elementor-size-default\">Wir planen Ihr R\u00e4ume<\/h2>\t\t\t\t<\/div>\n\t\t\t\t<\/div>\n\t\t\t\t<div class=\"elementor-element elementor-element-6ca0417 elementor-widget__width-initial elementor-widget elementor-widget-heading\" data-id=\"6ca0417\" data-element_type=\"widget\" data-e-type=\"widget\" data-widget_type=\"heading.default\">\n\t\t\t\t<div class=\"elementor-widget-container\">\n\t\t\t\t\t<h3 class=\"elementor-heading-title elementor-size-default\">Massgeschneiderte Einrichtungskonzepte und M\u00f6blierung von Dienstleistungsfirmen<\/h3>\t\t\t\t<\/div>\n\t\t\t\t<\/div>\n\t\t\t\t<div class=\"elementor-element elementor-element-5850575 elementor-widget__width-initial elementor-widget elementor-widget-text-editor\" data-id=\"5850575\" data-element_type=\"widget\" data-e-type=\"widget\" data-widget_type=\"text-editor.default\">\n\t\t\t\t<div class=\"elementor-widget-container\">\n\t\t\t\t\t\t\t\t\t<p>Hier finden Sie das Spektrum der Planungsleistungen von <strong>wohnbedarf<\/strong> f\u00fcr Ihre Gesch\u00e4ftsr\u00e4ume. <span style=\"text-align: var(--text-align); color: var( --e-global-color-text );\">Bei <\/span><strong style=\"text-align: var(--text-align); color: var( --e-global-color-text );\">wohnbedarf<\/strong><span style=\"text-align: var(--text-align); color: var( --e-global-color-text );\"> w\u00e4hlen Sie je nach Ihren Bed\u00fcrfnissen, welche Leistungen Sie beziehen m\u00f6chten. Auf Wunsch bietet <\/span><strong style=\"text-align: var(--text-align); color: var( --e-global-color-text );\">wohnbedarf<\/strong><span style=\"text-align: var(--text-align); color: var( --e-global-color-text );\"> ganzheitliche L\u00f6sungen an \u2013 von der Planung \u00fcber die Umsetzung bis zur finalen Abnahme, alles aus einer Hand.<\/span><\/p>\t\t\t\t\t\t\t\t<\/div>\n\t\t\t\t<\/div>\n\t\t\t\t\t<\/div>\n\t\t\t\t<\/div>\n\t\t<div class=\"elementor-element elementor-element-6edb984 e-flex e-con-boxed e-con e-child\" data-id=\"6edb984\" data-element_type=\"container\" data-e-type=\"container\">\n\t\t\t\t\t<div class=\"e-con-inner\">\n\t\t<div class=\"elementor-element elementor-element-bf5fd98 e-flex e-con-boxed e-con e-child\" data-id=\"bf5fd98\" data-element_type=\"container\" data-e-type=\"container\">\n\t\t\t\t\t<div class=\"e-con-inner\">\n\t\t\t\t<div class=\"elementor-element elementor-element-65864f6 elementor-widget elementor-widget-heading\" data-id=\"65864f6\" data-element_type=\"widget\" data-e-type=\"widget\" data-widget_type=\"heading.default\">\n\t\t\t\t<div class=\"elementor-widget-container\">\n\t\t\t\t\t<h4 class=\"elementor-heading-title elementor-size-default\">Bedarfsanalyse<\/h4>\t\t\t\t<\/div>\n\t\t\t\t<\/div>\n\t\t\t\t<div class=\"elementor-element elementor-element-6c3d396 elementor-widget elementor-widget-text-editor\" data-id=\"6c3d396\" data-element_type=\"widget\" data-e-type=\"widget\" data-widget_type=\"text-editor.default\">\n\t\t\t\t<div class=\"elementor-widget-container\">\n\t\t\t\t\t\t\t\t\t<p>Ihre Vision steht bei uns an erster Stelle. Auf der Grundlage Ihrer individuellen Bed\u00fcrfnisse und Anforderungen erstellt <strong>wohnbedarf<\/strong> ein mass-geschneidertes Einrichtungskonzept f\u00fcr Ihre Gesch\u00e4ftsr\u00e4ume.<\/p>\t\t\t\t\t\t\t\t<\/div>\n\t\t\t\t<\/div>\n\t\t\t\t\t<\/div>\n\t\t\t\t<\/div>\n\t\t<div class=\"elementor-element elementor-element-cfe7418 e-flex e-con-boxed e-con e-child\" data-id=\"cfe7418\" data-element_type=\"container\" data-e-type=\"container\">\n\t\t\t\t\t<div class=\"e-con-inner\">\n\t\t\t\t<div class=\"elementor-element elementor-element-0b167f5 elementor-widget elementor-widget-heading\" data-id=\"0b167f5\" data-element_type=\"widget\" data-e-type=\"widget\" data-widget_type=\"heading.default\">\n\t\t\t\t<div class=\"elementor-widget-container\">\n\t\t\t\t\t<h4 class=\"elementor-heading-title elementor-size-default\">Planung<\/h4>\t\t\t\t<\/div>\n\t\t\t\t<\/div>\n\t\t\t\t<div class=\"elementor-element elementor-element-1bce1fb elementor-widget elementor-widget-text-editor\" data-id=\"1bce1fb\" data-element_type=\"widget\" data-e-type=\"widget\" data-widget_type=\"text-editor.default\">\n\t\t\t\t<div class=\"elementor-widget-container\">\n\t\t\t\t\t\t\t\t\t<ul><li>Gesamtkonzept<\/li><li>Einrichtungsplanung<\/li><li>M\u00f6belberatung<\/li><li>Lichtkonzept<\/li><li>Farb-\/Materialberatung<\/li><li>Textilberatung<\/li><\/ul>\t\t\t\t\t\t\t\t<\/div>\n\t\t\t\t<\/div>\n\t\t\t\t\t<\/div>\n\t\t\t\t<\/div>\n\t\t<div class=\"elementor-element elementor-element-b60a5f4 e-flex e-con-boxed e-con e-child\" data-id=\"b60a5f4\" data-element_type=\"container\" data-e-type=\"container\">\n\t\t\t\t\t<div class=\"e-con-inner\">\n\t\t<div class=\"elementor-element elementor-element-a583e61 e-flex e-con-boxed e-con e-child\" data-id=\"a583e61\" data-element_type=\"container\" data-e-type=\"container\">\n\t\t\t\t\t<div class=\"e-con-inner\">\n\t\t\t\t<div class=\"elementor-element elementor-element-ca81a7b elementor-widget elementor-widget-heading\" data-id=\"ca81a7b\" data-element_type=\"widget\" data-e-type=\"widget\" data-widget_type=\"heading.default\">\n\t\t\t\t<div class=\"elementor-widget-container\">\n\t\t\t\t\t<h4 class=\"elementor-heading-title elementor-size-default\">Innenausbau<\/h4>\t\t\t\t<\/div>\n\t\t\t\t<\/div>\n\t\t\t\t<div class=\"elementor-element elementor-element-ab1b218 elementor-widget elementor-widget-text-editor\" data-id=\"ab1b218\" data-element_type=\"widget\" data-e-type=\"widget\" data-widget_type=\"text-editor.default\">\n\t\t\t\t<div class=\"elementor-widget-container\">\n\t\t\t\t\t\t\t\t\t<p>Der Innenausbau ist Grundlage einer guten Innen- architektur und M\u00f6blierung. <strong>wohnbedarf<\/strong> bietet Ihnen den Innenausbau resp. die Renovation von R\u00e4umlichkeiten als Dienstleistung an. Sie haben somit alles aus einer Hand und m\u00fcssen sich nicht um Schnittstellen k\u00fcmmern. Die Innenausbau-l\u00f6sungen von <strong>wohnbedarf<\/strong> sind individuell auf Sie abgestimmt.<\/p>\t\t\t\t\t\t\t\t<\/div>\n\t\t\t\t<\/div>\n\t\t\t\t\t<\/div>\n\t\t\t\t<\/div>\n\t\t\t\t\t<\/div>\n\t\t\t\t<\/div>\n\t\t\t\t\t<\/div>\n\t\t\t\t<\/div>\n\t\t\t\t\t<\/div>\n\t\t\t\t<\/div>\n\t\t<div class=\"elementor-element elementor-element-ede93be e-flex e-con-boxed e-con e-parent\" data-id=\"ede93be\" data-element_type=\"container\" data-e-type=\"container\">\n\t\t\t\t\t<div class=\"e-con-inner\">\n\t\t<div class=\"elementor-element elementor-element-f42c6ce e-flex e-con-boxed e-con e-child\" data-id=\"f42c6ce\" data-element_type=\"container\" data-e-type=\"container\">\n\t\t\t\t\t<div class=\"e-con-inner\">\n\t\t\t\t<div class=\"elementor-element elementor-element-7cc50ec elementor-widget elementor-widget-gallery\" data-id=\"7cc50ec\" data-element_type=\"widget\" data-e-type=\"widget\" data-settings=\"{&quot;columns&quot;:2,&quot;gap&quot;:{&quot;unit&quot;:&quot;px&quot;,&quot;size&quot;:20,&quot;sizes&quot;:[]},&quot;gallery_layout&quot;:&quot;grid&quot;,&quot;columns_tablet&quot;:2,&quot;columns_mobile&quot;:1,&quot;gap_laptop&quot;:{&quot;unit&quot;:&quot;px&quot;,&quot;size&quot;:10,&quot;sizes&quot;:[]},&quot;gap_tablet&quot;:{&quot;unit&quot;:&quot;px&quot;,&quot;size&quot;:10,&quot;sizes&quot;:[]},&quot;gap_mobile&quot;:{&quot;unit&quot;:&quot;px&quot;,&quot;size&quot;:10,&quot;sizes&quot;:[]},&quot;link_to&quot;:&quot;file&quot;,&quot;aspect_ratio&quot;:&quot;3:2&quot;,&quot;overlay_background&quot;:&quot;yes&quot;,&quot;content_hover_animation&quot;:&quot;fade-in&quot;}\" data-widget_type=\"gallery.default\">\n\t\t\t\t<div class=\"elementor-widget-container\">\n\t\t\t\t\t\t\t<div class=\"elementor-gallery__container\">\n\t\t\t\t\t\t\t<a class=\"e-gallery-item elementor-gallery-item elementor-animated-content\" href=\"https:\/\/www.wohnbedarf.ch\/wp-content\/uploads\/interiordesign_wohnbedarf_wirtschaftsanwaltskanzlei_bibliothek_overwie.jpg\" data-elementor-open-lightbox=\"yes\" data-elementor-lightbox-slideshow=\"7cc50ec\" data-elementor-lightbox-title=\"interiordesign_wohnbedarf_wirtschaftsanwaltskanzlei_bibliothek_overwie\" data-e-action-hash=\"#elementor-action%3Aaction%3Dlightbox%26settings%3DeyJpZCI6MTIwMzIsInVybCI6Imh0dHBzOlwvXC93d3cud29obmJlZGFyZi5jaFwvd3AtY29udGVudFwvdXBsb2Fkc1wvaW50ZXJpb3JkZXNpZ25fd29obmJlZGFyZl93aXJ0c2NoYWZ0c2Fud2FsdHNrYW56bGVpX2JpYmxpb3RoZWtfb3ZlcndpZS5qcGciLCJzbGlkZXNob3ciOiI3Y2M1MGVjIn0%3D\">\n\t\t\t\t\t<div class=\"e-gallery-image elementor-gallery-item__image\" data-thumbnail=\"https:\/\/www.wohnbedarf.ch\/wp-content\/uploads\/interiordesign_wohnbedarf_wirtschaftsanwaltskanzlei_bibliothek_overwie.jpg\" data-width=\"734\" data-height=\"492\" aria-label=\"\" role=\"img\" ><\/div>\n\t\t\t\t\t\t\t\t\t\t\t<div class=\"elementor-gallery-item__overlay\"><\/div>\n\t\t\t\t\t\t\t\t\t\t\t\t\t\t<\/a>\n\t\t\t\t\t\t\t<a class=\"e-gallery-item elementor-gallery-item elementor-animated-content\" href=\"https:\/\/www.wohnbedarf.ch\/wp-content\/uploads\/interiordesign_wohnbedarf_wirtschaftsanwaltskanzlei_bibliothek_gang-1.jpg\" data-elementor-open-lightbox=\"yes\" data-elementor-lightbox-slideshow=\"7cc50ec\" data-elementor-lightbox-title=\"interiordesign_wohnbedarf_wirtschaftsanwaltskanzlei_bibliothek_gang\" data-e-action-hash=\"#elementor-action%3Aaction%3Dlightbox%26settings%3DeyJpZCI6MTIwMzEsInVybCI6Imh0dHBzOlwvXC93d3cud29obmJlZGFyZi5jaFwvd3AtY29udGVudFwvdXBsb2Fkc1wvaW50ZXJpb3JkZXNpZ25fd29obmJlZGFyZl93aXJ0c2NoYWZ0c2Fud2FsdHNrYW56bGVpX2JpYmxpb3RoZWtfZ2FuZy0xLmpwZyIsInNsaWRlc2hvdyI6IjdjYzUwZWMifQ%3D%3D\">\n\t\t\t\t\t<div class=\"e-gallery-image elementor-gallery-item__image\" data-thumbnail=\"https:\/\/www.wohnbedarf.ch\/wp-content\/uploads\/interiordesign_wohnbedarf_wirtschaftsanwaltskanzlei_bibliothek_gang-1.jpg\" data-width=\"734\" data-height=\"413\" aria-label=\"\" role=\"img\" ><\/div>\n\t\t\t\t\t\t\t\t\t\t\t<div class=\"elementor-gallery-item__overlay\"><\/div>\n\t\t\t\t\t\t\t\t\t\t\t\t\t\t<\/a>\n\t\t\t\t\t<\/div>\n\t\t\t\t\t<\/div>\n\t\t\t\t<\/div>\n\t\t\t\t\t<\/div>\n\t\t\t\t<\/div>\n\t\t<div class=\"elementor-element elementor-element-d3a53eb e-flex e-con-boxed e-con e-child\" data-id=\"d3a53eb\" data-element_type=\"container\" data-e-type=\"container\">\n\t\t\t\t\t<div class=\"e-con-inner\">\n\t\t\t\t<div class=\"elementor-element elementor-element-468a33d elementor-widget elementor-widget-text-editor\" data-id=\"468a33d\" data-element_type=\"widget\" data-e-type=\"widget\" data-widget_type=\"text-editor.default\">\n\t\t\t\t<div class=\"elementor-widget-container\">\n\t\t\t\t\t\t\t\t\t<p>wohnbedarf, Einrichtung einer Bibliothek, Wirtschaftsanwaltskanzlei<\/p>\t\t\t\t\t\t\t\t<\/div>\n\t\t\t\t<\/div>\n\t\t\t\t\t<\/div>\n\t\t\t\t<\/div>\n\t\t\t\t\t<\/div>\n\t\t\t\t<\/div>\n\t\t<div class=\"elementor-element elementor-element-86dca14 e-flex e-con-boxed e-con e-parent\" data-id=\"86dca14\" data-element_type=\"container\" data-e-type=\"container\" data-settings=\"{&quot;background_background&quot;:&quot;classic&quot;}\">\n\t\t\t\t\t<div class=\"e-con-inner\">\n\t\t<div class=\"elementor-element elementor-element-47e0489 e-flex e-con-boxed e-con e-child\" data-id=\"47e0489\" data-element_type=\"container\" data-e-type=\"container\">\n\t\t\t\t\t<div class=\"e-con-inner\">\n\t\t\t\t<div class=\"elementor-element elementor-element-3a5881f elementor-widget__width-initial animated-fast elementor-invisible elementor-widget elementor-widget-heading\" data-id=\"3a5881f\" data-element_type=\"widget\" data-e-type=\"widget\" data-settings=\"{&quot;_animation&quot;:&quot;fadeInLeft&quot;}\" data-widget_type=\"heading.default\">\n\t\t\t\t<div class=\"elementor-widget-container\">\n\t\t\t\t\t<h2 class=\"elementor-heading-title elementor-size-default\">wohnbedarf plant und richtet Ihre R\u00e4ume ein.\nMit Leidenschaft und Expertise \u2013 seit 1931.<\/h2>\t\t\t\t<\/div>\n\t\t\t\t<\/div>\n\t\t\t\t<div class=\"elementor-element elementor-element-1f5b1cc elementor-align-right animated-fast elementor-mobile-align-justify elementor-invisible elementor-widget elementor-widget-button\" data-id=\"1f5b1cc\" data-element_type=\"widget\" data-e-type=\"widget\" data-settings=\"{&quot;_animation&quot;:&quot;fadeInRight&quot;,&quot;_animation_delay&quot;:200}\" data-widget_type=\"button.default\">\n\t\t\t\t<div class=\"elementor-widget-container\">\n\t\t\t\t\t\t\t\t\t<div class=\"elementor-button-wrapper\">\n\t\t\t\t\t<a class=\"elementor-button elementor-button-link elementor-size-sm\" href=\"https:\/\/wohnbedarftermin.as.me\/\" target=\"_blank\">\n\t\t\t\t\t\t<span class=\"elementor-button-content-wrapper\">\n\t\t\t\t\t\t\t\t\t<span class=\"elementor-button-text\">BERATUNGSTERMIN BUCHEN<\/span>\n\t\t\t\t\t<\/span>\n\t\t\t\t\t<\/a>\n\t\t\t\t<\/div>\n\t\t\t\t\t\t\t\t<\/div>\n\t\t\t\t<\/div>\n\t\t\t\t\t<\/div>\n\t\t\t\t<\/div>\n\t\t\t\t\t<\/div>\n\t\t\t\t<\/div>\n\t\t\t\t<\/div>","protected":false},"excerpt":{"rendered":"<p>Individuelle Rauml\u00f6sungen f\u00fcr Ihr Gesch\u00e4ft wohnbedarf bietet massgeschneiderte und l\u00f6sungsorientierte Rauml\u00f6sungen und M\u00f6blierungskonzepte f\u00fcr Kund:Innen aus der Dienstleistungsbranche wie zum Beispiel Banken, Versicherungen, Transport- und Logistikunternehmen, Anwaltskanzleien oder Family-Offices. An erster Stelle stehen dabei stets Ihre individuellen Bed\u00fcrfnisse in Bezug auf Design, Funktionalit\u00e4t und \u00d6konomie. Beratungstermin buchen Projekt Thurgauer Kantonalbank, Islikon. Fotos: misa:mi ARCHITEKTEN GmbH [&hellip;]<\/p>\n","protected":false},"author":1,"featured_media":16767,"parent":9114,"menu_order":4,"comment_status":"closed","ping_status":"closed","template":"","meta":{"footnotes":""},"class_list":["post-9155","page","type-page","status-publish","has-post-thumbnail","hentry"],"_links":{"self":[{"href":"https:\/\/www.wohnbedarf.ch\/en\/wp-json\/wp\/v2\/pages\/9155","targetHints":{"allow":["GET"]}}],"collection":[{"href":"https:\/\/www.wohnbedarf.ch\/en\/wp-json\/wp\/v2\/pages"}],"about":[{"href":"https:\/\/www.wohnbedarf.ch\/en\/wp-json\/wp\/v2\/types\/page"}],"author":[{"embeddable":true,"href":"https:\/\/www.wohnbedarf.ch\/en\/wp-json\/wp\/v2\/users\/1"}],"replies":[{"embeddable":true,"href":"https:\/\/www.wohnbedarf.ch\/en\/wp-json\/wp\/v2\/comments?post=9155"}],"version-history":[{"count":100,"href":"https:\/\/www.wohnbedarf.ch\/en\/wp-json\/wp\/v2\/pages\/9155\/revisions"}],"predecessor-version":[{"id":21637,"href":"https:\/\/www.wohnbedarf.ch\/en\/wp-json\/wp\/v2\/pages\/9155\/revisions\/21637"}],"up":[{"embeddable":true,"href":"https:\/\/www.wohnbedarf.ch\/en\/wp-json\/wp\/v2\/pages\/9114"}],"wp:featuredmedia":[{"embeddable":true,"href":"https:\/\/www.wohnbedarf.ch\/en\/wp-json\/wp\/v2\/media\/16767"}],"wp:attachment":[{"href":"https:\/\/www.wohnbedarf.ch\/en\/wp-json\/wp\/v2\/media?parent=9155"}],"curies":[{"name":"wp","href":"https:\/\/api.w.org\/{rel}","templated":true}]}}