{"id":9154,"date":"2024-04-04T12:54:36","date_gmt":"2024-04-04T10:54:36","guid":{"rendered":"https:\/\/wb.gefire.org\/?page_id=9154"},"modified":"2024-10-10T10:03:01","modified_gmt":"2024-10-10T08:03:01","slug":"handel-produktion","status":"publish","type":"page","link":"https:\/\/www.wohnbedarf.ch\/en\/geschaeftseinrichtung\/geschaeftsraeume__trashed\/handel-produktion\/","title":{"rendered":"Handel \/ Produktion"},"content":{"rendered":"<div data-elementor-type=\"wp-page\" data-elementor-id=\"9154\" class=\"elementor elementor-9154\" data-elementor-post-type=\"page\">\n\t\t\t\t<div class=\"elementor-element elementor-element-4c3d81e3 e-flex e-con-boxed e-con e-parent\" data-id=\"4c3d81e3\" data-element_type=\"container\" data-e-type=\"container\">\n\t\t\t\t\t<div class=\"e-con-inner\">\n\t\t<div class=\"elementor-element elementor-element-57df44c0 e-flex e-con-boxed e-con e-child\" data-id=\"57df44c0\" data-element_type=\"container\" data-e-type=\"container\">\n\t\t\t\t\t<div class=\"e-con-inner\">\n\t\t\t\t<div class=\"elementor-element elementor-element-51504 elementor-widget__width-initial elementor-widget elementor-widget-heading\" data-id=\"51504\" data-element_type=\"widget\" data-e-type=\"widget\" data-widget_type=\"heading.default\">\n\t\t\t\t<div class=\"elementor-widget-container\">\n\t\t\t\t\t<div class=\"elementor-heading-title elementor-size-default\">Handel \/ Produktion<\/div>\t\t\t\t<\/div>\n\t\t\t\t<\/div>\n\t\t\t\t<div class=\"elementor-element elementor-element-3317b03d elementor-widget__width-initial elementor-widget elementor-widget-heading\" data-id=\"3317b03d\" data-element_type=\"widget\" data-e-type=\"widget\" data-widget_type=\"heading.default\">\n\t\t\t\t<div class=\"elementor-widget-container\">\n\t\t\t\t\t<h1 class=\"elementor-heading-title elementor-size-default\">Fachgerechte Einrichtungskonzepte<\/h1>\t\t\t\t<\/div>\n\t\t\t\t<\/div>\n\t\t\t\t<div class=\"elementor-element elementor-element-204d5223 elementor-widget__width-initial elementor-widget elementor-widget-text-editor\" data-id=\"204d5223\" data-element_type=\"widget\" data-e-type=\"widget\" data-widget_type=\"text-editor.default\">\n\t\t\t\t<div class=\"elementor-widget-container\">\n\t\t\t\t\t\t\t\t\t<div class=\"row-container boomapps_vcrow text-fullwidth -big\" data-parent=\"true\" data-section=\"1\">\n<div class=\"row double-top-padding double-bottom-padding single-h-padding limit-width row-parent\" data-imgready=\"true\">\n<div class=\"row-inner\">\n<div class=\"pos-top pos-center align_center column_parent col-lg-12 boomapps_vccolumn single-internal-gutter\">\n<div class=\"uncol style-light\">\n<div class=\"uncoltable\">\n<div class=\"uncell boomapps_vccolumn\">\n<div class=\"uncont no-block-padding col-custom-width\">\n<div class=\"uncode_text_column text-lead\">\n<div class=\"text\">\n<p><strong>wohnbedarf<\/strong>&nbsp;erarbeitet umfassende Einrichtungskonzepte f\u00fcr moderne Arbeitspl\u00e4tze und \u00f6ffentlich R\u00e4ume. Sei es f\u00fcr Chemie- und Pharmafirmen, Food- und Non Food Firmen oder Produktions- und Handelsbetriebe. Akustik, Beleuchtung und Ergonomie spielen dabei eine ebenso wichtige Rolle wie die M\u00f6bel selbst.<\/p>\n<\/div>\n<\/div>\n<\/div>\n<\/div>\n<\/div>\n<\/div>\n<\/div>\n<\/div>\n<\/div>\n<\/div>\t\t\t\t\t\t\t\t<\/div>\n\t\t\t\t<\/div>\n\t\t\t\t<div class=\"elementor-element elementor-element-1a77ba1c elementor-widget__width-initial animated-fast elementor-invisible elementor-widget elementor-widget-button\" data-id=\"1a77ba1c\" data-element_type=\"widget\" data-e-type=\"widget\" data-settings=\"{&quot;_animation&quot;:&quot;fadeIn&quot;,&quot;_animation_delay&quot;:300}\" data-widget_type=\"button.default\">\n\t\t\t\t<div class=\"elementor-widget-container\">\n\t\t\t\t\t\t\t\t\t<div class=\"elementor-button-wrapper\">\n\t\t\t\t\t<a class=\"elementor-button elementor-button-link elementor-size-sm\" href=\"https:\/\/wohnbedarftermin.as.me\/\" target=\"_blank\">\n\t\t\t\t\t\t<span class=\"elementor-button-content-wrapper\">\n\t\t\t\t\t\t\t\t\t<span class=\"elementor-button-text\">Beratungstermin buchen<\/span>\n\t\t\t\t\t<\/span>\n\t\t\t\t\t<\/a>\n\t\t\t\t<\/div>\n\t\t\t\t\t\t\t\t<\/div>\n\t\t\t\t<\/div>\n\t\t\t\t\t<\/div>\n\t\t\t\t<\/div>\n\t\t\t\t\t<\/div>\n\t\t\t\t<\/div>\n\t\t<div class=\"elementor-element elementor-element-cd6b216 e-flex e-con-boxed e-con e-parent\" data-id=\"cd6b216\" data-element_type=\"container\" data-e-type=\"container\">\n\t\t\t\t\t<div class=\"e-con-inner\">\n\t\t<div class=\"elementor-element elementor-element-b1301a9 e-flex e-con-boxed e-con e-child\" data-id=\"b1301a9\" data-element_type=\"container\" data-e-type=\"container\">\n\t\t\t\t\t<div class=\"e-con-inner\">\n\t\t\t\t<div class=\"elementor-element elementor-element-a02e6a0 elementor-widget elementor-widget-gallery\" data-id=\"a02e6a0\" data-element_type=\"widget\" data-e-type=\"widget\" data-settings=\"{&quot;columns&quot;:2,&quot;gap&quot;:{&quot;unit&quot;:&quot;px&quot;,&quot;size&quot;:20,&quot;sizes&quot;:[]},&quot;gallery_layout&quot;:&quot;grid&quot;,&quot;columns_tablet&quot;:2,&quot;columns_mobile&quot;:1,&quot;gap_laptop&quot;:{&quot;unit&quot;:&quot;px&quot;,&quot;size&quot;:10,&quot;sizes&quot;:[]},&quot;gap_tablet&quot;:{&quot;unit&quot;:&quot;px&quot;,&quot;size&quot;:10,&quot;sizes&quot;:[]},&quot;gap_mobile&quot;:{&quot;unit&quot;:&quot;px&quot;,&quot;size&quot;:10,&quot;sizes&quot;:[]},&quot;link_to&quot;:&quot;file&quot;,&quot;aspect_ratio&quot;:&quot;3:2&quot;,&quot;overlay_background&quot;:&quot;yes&quot;,&quot;content_hover_animation&quot;:&quot;fade-in&quot;}\" data-widget_type=\"gallery.default\">\n\t\t\t\t<div class=\"elementor-widget-container\">\n\t\t\t\t\t\t\t<div class=\"elementor-gallery__container\">\n\t\t\t\t\t\t\t<a class=\"e-gallery-item elementor-gallery-item elementor-animated-content\" href=\"https:\/\/www.wohnbedarf.ch\/wp-content\/uploads\/interiordesign_barry-callebaut_produktionsfirma_headquarter_focus_workspaces_foto-peter-wuermli-scaled.jpg\" data-elementor-open-lightbox=\"yes\" data-elementor-lightbox-slideshow=\"a02e6a0\" data-elementor-lightbox-title=\"interiordesign_barry-callebaut_produktionsfirma_headquarter_focus_workspaces_foto-peter-wuermli\" data-e-action-hash=\"#elementor-action%3Aaction%3Dlightbox%26settings%3DeyJpZCI6MTIwNTYsInVybCI6Imh0dHBzOlwvXC93d3cud29obmJlZGFyZi5jaFwvd3AtY29udGVudFwvdXBsb2Fkc1wvaW50ZXJpb3JkZXNpZ25fYmFycnktY2FsbGViYXV0X3Byb2R1a3Rpb25zZmlybWFfaGVhZHF1YXJ0ZXJfZm9jdXNfd29ya3NwYWNlc19mb3RvLXBldGVyLXd1ZXJtbGktc2NhbGVkLmpwZyIsInNsaWRlc2hvdyI6ImEwMmU2YTAifQ%3D%3D\">\n\t\t\t\t\t<div class=\"e-gallery-image elementor-gallery-item__image\" data-thumbnail=\"https:\/\/www.wohnbedarf.ch\/wp-content\/uploads\/interiordesign_barry-callebaut_produktionsfirma_headquarter_focus_workspaces_foto-peter-wuermli-scaled.jpg\" data-width=\"2560\" data-height=\"1380\" aria-label=\"\" role=\"img\" ><\/div>\n\t\t\t\t\t\t\t\t\t\t\t<div class=\"elementor-gallery-item__overlay\"><\/div>\n\t\t\t\t\t\t\t\t\t\t\t\t\t\t<\/a>\n\t\t\t\t\t\t\t<a class=\"e-gallery-item elementor-gallery-item elementor-animated-content\" href=\"https:\/\/www.wohnbedarf.ch\/wp-content\/uploads\/interiordesign_barry-callebaut_produktionsfirma_headquarter_focus-2-workspaces_foto-peter-wuermli-scaled.jpg\" data-elementor-open-lightbox=\"yes\" data-elementor-lightbox-slideshow=\"a02e6a0\" data-elementor-lightbox-title=\"interiordesign_barry-callebaut_produktionsfirma_headquarter_focus-2-workspaces_foto-peter-wuermli\" data-e-action-hash=\"#elementor-action%3Aaction%3Dlightbox%26settings%3DeyJpZCI6MTIwNTcsInVybCI6Imh0dHBzOlwvXC93d3cud29obmJlZGFyZi5jaFwvd3AtY29udGVudFwvdXBsb2Fkc1wvaW50ZXJpb3JkZXNpZ25fYmFycnktY2FsbGViYXV0X3Byb2R1a3Rpb25zZmlybWFfaGVhZHF1YXJ0ZXJfZm9jdXMtMi13b3Jrc3BhY2VzX2ZvdG8tcGV0ZXItd3Vlcm1saS1zY2FsZWQuanBnIiwic2xpZGVzaG93IjoiYTAyZTZhMCJ9\">\n\t\t\t\t\t<div class=\"e-gallery-image elementor-gallery-item__image\" data-thumbnail=\"https:\/\/www.wohnbedarf.ch\/wp-content\/uploads\/interiordesign_barry-callebaut_produktionsfirma_headquarter_focus-2-workspaces_foto-peter-wuermli-scaled.jpg\" data-width=\"2560\" data-height=\"1362\" aria-label=\"\" role=\"img\" ><\/div>\n\t\t\t\t\t\t\t\t\t\t\t<div class=\"elementor-gallery-item__overlay\"><\/div>\n\t\t\t\t\t\t\t\t\t\t\t\t\t\t<\/a>\n\t\t\t\t\t<\/div>\n\t\t\t\t\t<\/div>\n\t\t\t\t<\/div>\n\t\t\t\t\t<\/div>\n\t\t\t\t<\/div>\n\t\t<div class=\"elementor-element elementor-element-f9a1de5 e-flex e-con-boxed e-con e-child\" data-id=\"f9a1de5\" data-element_type=\"container\" data-e-type=\"container\">\n\t\t\t\t\t<div class=\"e-con-inner\">\n\t\t\t\t<div class=\"elementor-element elementor-element-d2a9fbe elementor-widget elementor-widget-text-editor\" data-id=\"d2a9fbe\" data-element_type=\"widget\" data-e-type=\"widget\" data-widget_type=\"text-editor.default\">\n\t\t\t\t<div class=\"elementor-widget-container\">\n\t\t\t\t\t\t\t\t\t<p>Projekt Barry Callebaut Headquarters, Z\u00fcrich. Fotos: Peter W\u00fcrmli<\/p>\t\t\t\t\t\t\t\t<\/div>\n\t\t\t\t<\/div>\n\t\t\t\t\t<\/div>\n\t\t\t\t<\/div>\n\t\t\t\t\t<\/div>\n\t\t\t\t<\/div>\n\t\t<div class=\"elementor-element elementor-element-84c2f63 e-flex e-con-boxed e-con e-parent\" data-id=\"84c2f63\" data-element_type=\"container\" data-e-type=\"container\" data-settings=\"{&quot;background_background&quot;:&quot;classic&quot;}\">\n\t\t\t\t\t<div class=\"e-con-inner\">\n\t\t<div class=\"elementor-element elementor-element-22bcc4d e-flex e-con-boxed e-con e-child\" data-id=\"22bcc4d\" data-element_type=\"container\" data-e-type=\"container\" data-settings=\"{&quot;background_background&quot;:&quot;classic&quot;}\">\n\t\t\t\t\t<div class=\"e-con-inner\">\n\t\t\t\t<div class=\"elementor-element elementor-element-5a25cb8 elementor-widget__width-initial elementor-widget elementor-widget-heading\" data-id=\"5a25cb8\" data-element_type=\"widget\" data-e-type=\"widget\" data-widget_type=\"heading.default\">\n\t\t\t\t<div class=\"elementor-widget-container\">\n\t\t\t\t\t<h2 class=\"elementor-heading-title elementor-size-default\">Wir planen Ihre R\u00e4ume\u200b<\/h2>\t\t\t\t<\/div>\n\t\t\t\t<\/div>\n\t\t\t\t<div class=\"elementor-element elementor-element-55d3a25 elementor-widget__width-initial elementor-widget elementor-widget-heading\" data-id=\"55d3a25\" data-element_type=\"widget\" data-e-type=\"widget\" data-widget_type=\"heading.default\">\n\t\t\t\t<div class=\"elementor-widget-container\">\n\t\t\t\t\t<h3 class=\"elementor-heading-title elementor-size-default\">Einrichtungskonzepte und M\u00f6blierung von Handels- und Produktionsfirmen<\/h3>\t\t\t\t<\/div>\n\t\t\t\t<\/div>\n\t\t\t\t<div class=\"elementor-element elementor-element-1bd9762 elementor-widget__width-initial elementor-widget elementor-widget-text-editor\" data-id=\"1bd9762\" data-element_type=\"widget\" data-e-type=\"widget\" data-widget_type=\"text-editor.default\">\n\t\t\t\t<div class=\"elementor-widget-container\">\n\t\t\t\t\t\t\t\t\t<p>Hier finden Sie das Spektrum der Planungsleistungen von <strong>wohnbedarf <\/strong>f\u00fcr Ihr Unternehmen.\u00a0<span style=\"text-align: var(--text-align); color: var( --e-global-color-text );\">Bei <\/span><strong style=\"text-align: var(--text-align); color: var( --e-global-color-text );\">wohnbedarf<\/strong><span style=\"text-align: var(--text-align); color: var( --e-global-color-text );\"> w\u00e4hlen Sie je nach Ihren Bed\u00fcrfnissen, welche Leistungen Sie beziehen m\u00f6chten. Auf Wunsch bietet <\/span><strong style=\"text-align: var(--text-align); color: var( --e-global-color-text );\">wohnbedarf<\/strong><span style=\"text-align: var(--text-align); color: var( --e-global-color-text );\"> ganzheitliche L\u00f6sungen an \u2013 von der Planung \u00fcber die Umsetzung bis zur finalen Abnahme, alles aus einer Hand.<\/span><\/p>\t\t\t\t\t\t\t\t<\/div>\n\t\t\t\t<\/div>\n\t\t\t\t\t<\/div>\n\t\t\t\t<\/div>\n\t\t<div class=\"elementor-element elementor-element-b596fd6 e-flex e-con-boxed e-con e-child\" data-id=\"b596fd6\" data-element_type=\"container\" data-e-type=\"container\" data-settings=\"{&quot;background_background&quot;:&quot;classic&quot;}\">\n\t\t\t\t\t<div class=\"e-con-inner\">\n\t\t<div class=\"elementor-element elementor-element-406097d e-flex e-con-boxed e-con e-child\" data-id=\"406097d\" data-element_type=\"container\" data-e-type=\"container\">\n\t\t\t\t\t<div class=\"e-con-inner\">\n\t\t\t\t<div class=\"elementor-element elementor-element-5150634 elementor-widget elementor-widget-heading\" data-id=\"5150634\" data-element_type=\"widget\" data-e-type=\"widget\" data-widget_type=\"heading.default\">\n\t\t\t\t<div class=\"elementor-widget-container\">\n\t\t\t\t\t<h4 class=\"elementor-heading-title elementor-size-default\">Bedarfsanalyse<\/h4>\t\t\t\t<\/div>\n\t\t\t\t<\/div>\n\t\t\t\t<div class=\"elementor-element elementor-element-0f8c703 elementor-widget elementor-widget-text-editor\" data-id=\"0f8c703\" data-element_type=\"widget\" data-e-type=\"widget\" data-widget_type=\"text-editor.default\">\n\t\t\t\t<div class=\"elementor-widget-container\">\n\t\t\t\t\t\t\t\t\t<p><strong>wohnbedarf<\/strong> unterst\u00fctzt Sie dabei, Ihre Raum-visionen in Ihrem Unternehmen umzusetzen. Auf <br \/>der Grundlage Ihrer individuellen Bed\u00fcrfnisse und Anforderungen erstellt <strong>wohnbedarf<\/strong> ein mass- geschneidertes Einrichtungskonzept f\u00fcr Ihr Unternehmen \u2013 f\u00fcr \u00e4sthetische und funktionale Arbeitsr\u00e4ume.<\/p>\t\t\t\t\t\t\t\t<\/div>\n\t\t\t\t<\/div>\n\t\t\t\t\t<\/div>\n\t\t\t\t<\/div>\n\t\t<div class=\"elementor-element elementor-element-f7450b5 e-flex e-con-boxed e-con e-child\" data-id=\"f7450b5\" data-element_type=\"container\" data-e-type=\"container\">\n\t\t\t\t\t<div class=\"e-con-inner\">\n\t\t\t\t<div class=\"elementor-element elementor-element-851e90f elementor-widget elementor-widget-heading\" data-id=\"851e90f\" data-element_type=\"widget\" data-e-type=\"widget\" data-widget_type=\"heading.default\">\n\t\t\t\t<div class=\"elementor-widget-container\">\n\t\t\t\t\t<h4 class=\"elementor-heading-title elementor-size-default\">Planung<\/h4>\t\t\t\t<\/div>\n\t\t\t\t<\/div>\n\t\t\t\t<div class=\"elementor-element elementor-element-edb4793 elementor-widget elementor-widget-text-editor\" data-id=\"edb4793\" data-element_type=\"widget\" data-e-type=\"widget\" data-widget_type=\"text-editor.default\">\n\t\t\t\t<div class=\"elementor-widget-container\">\n\t\t\t\t\t\t\t\t\t<ul><li>Gesamtkonzept<\/li><li>Einrichtungsplanung<\/li><li>B\u00fcrom\u00f6belberatung<\/li><li>Akustikl\u00f6sungen<\/li><li>Lichtkonzept<\/li><li>Farb-\/Materialberatung<\/li><li>Textilberatung<\/li><\/ul>\t\t\t\t\t\t\t\t<\/div>\n\t\t\t\t<\/div>\n\t\t\t\t\t<\/div>\n\t\t\t\t<\/div>\n\t\t<div class=\"elementor-element elementor-element-4bb5b44 e-flex e-con-boxed e-con e-child\" data-id=\"4bb5b44\" data-element_type=\"container\" data-e-type=\"container\">\n\t\t\t\t\t<div class=\"e-con-inner\">\n\t\t\t\t<div class=\"elementor-element elementor-element-9428806 elementor-widget elementor-widget-heading\" data-id=\"9428806\" data-element_type=\"widget\" data-e-type=\"widget\" data-widget_type=\"heading.default\">\n\t\t\t\t<div class=\"elementor-widget-container\">\n\t\t\t\t\t<h4 class=\"elementor-heading-title elementor-size-default\">Innenausbau<\/h4>\t\t\t\t<\/div>\n\t\t\t\t<\/div>\n\t\t\t\t<div class=\"elementor-element elementor-element-f5b6ce5 elementor-widget elementor-widget-text-editor\" data-id=\"f5b6ce5\" data-element_type=\"widget\" data-e-type=\"widget\" data-widget_type=\"text-editor.default\">\n\t\t\t\t<div class=\"elementor-widget-container\">\n\t\t\t\t\t\t\t\t\t<p>Der Innenausbau ist Grundlage einer guten Innen- architektur und M\u00f6blierung. <strong>wohnbedarf<\/strong> bietet Ihnen den Innenausbau resp. die Renovation von R\u00e4umlichkeiten als Dienstleistung an. Sie haben somit alles aus einer Hand und m\u00fcssen sich nicht um Schnittstellen k\u00fcmmern. Die Innenausbau- l\u00f6sungen von <strong>wohnbedarf<\/strong> sind individuell auf Sie abgestimmt.<\/p>\t\t\t\t\t\t\t\t<\/div>\n\t\t\t\t<\/div>\n\t\t\t\t\t<\/div>\n\t\t\t\t<\/div>\n\t\t\t\t\t<\/div>\n\t\t\t\t<\/div>\n\t\t\t\t\t<\/div>\n\t\t\t\t<\/div>\n\t\t<div class=\"elementor-element elementor-element-ed2e17a e-flex e-con-boxed e-con e-parent\" data-id=\"ed2e17a\" data-element_type=\"container\" data-e-type=\"container\">\n\t\t\t\t\t<div class=\"e-con-inner\">\n\t\t<div class=\"elementor-element elementor-element-1335b00 e-flex e-con-boxed e-con e-child\" data-id=\"1335b00\" data-element_type=\"container\" data-e-type=\"container\">\n\t\t\t\t\t<div class=\"e-con-inner\">\n\t\t\t\t<div class=\"elementor-element elementor-element-a2daa4b elementor-widget elementor-widget-gallery\" data-id=\"a2daa4b\" data-element_type=\"widget\" data-e-type=\"widget\" data-settings=\"{&quot;columns&quot;:2,&quot;gap&quot;:{&quot;unit&quot;:&quot;px&quot;,&quot;size&quot;:20,&quot;sizes&quot;:[]},&quot;gallery_layout&quot;:&quot;grid&quot;,&quot;columns_tablet&quot;:2,&quot;columns_mobile&quot;:1,&quot;gap_laptop&quot;:{&quot;unit&quot;:&quot;px&quot;,&quot;size&quot;:10,&quot;sizes&quot;:[]},&quot;gap_tablet&quot;:{&quot;unit&quot;:&quot;px&quot;,&quot;size&quot;:10,&quot;sizes&quot;:[]},&quot;gap_mobile&quot;:{&quot;unit&quot;:&quot;px&quot;,&quot;size&quot;:10,&quot;sizes&quot;:[]},&quot;link_to&quot;:&quot;file&quot;,&quot;aspect_ratio&quot;:&quot;3:2&quot;,&quot;overlay_background&quot;:&quot;yes&quot;,&quot;content_hover_animation&quot;:&quot;fade-in&quot;}\" data-widget_type=\"gallery.default\">\n\t\t\t\t<div class=\"elementor-widget-container\">\n\t\t\t\t\t\t\t<div class=\"elementor-gallery__container\">\n\t\t\t\t\t\t\t<a class=\"e-gallery-item elementor-gallery-item elementor-animated-content\" href=\"https:\/\/www.wohnbedarf.ch\/wp-content\/uploads\/interiordesign_wohnbedarf_beyond-gravity-circle-zuerich_foto-identi-ag_workspace.jpg\" data-elementor-open-lightbox=\"yes\" data-elementor-lightbox-slideshow=\"a2daa4b\" data-elementor-lightbox-title=\"interiordesign_wohnbedarf_beyond-gravity-circle-zuerich_foto-identi-ag_workspace\" data-e-action-hash=\"#elementor-action%3Aaction%3Dlightbox%26settings%3DeyJpZCI6MTIwNzMsInVybCI6Imh0dHBzOlwvXC93d3cud29obmJlZGFyZi5jaFwvd3AtY29udGVudFwvdXBsb2Fkc1wvaW50ZXJpb3JkZXNpZ25fd29obmJlZGFyZl9iZXlvbmQtZ3Jhdml0eS1jaXJjbGUtenVlcmljaF9mb3RvLWlkZW50aS1hZ193b3Jrc3BhY2UuanBnIiwic2xpZGVzaG93IjoiYTJkYWE0YiJ9\">\n\t\t\t\t\t<div class=\"e-gallery-image elementor-gallery-item__image\" data-thumbnail=\"https:\/\/www.wohnbedarf.ch\/wp-content\/uploads\/interiordesign_wohnbedarf_beyond-gravity-circle-zuerich_foto-identi-ag_workspace.jpg\" data-width=\"734\" data-height=\"550\" aria-label=\"\" role=\"img\" ><\/div>\n\t\t\t\t\t\t\t\t\t\t\t<div class=\"elementor-gallery-item__overlay\"><\/div>\n\t\t\t\t\t\t\t\t\t\t\t\t\t\t<\/a>\n\t\t\t\t\t\t\t<a class=\"e-gallery-item elementor-gallery-item elementor-animated-content\" href=\"https:\/\/www.wohnbedarf.ch\/wp-content\/uploads\/interiordesign_wohnbedarf_beyond-gravity-circle-zuerich_foto-identi-ag_workspace-9.jpg\" data-elementor-open-lightbox=\"yes\" data-elementor-lightbox-slideshow=\"a2daa4b\" data-elementor-lightbox-title=\"interiordesign_wohnbedarf_beyond-gravity-circle-zuerich_foto-identi-ag_workspace-9\" data-e-action-hash=\"#elementor-action%3Aaction%3Dlightbox%26settings%3DeyJpZCI6MTIwODEsInVybCI6Imh0dHBzOlwvXC93d3cud29obmJlZGFyZi5jaFwvd3AtY29udGVudFwvdXBsb2Fkc1wvaW50ZXJpb3JkZXNpZ25fd29obmJlZGFyZl9iZXlvbmQtZ3Jhdml0eS1jaXJjbGUtenVlcmljaF9mb3RvLWlkZW50aS1hZ193b3Jrc3BhY2UtOS5qcGciLCJzbGlkZXNob3ciOiJhMmRhYTRiIn0%3D\">\n\t\t\t\t\t<div class=\"e-gallery-image elementor-gallery-item__image\" data-thumbnail=\"https:\/\/www.wohnbedarf.ch\/wp-content\/uploads\/interiordesign_wohnbedarf_beyond-gravity-circle-zuerich_foto-identi-ag_workspace-9.jpg\" data-width=\"734\" data-height=\"551\" aria-label=\"\" role=\"img\" ><\/div>\n\t\t\t\t\t\t\t\t\t\t\t<div class=\"elementor-gallery-item__overlay\"><\/div>\n\t\t\t\t\t\t\t\t\t\t\t\t\t\t<\/a>\n\t\t\t\t\t<\/div>\n\t\t\t\t\t<\/div>\n\t\t\t\t<\/div>\n\t\t\t\t\t<\/div>\n\t\t\t\t<\/div>\n\t\t<div class=\"elementor-element elementor-element-839bfa6 e-flex e-con-boxed e-con e-child\" data-id=\"839bfa6\" data-element_type=\"container\" data-e-type=\"container\">\n\t\t\t\t\t<div class=\"e-con-inner\">\n\t\t\t\t<div class=\"elementor-element elementor-element-05e62c4 elementor-widget elementor-widget-text-editor\" data-id=\"05e62c4\" data-element_type=\"widget\" data-e-type=\"widget\" data-widget_type=\"text-editor.default\">\n\t\t\t\t<div class=\"elementor-widget-container\">\n\t\t\t\t\t\t\t\t\t<p>Projekt Beyond Gravity, Circle Z\u00fcrich. Fotos: Identi AG<\/p>\t\t\t\t\t\t\t\t<\/div>\n\t\t\t\t<\/div>\n\t\t\t\t\t<\/div>\n\t\t\t\t<\/div>\n\t\t\t\t\t<\/div>\n\t\t\t\t<\/div>\n\t\t<div class=\"elementor-element elementor-element-70ad2068 e-flex e-con-boxed e-con e-parent\" data-id=\"70ad2068\" data-element_type=\"container\" data-e-type=\"container\" data-settings=\"{&quot;background_background&quot;:&quot;classic&quot;}\">\n\t\t\t\t\t<div class=\"e-con-inner\">\n\t\t<div class=\"elementor-element elementor-element-76be3e7f e-flex e-con-boxed e-con e-child\" data-id=\"76be3e7f\" data-element_type=\"container\" data-e-type=\"container\">\n\t\t\t\t\t<div class=\"e-con-inner\">\n\t\t\t\t<div class=\"elementor-element elementor-element-35ba68b7 elementor-widget__width-initial animated-fast elementor-invisible elementor-widget elementor-widget-heading\" data-id=\"35ba68b7\" data-element_type=\"widget\" data-e-type=\"widget\" data-settings=\"{&quot;_animation&quot;:&quot;fadeInLeft&quot;}\" data-widget_type=\"heading.default\">\n\t\t\t\t<div class=\"elementor-widget-container\">\n\t\t\t\t\t<h2 class=\"elementor-heading-title elementor-size-default\">wohnbedarf plant und richtet Ihre R\u00e4ume ein. Mit Leidenschaft und Expertise \u2013 seit 1931.<\/h2>\t\t\t\t<\/div>\n\t\t\t\t<\/div>\n\t\t\t\t<div class=\"elementor-element elementor-element-1a7883c4 elementor-align-right animated-fast elementor-mobile-align-justify elementor-invisible elementor-widget elementor-widget-button\" data-id=\"1a7883c4\" data-element_type=\"widget\" data-e-type=\"widget\" data-settings=\"{&quot;_animation&quot;:&quot;fadeInRight&quot;,&quot;_animation_delay&quot;:200}\" data-widget_type=\"button.default\">\n\t\t\t\t<div class=\"elementor-widget-container\">\n\t\t\t\t\t\t\t\t\t<div class=\"elementor-button-wrapper\">\n\t\t\t\t\t<a class=\"elementor-button elementor-button-link elementor-size-sm\" href=\"https:\/\/wohnbedarftermin.as.me\/\" target=\"_blank\">\n\t\t\t\t\t\t<span class=\"elementor-button-content-wrapper\">\n\t\t\t\t\t\t\t\t\t<span class=\"elementor-button-text\">BERATUNGSTERMIN BUCHEN<\/span>\n\t\t\t\t\t<\/span>\n\t\t\t\t\t<\/a>\n\t\t\t\t<\/div>\n\t\t\t\t\t\t\t\t<\/div>\n\t\t\t\t<\/div>\n\t\t\t\t\t<\/div>\n\t\t\t\t<\/div>\n\t\t\t\t\t<\/div>\n\t\t\t\t<\/div>\n\t\t\t\t<\/div>","protected":false},"excerpt":{"rendered":"<p>Fachgerechte Einrichtungskonzepte wohnbedarf&nbsp;erarbeitet umfassende Einrichtungskonzepte f\u00fcr moderne Arbeitspl\u00e4tze und \u00f6ffentlich R\u00e4ume. Sei es f\u00fcr Chemie- und Pharmafirmen, Food- und Non Food Firmen oder Produktions- und Handelsbetriebe. Akustik, Beleuchtung und Ergonomie spielen dabei eine ebenso wichtige Rolle wie die M\u00f6bel selbst. Beratungstermin buchen Projekt Barry Callebaut Headquarters, Z\u00fcrich. Fotos: Peter W\u00fcrmli Wir planen Ihre R\u00e4ume\u200b Einrichtungskonzepte [&hellip;]<\/p>\n","protected":false},"author":1,"featured_media":0,"parent":9114,"menu_order":3,"comment_status":"closed","ping_status":"closed","template":"","meta":{"footnotes":""},"class_list":["post-9154","page","type-page","status-publish","hentry"],"_links":{"self":[{"href":"https:\/\/www.wohnbedarf.ch\/en\/wp-json\/wp\/v2\/pages\/9154","targetHints":{"allow":["GET"]}}],"collection":[{"href":"https:\/\/www.wohnbedarf.ch\/en\/wp-json\/wp\/v2\/pages"}],"about":[{"href":"https:\/\/www.wohnbedarf.ch\/en\/wp-json\/wp\/v2\/types\/page"}],"author":[{"embeddable":true,"href":"https:\/\/www.wohnbedarf.ch\/en\/wp-json\/wp\/v2\/users\/1"}],"replies":[{"embeddable":true,"href":"https:\/\/www.wohnbedarf.ch\/en\/wp-json\/wp\/v2\/comments?post=9154"}],"version-history":[{"count":89,"href":"https:\/\/www.wohnbedarf.ch\/en\/wp-json\/wp\/v2\/pages\/9154\/revisions"}],"predecessor-version":[{"id":25719,"href":"https:\/\/www.wohnbedarf.ch\/en\/wp-json\/wp\/v2\/pages\/9154\/revisions\/25719"}],"up":[{"embeddable":true,"href":"https:\/\/www.wohnbedarf.ch\/en\/wp-json\/wp\/v2\/pages\/9114"}],"wp:attachment":[{"href":"https:\/\/www.wohnbedarf.ch\/en\/wp-json\/wp\/v2\/media?parent=9154"}],"curies":[{"name":"wp","href":"https:\/\/api.w.org\/{rel}","templated":true}]}}