{"id":9122,"date":"2024-10-04T16:18:37","date_gmt":"2024-10-04T14:18:37","guid":{"rendered":"https:\/\/wb.gefire.org\/?page_id=9122"},"modified":"2025-04-22T16:26:39","modified_gmt":"2025-04-22T14:26:39","slug":"projektleitung","status":"publish","type":"page","link":"https:\/\/www.wohnbedarf.ch\/en\/geschaeftseinrichtung\/projektleitung\/","title":{"rendered":"Projektleitung"},"content":{"rendered":"<div data-elementor-type=\"wp-page\" data-elementor-id=\"9122\" class=\"elementor elementor-9122\" data-elementor-post-type=\"page\">\n\t\t\t\t<div class=\"elementor-element elementor-element-4c3d81e3 e-flex e-con-boxed e-con e-parent\" data-id=\"4c3d81e3\" data-element_type=\"container\" data-e-type=\"container\">\n\t\t\t\t\t<div class=\"e-con-inner\">\n\t\t\t\t<div class=\"elementor-element elementor-element-51504 elementor-widget__width-initial elementor-widget elementor-widget-heading\" data-id=\"51504\" data-element_type=\"widget\" data-e-type=\"widget\" data-widget_type=\"heading.default\">\n\t\t\t\t<div class=\"elementor-widget-container\">\n\t\t\t\t\t<div class=\"elementor-heading-title elementor-size-default\">Projektleitung<\/div>\t\t\t\t<\/div>\n\t\t\t\t<\/div>\n\t\t\t\t<div class=\"elementor-element elementor-element-3317b03d elementor-widget__width-initial elementor-widget-laptop__width-initial elementor-widget elementor-widget-heading\" data-id=\"3317b03d\" data-element_type=\"widget\" data-e-type=\"widget\" data-widget_type=\"heading.default\">\n\t\t\t\t<div class=\"elementor-widget-container\">\n\t\t\t\t\t<h1 class=\"elementor-heading-title elementor-size-default\">Projektleitung durch wohnbedarf von A bis Z<\/h1>\t\t\t\t<\/div>\n\t\t\t\t<\/div>\n\t\t<div class=\"elementor-element elementor-element-57df44c0 e-flex e-con-boxed e-con e-child\" data-id=\"57df44c0\" data-element_type=\"container\" data-e-type=\"container\">\n\t\t\t\t\t<div class=\"e-con-inner\">\n\t\t\t\t<div class=\"elementor-element elementor-element-204d5223 elementor-widget__width-initial elementor-widget-laptop__width-initial elementor-widget elementor-widget-text-editor\" data-id=\"204d5223\" data-element_type=\"widget\" data-e-type=\"widget\" data-widget_type=\"text-editor.default\">\n\t\t\t\t<div class=\"elementor-widget-container\">\n\t\t\t\t\t\t\t\t\t<p>Die Projektleitung bei der Einrichtung von Gesch\u00e4ftsr\u00e4umen durch <strong>wohnbedarf<\/strong> umfasst die Planung, Koordination und \u00dcberwachung aller notwendigen Schritte zur erfolgreichen Umsetzung eines Einrichtungsprojekts. <strong>wohnbedarf<\/strong> beginnt mit einer detaillierten Bedarfsanalyse und der Entwicklung eines massgeschneiderten Einrichtungskonzepts, gefolgt von der sorgf\u00e4ltigen Auswahl und Beschaffung von M\u00f6beln und Materialien. W\u00e4hrend der Bau- und Installationsphase sorgt <strong>wohnbedarf<\/strong> f\u00fcr eine reibungslose Zusammenarbeit aller beteiligten Gewerke und gew\u00e4hrleistet die Einhaltung von Budget und Zeitplan.<\/p><p>Buchen Sie einen unverbindlichen Termin \u2013 <strong>wohnbedarf<\/strong> unterst\u00fctzt Sie gerne bei Ihrem Projekt.<\/p>\t\t\t\t\t\t\t\t<\/div>\n\t\t\t\t<\/div>\n\t\t\t\t<div class=\"elementor-element elementor-element-1a77ba1c elementor-widget__width-initial animated-fast elementor-invisible elementor-widget elementor-widget-button\" data-id=\"1a77ba1c\" data-element_type=\"widget\" data-e-type=\"widget\" data-settings=\"{&quot;_animation&quot;:&quot;fadeIn&quot;,&quot;_animation_delay&quot;:300}\" data-widget_type=\"button.default\">\n\t\t\t\t<div class=\"elementor-widget-container\">\n\t\t\t\t\t\t\t\t\t<div class=\"elementor-button-wrapper\">\n\t\t\t\t\t<a class=\"elementor-button elementor-button-link elementor-size-sm\" href=\"https:\/\/wohnbedarftermin.as.me\/\" target=\"_blank\">\n\t\t\t\t\t\t<span class=\"elementor-button-content-wrapper\">\n\t\t\t\t\t\t\t\t\t<span class=\"elementor-button-text\">BERATUNGSTERMIN BUCHEN<\/span>\n\t\t\t\t\t<\/span>\n\t\t\t\t\t<\/a>\n\t\t\t\t<\/div>\n\t\t\t\t\t\t\t\t<\/div>\n\t\t\t\t<\/div>\n\t\t\t\t\t<\/div>\n\t\t\t\t<\/div>\n\t\t\t\t\t<\/div>\n\t\t\t\t<\/div>\n\t\t<div class=\"elementor-element elementor-element-e56d993 e-flex e-con-boxed e-con e-parent\" data-id=\"e56d993\" data-element_type=\"container\" data-e-type=\"container\" data-settings=\"{&quot;background_background&quot;:&quot;classic&quot;}\">\n\t\t\t\t\t<div class=\"e-con-inner\">\n\t\t<div class=\"elementor-element elementor-element-0e55088 e-flex e-con-boxed e-con e-child\" data-id=\"0e55088\" data-element_type=\"container\" data-e-type=\"container\">\n\t\t\t\t\t<div class=\"e-con-inner\">\n\t\t\t\t<div class=\"elementor-element elementor-element-2246242 elementor-widget__width-initial elementor-widget elementor-widget-heading\" data-id=\"2246242\" data-element_type=\"widget\" data-e-type=\"widget\" data-widget_type=\"heading.default\">\n\t\t\t\t<div class=\"elementor-widget-container\">\n\t\t\t\t\t<h2 class=\"elementor-heading-title elementor-size-default\">Effiziente Projektleitung<\/h2>\t\t\t\t<\/div>\n\t\t\t\t<\/div>\n\t\t\t\t<div class=\"elementor-element elementor-element-bd1a3f0 elementor-widget__width-initial elementor-widget elementor-widget-heading\" data-id=\"bd1a3f0\" data-element_type=\"widget\" data-e-type=\"widget\" data-widget_type=\"heading.default\">\n\t\t\t\t<div class=\"elementor-widget-container\">\n\t\t\t\t\t<h3 class=\"elementor-heading-title elementor-size-default\">Ablauf, Aufgaben und Verantwortlichkeiten: \nwohnbedarf unterst\u00fctzt Sie bei der Umsetzung<\/h3>\t\t\t\t<\/div>\n\t\t\t\t<\/div>\n\t\t\t\t<div class=\"elementor-element elementor-element-aaeadf6 elementor-widget__width-initial elementor-widget elementor-widget-text-editor\" data-id=\"aaeadf6\" data-element_type=\"widget\" data-e-type=\"widget\" data-widget_type=\"text-editor.default\">\n\t\t\t\t<div class=\"elementor-widget-container\">\n\t\t\t\t\t\t\t\t\t<p>Die Projektleitung bei der Gesch\u00e4ftseinrichtung umfasst eine Vielzahl von Aufgaben und Verantwortlichkeiten die sicherstellen, dass ein Einrichtungsprojekt erfolgreich und effizient umgesetzt wird.\u00a0<\/p>\t\t\t\t\t\t\t\t<\/div>\n\t\t\t\t<\/div>\n\t\t\t\t<div class=\"elementor-element elementor-element-ab29d94 elementor-widget elementor-widget-heading\" data-id=\"ab29d94\" data-element_type=\"widget\" data-e-type=\"widget\" data-widget_type=\"heading.default\">\n\t\t\t\t<div class=\"elementor-widget-container\">\n\t\t\t\t\t<h3 class=\"elementor-heading-title elementor-size-default\">Unsere Leistungen im \u00dcberblick:<\/h3>\t\t\t\t<\/div>\n\t\t\t\t<\/div>\n\t\t\t\t\t<\/div>\n\t\t\t\t<\/div>\n\t\t\t\t\t<\/div>\n\t\t\t\t<\/div>\n\t\t<div class=\"elementor-element elementor-element-140f75e e-flex e-con-boxed e-con e-parent\" data-id=\"140f75e\" data-element_type=\"container\" data-e-type=\"container\">\n\t\t\t\t\t<div class=\"e-con-inner\">\n\t\t<div class=\"elementor-element elementor-element-f32fea4 e-grid e-con-full e-con e-child\" data-id=\"f32fea4\" data-element_type=\"container\" data-e-type=\"container\">\n\t\t\t\t<div class=\"elementor-element elementor-element-1d5eea7 elementor-widget elementor-widget-image\" data-id=\"1d5eea7\" data-element_type=\"widget\" data-e-type=\"widget\" data-widget_type=\"image.default\">\n\t\t\t\t<div class=\"elementor-widget-container\">\n\t\t\t\t\t\t\t\t\t\t\t\t\t\t\t<img fetchpriority=\"high\" decoding=\"async\" width=\"1280\" height=\"960\" src=\"https:\/\/www.wohnbedarf.ch\/wp-content\/uploads\/project-management-2061635_1280.jpg\" class=\"attachment-full size-full wp-image-14476\" alt=\"\" srcset=\"https:\/\/www.wohnbedarf.ch\/wp-content\/uploads\/project-management-2061635_1280.jpg 1280w, https:\/\/www.wohnbedarf.ch\/wp-content\/uploads\/project-management-2061635_1280-300x225.jpg 300w, https:\/\/www.wohnbedarf.ch\/wp-content\/uploads\/project-management-2061635_1280-1024x768.jpg 1024w, https:\/\/www.wohnbedarf.ch\/wp-content\/uploads\/project-management-2061635_1280-768x576.jpg 768w\" sizes=\"(max-width: 1280px) 100vw, 1280px\" \/>\t\t\t\t\t\t\t\t\t\t\t\t\t\t\t<\/div>\n\t\t\t\t<\/div>\n\t\t\t\t<div class=\"elementor-element elementor-element-d6a7e86 elementor-widget-laptop__width-initial elementor-view-default elementor-position-block-start elementor-mobile-position-block-start elementor-widget elementor-widget-icon-box\" data-id=\"d6a7e86\" data-element_type=\"widget\" data-e-type=\"widget\" data-widget_type=\"icon-box.default\">\n\t\t\t\t<div class=\"elementor-widget-container\">\n\t\t\t\t\t\t\t<div class=\"elementor-icon-box-wrapper\">\n\n\t\t\t\t\t\t<div class=\"elementor-icon-box-icon\">\n\t\t\t\t<span  class=\"elementor-icon\">\n\t\t\t\t<svg aria-hidden=\"true\" class=\"e-font-icon-svg e-far-check-square\" viewbox=\"0 0 448 512\" xmlns=\"http:\/\/www.w3.org\/2000\/svg\"><path d=\"M400 32H48C21.49 32 0 53.49 0 80v352c0 26.51 21.49 48 48 48h352c26.51 0 48-21.49 48-48V80c0-26.51-21.49-48-48-48zm0 400H48V80h352v352zm-35.864-241.724L191.547 361.48c-4.705 4.667-12.303 4.637-16.97-.068l-90.781-91.516c-4.667-4.705-4.637-12.303.069-16.971l22.719-22.536c4.705-4.667 12.303-4.637 16.97.069l59.792 60.277 141.352-140.216c4.705-4.667 12.303-4.637 16.97.068l22.536 22.718c4.667 4.706 4.637 12.304-.068 16.971z\"><\/path><\/svg>\t\t\t\t<\/span>\n\t\t\t<\/div>\n\t\t\t\n\t\t\t\t\t\t<div class=\"elementor-icon-box-content\">\n\n\t\t\t\t\t\t\t\t\t<h4 class=\"elementor-icon-box-title\">\n\t\t\t\t\t\t<span  >\n\t\t\t\t\t\t\t1. Projektplanung und -vorbereitung\t\t\t\t\t\t<\/span>\n\t\t\t\t\t<\/h4>\n\t\t\t\t\n\t\t\t\t\t\t\t\t\t<p class=\"elementor-icon-box-description\">\n\t\t\t\t\t\tErstellung einer umfassende Bedarfsanalyse, bei der wir die spezifischen Anforderungen und W\u00fcnsche Ihres Unternehmens ermitteln. Auf dieser Basis entwickeln wir ein massgeschneidertes Einrichtungskonzept, das perfekt auf Ihre Bed\u00fcrfnisse abgestimmt ist. Gleichzeitig k\u00fcmmern wir uns um die Budgetplanung und entwickeln einen realistischen Zeitplan.\t\t\t\t\t<\/p>\n\t\t\t\t\n\t\t\t<\/div>\n\t\t\t\n\t\t<\/div>\n\t\t\t\t\t\t<\/div>\n\t\t\t\t<\/div>\n\t\t\t\t<div class=\"elementor-element elementor-element-c169781 elementor-widget elementor-widget-image\" data-id=\"c169781\" data-element_type=\"widget\" data-e-type=\"widget\" data-widget_type=\"image.default\">\n\t\t\t\t<div class=\"elementor-widget-container\">\n\t\t\t\t\t\t\t\t\t\t\t\t\t\t\t<img decoding=\"async\" width=\"1130\" height=\"849\" src=\"https:\/\/www.wohnbedarf.ch\/wp-content\/uploads\/the-interior-of-the-1508273_1280-e1720686859234.jpg\" class=\"attachment-full size-full wp-image-14477\" alt=\"\" srcset=\"https:\/\/www.wohnbedarf.ch\/wp-content\/uploads\/the-interior-of-the-1508273_1280-e1720686859234.jpg 1130w, https:\/\/www.wohnbedarf.ch\/wp-content\/uploads\/the-interior-of-the-1508273_1280-e1720686859234-300x225.jpg 300w, https:\/\/www.wohnbedarf.ch\/wp-content\/uploads\/the-interior-of-the-1508273_1280-e1720686859234-1024x769.jpg 1024w, https:\/\/www.wohnbedarf.ch\/wp-content\/uploads\/the-interior-of-the-1508273_1280-e1720686859234-768x577.jpg 768w\" sizes=\"(max-width: 1130px) 100vw, 1130px\" \/>\t\t\t\t\t\t\t\t\t\t\t\t\t\t\t<\/div>\n\t\t\t\t<\/div>\n\t\t\t\t<div class=\"elementor-element elementor-element-d64abe3 elementor-widget-laptop__width-initial elementor-view-default elementor-position-block-start elementor-mobile-position-block-start elementor-widget elementor-widget-icon-box\" data-id=\"d64abe3\" data-element_type=\"widget\" data-e-type=\"widget\" data-widget_type=\"icon-box.default\">\n\t\t\t\t<div class=\"elementor-widget-container\">\n\t\t\t\t\t\t\t<div class=\"elementor-icon-box-wrapper\">\n\n\t\t\t\t\t\t<div class=\"elementor-icon-box-icon\">\n\t\t\t\t<span  class=\"elementor-icon\">\n\t\t\t\t<svg aria-hidden=\"true\" class=\"e-font-icon-svg e-far-check-square\" viewbox=\"0 0 448 512\" xmlns=\"http:\/\/www.w3.org\/2000\/svg\"><path d=\"M400 32H48C21.49 32 0 53.49 0 80v352c0 26.51 21.49 48 48 48h352c26.51 0 48-21.49 48-48V80c0-26.51-21.49-48-48-48zm0 400H48V80h352v352zm-35.864-241.724L191.547 361.48c-4.705 4.667-12.303 4.637-16.97-.068l-90.781-91.516c-4.667-4.705-4.637-12.303.069-16.971l22.719-22.536c4.705-4.667 12.303-4.637 16.97.069l59.792 60.277 141.352-140.216c4.705-4.667 12.303-4.637 16.97.068l22.536 22.718c4.667 4.706 4.637 12.304-.068 16.971z\"><\/path><\/svg>\t\t\t\t<\/span>\n\t\t\t<\/div>\n\t\t\t\n\t\t\t\t\t\t<div class=\"elementor-icon-box-content\">\n\n\t\t\t\t\t\t\t\t\t<h4 class=\"elementor-icon-box-title\">\n\t\t\t\t\t\t<span  >\n\t\t\t\t\t\t\t2. Design und Gestaltung\t\t\t\t\t\t<\/span>\n\t\t\t\t\t<\/h4>\n\t\t\t\t\n\t\t\t\t\t\t\t\t\t<p class=\"elementor-icon-box-description\">\n\t\t\t\t\t\tEine umfassende Optimierung der Raumaufteilung und -nutzung wird erstellt, um eine effiziente und funktionale Arbeitsumgebung zu schaffen. wohnbedarf \u00fcbernimmt die Auswahl und Beschaffung von M\u00f6beln und Einrichtungsgegenst\u00e4nden. \t\t\t\t\t<\/p>\n\t\t\t\t\n\t\t\t<\/div>\n\t\t\t\n\t\t<\/div>\n\t\t\t\t\t\t<\/div>\n\t\t\t\t<\/div>\n\t\t\t\t<div class=\"elementor-element elementor-element-e3847d5 elementor-widget elementor-widget-image\" data-id=\"e3847d5\" data-element_type=\"widget\" data-e-type=\"widget\" data-widget_type=\"image.default\">\n\t\t\t\t<div class=\"elementor-widget-container\">\n\t\t\t\t\t\t\t\t\t\t\t\t\t\t\t<img decoding=\"async\" width=\"934\" height=\"701\" src=\"https:\/\/www.wohnbedarf.ch\/wp-content\/uploads\/wohnbedarf-LaPalma-Sof-1-e1720686917501.jpg\" class=\"attachment-full size-full wp-image-14616\" alt=\"\" srcset=\"https:\/\/www.wohnbedarf.ch\/wp-content\/uploads\/wohnbedarf-LaPalma-Sof-1-e1720686917501.jpg 934w, https:\/\/www.wohnbedarf.ch\/wp-content\/uploads\/wohnbedarf-LaPalma-Sof-1-e1720686917501-300x225.jpg 300w, https:\/\/www.wohnbedarf.ch\/wp-content\/uploads\/wohnbedarf-LaPalma-Sof-1-e1720686917501-768x576.jpg 768w\" sizes=\"(max-width: 934px) 100vw, 934px\" \/>\t\t\t\t\t\t\t\t\t\t\t\t\t\t\t<\/div>\n\t\t\t\t<\/div>\n\t\t\t\t<div class=\"elementor-element elementor-element-8c86d13 elementor-widget-laptop__width-initial elementor-view-default elementor-position-block-start elementor-mobile-position-block-start elementor-widget elementor-widget-icon-box\" data-id=\"8c86d13\" data-element_type=\"widget\" data-e-type=\"widget\" data-widget_type=\"icon-box.default\">\n\t\t\t\t<div class=\"elementor-widget-container\">\n\t\t\t\t\t\t\t<div class=\"elementor-icon-box-wrapper\">\n\n\t\t\t\t\t\t<div class=\"elementor-icon-box-icon\">\n\t\t\t\t<span  class=\"elementor-icon\">\n\t\t\t\t<svg aria-hidden=\"true\" class=\"e-font-icon-svg e-far-check-square\" viewbox=\"0 0 448 512\" xmlns=\"http:\/\/www.w3.org\/2000\/svg\"><path d=\"M400 32H48C21.49 32 0 53.49 0 80v352c0 26.51 21.49 48 48 48h352c26.51 0 48-21.49 48-48V80c0-26.51-21.49-48-48-48zm0 400H48V80h352v352zm-35.864-241.724L191.547 361.48c-4.705 4.667-12.303 4.637-16.97-.068l-90.781-91.516c-4.667-4.705-4.637-12.303.069-16.971l22.719-22.536c4.705-4.667 12.303-4.637 16.97.069l59.792 60.277 141.352-140.216c4.705-4.667 12.303-4.637 16.97.068l22.536 22.718c4.667 4.706 4.637 12.304-.068 16.971z\"><\/path><\/svg>\t\t\t\t<\/span>\n\t\t\t<\/div>\n\t\t\t\n\t\t\t\t\t\t<div class=\"elementor-icon-box-content\">\n\n\t\t\t\t\t\t\t\t\t<h4 class=\"elementor-icon-box-title\">\n\t\t\t\t\t\t<span  >\n\t\t\t\t\t\t\t3. Koordination und Management\t\t\t\t\t\t<\/span>\n\t\t\t\t\t<\/h4>\n\t\t\t\t\n\t\t\t\t\t\t\t\t\t<p class=\"elementor-icon-box-description\">\n\t\t\t\t\t\tDas Serviceangebot beginnt mit dem Lieferantenmanagement, mit welchem die Auswahl und Koordination von Lieferanten und Dienstleistern \u00fcbernommen wird. Ebenfalls k\u00fcmmert sich wohnbedarf um die komplette Logistik. W\u00e4hrend der Bauphase sorgt wohnbedarf f\u00fcr die \u00dcberwachung und Koordination der Bauarbeiten vor Ort.\t\t\t\t\t<\/p>\n\t\t\t\t\n\t\t\t<\/div>\n\t\t\t\n\t\t<\/div>\n\t\t\t\t\t\t<\/div>\n\t\t\t\t<\/div>\n\t\t\t\t<div class=\"elementor-element elementor-element-6779185 elementor-widget elementor-widget-image\" data-id=\"6779185\" data-element_type=\"widget\" data-e-type=\"widget\" data-widget_type=\"image.default\">\n\t\t\t\t<div class=\"elementor-widget-container\">\n\t\t\t\t\t\t\t\t\t\t\t\t\t\t\t<img loading=\"lazy\" decoding=\"async\" width=\"2274\" height=\"1706\" src=\"https:\/\/www.wohnbedarf.ch\/wp-content\/uploads\/wohnbedarf-Baustelle-Projektplanung-scaled-e1720707404406.jpg\" class=\"attachment-full size-full wp-image-15166\" alt=\"\" srcset=\"https:\/\/www.wohnbedarf.ch\/wp-content\/uploads\/wohnbedarf-Baustelle-Projektplanung-scaled-e1720707404406.jpg 2274w, https:\/\/www.wohnbedarf.ch\/wp-content\/uploads\/wohnbedarf-Baustelle-Projektplanung-scaled-e1720707404406-300x225.jpg 300w, https:\/\/www.wohnbedarf.ch\/wp-content\/uploads\/wohnbedarf-Baustelle-Projektplanung-scaled-e1720707404406-1024x768.jpg 1024w, https:\/\/www.wohnbedarf.ch\/wp-content\/uploads\/wohnbedarf-Baustelle-Projektplanung-scaled-e1720707404406-768x576.jpg 768w, https:\/\/www.wohnbedarf.ch\/wp-content\/uploads\/wohnbedarf-Baustelle-Projektplanung-scaled-e1720707404406-1536x1152.jpg 1536w, https:\/\/www.wohnbedarf.ch\/wp-content\/uploads\/wohnbedarf-Baustelle-Projektplanung-scaled-e1720707404406-2048x1536.jpg 2048w\" sizes=\"(max-width: 2274px) 100vw, 2274px\" \/>\t\t\t\t\t\t\t\t\t\t\t\t\t\t\t<\/div>\n\t\t\t\t<\/div>\n\t\t\t\t<div class=\"elementor-element elementor-element-1c874ee elementor-widget-laptop__width-initial elementor-view-default elementor-position-block-start elementor-mobile-position-block-start elementor-widget elementor-widget-icon-box\" data-id=\"1c874ee\" data-element_type=\"widget\" data-e-type=\"widget\" data-widget_type=\"icon-box.default\">\n\t\t\t\t<div class=\"elementor-widget-container\">\n\t\t\t\t\t\t\t<div class=\"elementor-icon-box-wrapper\">\n\n\t\t\t\t\t\t<div class=\"elementor-icon-box-icon\">\n\t\t\t\t<span  class=\"elementor-icon\">\n\t\t\t\t<svg aria-hidden=\"true\" class=\"e-font-icon-svg e-far-check-square\" viewbox=\"0 0 448 512\" xmlns=\"http:\/\/www.w3.org\/2000\/svg\"><path d=\"M400 32H48C21.49 32 0 53.49 0 80v352c0 26.51 21.49 48 48 48h352c26.51 0 48-21.49 48-48V80c0-26.51-21.49-48-48-48zm0 400H48V80h352v352zm-35.864-241.724L191.547 361.48c-4.705 4.667-12.303 4.637-16.97-.068l-90.781-91.516c-4.667-4.705-4.637-12.303.069-16.971l22.719-22.536c4.705-4.667 12.303-4.637 16.97.069l59.792 60.277 141.352-140.216c4.705-4.667 12.303-4.637 16.97.068l22.536 22.718c4.667 4.706 4.637 12.304-.068 16.971z\"><\/path><\/svg>\t\t\t\t<\/span>\n\t\t\t<\/div>\n\t\t\t\n\t\t\t\t\t\t<div class=\"elementor-icon-box-content\">\n\n\t\t\t\t\t\t\t\t\t<h4 class=\"elementor-icon-box-title\">\n\t\t\t\t\t\t<span  >\n\t\t\t\t\t\t\t4. Implementierung und Realisierung\t\t\t\t\t\t<\/span>\n\t\t\t\t\t<\/h4>\n\t\t\t\t\n\t\t\t\t\t\t\t\t\t<p class=\"elementor-icon-box-description\">\n\t\t\t\t\t\tDazu geh\u00f6rt die Koordination aller beteiligten Gewerke, die \u00dcberwachung der Bau- und Installationsarbeiten sowie die Einhaltung von Budget und Zeitplan. wohnbedarf sorgt daf\u00fcr, dass die Arbeiten qualitativ hochwertig und termingerecht abgeschlossen werden. So wird sichergestellt, dass das Projekt erfolgreich und zur vollen Zufriedenheit aller Parteien abgeschlossen wird.\t\t\t\t\t<\/p>\n\t\t\t\t\n\t\t\t<\/div>\n\t\t\t\n\t\t<\/div>\n\t\t\t\t\t\t<\/div>\n\t\t\t\t<\/div>\n\t\t\t\t<div class=\"elementor-element elementor-element-6bf38d2 elementor-widget elementor-widget-image\" data-id=\"6bf38d2\" data-element_type=\"widget\" data-e-type=\"widget\" data-widget_type=\"image.default\">\n\t\t\t\t<div class=\"elementor-widget-container\">\n\t\t\t\t\t\t\t\t\t\t\t\t\t\t\t<img loading=\"lazy\" decoding=\"async\" width=\"1438\" height=\"1079\" src=\"https:\/\/www.wohnbedarf.ch\/wp-content\/uploads\/69138371-e1720707635823.jpg\" class=\"attachment-full size-full wp-image-14615\" alt=\"\" srcset=\"https:\/\/www.wohnbedarf.ch\/wp-content\/uploads\/69138371-e1720707635823.jpg 1438w, https:\/\/www.wohnbedarf.ch\/wp-content\/uploads\/69138371-e1720707635823-300x225.jpg 300w, https:\/\/www.wohnbedarf.ch\/wp-content\/uploads\/69138371-e1720707635823-1024x768.jpg 1024w, https:\/\/www.wohnbedarf.ch\/wp-content\/uploads\/69138371-e1720707635823-768x576.jpg 768w\" sizes=\"(max-width: 1438px) 100vw, 1438px\" \/>\t\t\t\t\t\t\t\t\t\t\t\t\t\t\t<\/div>\n\t\t\t\t<\/div>\n\t\t\t\t<\/div>\n\t\t\t\t\t<\/div>\n\t\t\t\t<\/div>\n\t\t<div class=\"elementor-element elementor-element-1b571c2 e-flex e-con-boxed e-con e-parent\" data-id=\"1b571c2\" data-element_type=\"container\" data-e-type=\"container\" data-settings=\"{&quot;background_background&quot;:&quot;classic&quot;}\">\n\t\t\t\t\t<div class=\"e-con-inner\">\n\t\t<div class=\"elementor-element elementor-element-54be383 e-flex e-con-boxed e-con e-child\" data-id=\"54be383\" data-element_type=\"container\" data-e-type=\"container\">\n\t\t\t\t\t<div class=\"e-con-inner\">\n\t\t\t\t<div class=\"elementor-element elementor-element-6dc54ed elementor-widget elementor-widget-video\" data-id=\"6dc54ed\" data-element_type=\"widget\" data-e-type=\"widget\" data-settings=\"{&quot;youtube_url&quot;:&quot;https:\\\/\\\/www.youtube.com\\\/watch?v=R6s94UItDOA&quot;,&quot;video_type&quot;:&quot;youtube&quot;,&quot;controls&quot;:&quot;yes&quot;}\" data-widget_type=\"video.default\">\n\t\t\t\t<div class=\"elementor-widget-container\">\n\t\t\t\t\t\t\t<div class=\"elementor-wrapper elementor-open-inline\">\n\t\t\t<div class=\"elementor-video\"><\/div>\t\t<\/div>\n\t\t\t\t\t\t<\/div>\n\t\t\t\t<\/div>\n\t\t\t\t\t<\/div>\n\t\t\t\t<\/div>\n\t\t\t\t\t<\/div>\n\t\t\t\t<\/div>\n\t\t<div class=\"elementor-element elementor-element-70ad2068 e-flex e-con-boxed e-con e-parent\" data-id=\"70ad2068\" data-element_type=\"container\" data-e-type=\"container\" data-settings=\"{&quot;background_background&quot;:&quot;classic&quot;}\">\n\t\t\t\t\t<div class=\"e-con-inner\">\n\t\t<div class=\"elementor-element elementor-element-76be3e7f e-flex e-con-boxed e-con e-child\" data-id=\"76be3e7f\" data-element_type=\"container\" data-e-type=\"container\">\n\t\t\t\t\t<div class=\"e-con-inner\">\n\t\t\t\t<div class=\"elementor-element elementor-element-35ba68b7 elementor-widget__width-initial animated-fast elementor-invisible elementor-widget elementor-widget-heading\" data-id=\"35ba68b7\" data-element_type=\"widget\" data-e-type=\"widget\" data-settings=\"{&quot;_animation&quot;:&quot;fadeInLeft&quot;}\" data-widget_type=\"heading.default\">\n\t\t\t\t<div class=\"elementor-widget-container\">\n\t\t\t\t\t<h2 class=\"elementor-heading-title elementor-size-default\">wohnbedarf plant und richtet Ihre R\u00e4ume ein.\nMit Leidenschaft und Expertise \u2013 seit 1931.<\/h2>\t\t\t\t<\/div>\n\t\t\t\t<\/div>\n\t\t\t\t<div class=\"elementor-element elementor-element-1a7883c4 elementor-align-right animated-fast elementor-mobile-align-justify elementor-invisible elementor-widget elementor-widget-button\" data-id=\"1a7883c4\" data-element_type=\"widget\" data-e-type=\"widget\" data-settings=\"{&quot;_animation&quot;:&quot;fadeInRight&quot;,&quot;_animation_delay&quot;:200}\" data-widget_type=\"button.default\">\n\t\t\t\t<div class=\"elementor-widget-container\">\n\t\t\t\t\t\t\t\t\t<div class=\"elementor-button-wrapper\">\n\t\t\t\t\t<a class=\"elementor-button elementor-button-link elementor-size-sm\" href=\"https:\/\/wohnbedarftermin.as.me\/\" target=\"_blank\">\n\t\t\t\t\t\t<span class=\"elementor-button-content-wrapper\">\n\t\t\t\t\t\t\t\t\t<span class=\"elementor-button-text\">BERATUNGSTERMIN BUCHEN<\/span>\n\t\t\t\t\t<\/span>\n\t\t\t\t\t<\/a>\n\t\t\t\t<\/div>\n\t\t\t\t\t\t\t\t<\/div>\n\t\t\t\t<\/div>\n\t\t\t\t\t<\/div>\n\t\t\t\t<\/div>\n\t\t\t\t\t<\/div>\n\t\t\t\t<\/div>\n\t\t\t\t<\/div>","protected":false},"excerpt":{"rendered":"<p>Projektleitung durch wohnbedarf von A bis Z Die Projektleitung bei der Einrichtung von Gesch\u00e4ftsr\u00e4umen durch wohnbedarf umfasst die Planung, Koordination und \u00dcberwachung aller notwendigen Schritte zur erfolgreichen Umsetzung eines Einrichtungsprojekts. wohnbedarf beginnt mit einer detaillierten Bedarfsanalyse und der Entwicklung eines massgeschneiderten Einrichtungskonzepts, gefolgt von der sorgf\u00e4ltigen Auswahl und Beschaffung von M\u00f6beln und Materialien. W\u00e4hrend der [&hellip;]<\/p>\n","protected":false},"author":1,"featured_media":15166,"parent":9110,"menu_order":2,"comment_status":"closed","ping_status":"closed","template":"","meta":{"footnotes":""},"class_list":["post-9122","page","type-page","status-publish","has-post-thumbnail","hentry"],"_links":{"self":[{"href":"https:\/\/www.wohnbedarf.ch\/en\/wp-json\/wp\/v2\/pages\/9122","targetHints":{"allow":["GET"]}}],"collection":[{"href":"https:\/\/www.wohnbedarf.ch\/en\/wp-json\/wp\/v2\/pages"}],"about":[{"href":"https:\/\/www.wohnbedarf.ch\/en\/wp-json\/wp\/v2\/types\/page"}],"author":[{"embeddable":true,"href":"https:\/\/www.wohnbedarf.ch\/en\/wp-json\/wp\/v2\/users\/1"}],"replies":[{"embeddable":true,"href":"https:\/\/www.wohnbedarf.ch\/en\/wp-json\/wp\/v2\/comments?post=9122"}],"version-history":[{"count":130,"href":"https:\/\/www.wohnbedarf.ch\/en\/wp-json\/wp\/v2\/pages\/9122\/revisions"}],"predecessor-version":[{"id":21545,"href":"https:\/\/www.wohnbedarf.ch\/en\/wp-json\/wp\/v2\/pages\/9122\/revisions\/21545"}],"up":[{"embeddable":true,"href":"https:\/\/www.wohnbedarf.ch\/en\/wp-json\/wp\/v2\/pages\/9110"}],"wp:featuredmedia":[{"embeddable":true,"href":"https:\/\/www.wohnbedarf.ch\/en\/wp-json\/wp\/v2\/media\/15166"}],"wp:attachment":[{"href":"https:\/\/www.wohnbedarf.ch\/en\/wp-json\/wp\/v2\/media?parent=9122"}],"curies":[{"name":"wp","href":"https:\/\/api.w.org\/{rel}","templated":true}]}}