{"id":17404,"date":"2024-10-04T16:20:32","date_gmt":"2024-10-04T14:20:32","guid":{"rendered":"https:\/\/wb.gefire.org\/?page_id=17404"},"modified":"2025-08-22T15:48:24","modified_gmt":"2025-08-22T13:48:24","slug":"akustik-raum-in-raum-loesungen","status":"publish","type":"page","link":"https:\/\/www.wohnbedarf.ch\/en\/geschaeftseinrichtung\/akustik-raum-in-raum-loesungen\/","title":{"rendered":"Akustik"},"content":{"rendered":"<div data-elementor-type=\"wp-page\" data-elementor-id=\"17404\" class=\"elementor elementor-17404\" data-elementor-post-type=\"page\">\n\t\t\t\t<div class=\"elementor-element elementor-element-4c3d81e3 e-flex e-con-boxed e-con e-parent\" data-id=\"4c3d81e3\" data-element_type=\"container\" data-e-type=\"container\">\n\t\t\t\t\t<div class=\"e-con-inner\">\n\t\t<div class=\"elementor-element elementor-element-57df44c0 e-flex e-con-boxed e-con e-child\" data-id=\"57df44c0\" data-element_type=\"container\" data-e-type=\"container\">\n\t\t\t\t\t<div class=\"e-con-inner\">\n\t\t\t\t<div class=\"elementor-element elementor-element-51504 elementor-widget__width-initial elementor-widget elementor-widget-heading\" data-id=\"51504\" data-element_type=\"widget\" data-e-type=\"widget\" data-widget_type=\"heading.default\">\n\t\t\t\t<div class=\"elementor-widget-container\">\n\t\t\t\t\t<div class=\"elementor-heading-title elementor-size-default\">Akustik<\/div>\t\t\t\t<\/div>\n\t\t\t\t<\/div>\n\t\t\t\t<div class=\"elementor-element elementor-element-3317b03d elementor-widget__width-initial elementor-widget elementor-widget-heading\" data-id=\"3317b03d\" data-element_type=\"widget\" data-e-type=\"widget\" data-widget_type=\"heading.default\">\n\t\t\t\t<div class=\"elementor-widget-container\">\n\t\t\t\t\t<h1 class=\"elementor-heading-title elementor-size-default\">Optimale Akustik f\u00fcr Effizienz und Wohlbefinden<\/h1>\t\t\t\t<\/div>\n\t\t\t\t<\/div>\n\t\t\t\t<div class=\"elementor-element elementor-element-204d5223 elementor-widget__width-initial elementor-widget elementor-widget-text-editor\" data-id=\"204d5223\" data-element_type=\"widget\" data-e-type=\"widget\" data-widget_type=\"text-editor.default\">\n\t\t\t\t<div class=\"elementor-widget-container\">\n\t\t\t\t\t\t\t\t\t<p>Offene R\u00e4ume und neue Trends in der Arbeitswelt wie Co-Working haben zur Folge, dass auch neue Wege in der Akustik und im Umgang mit L\u00e4rmquellen beschritten werden m\u00fcssen. Eine laute Umgebung wird in vielen Lebensbereichen zunehmend als Bel\u00e4stigung oder gar St\u00f6rung empfunden, im privaten wie auch im beruflichen Umfeld. Sei es, dass der Lernerfolg in Schulen durch schlechte akustische Bedingungen gemindert oder auch die Arbeitseffizienz im B\u00fcro gest\u00f6rt wird, h\u00e4ufig liegt die Ursache in nicht angemessen akustischen Bedingungen.<\/p><p>wohnbedarf besch\u00e4ftigt sich seit vielen Jahren mit den verschiedensten L\u00f6sungen rund um das Thema Akustik. Zusammen mit unseren Lieferant:innen setzt wohnbedarf in diesem Bereich hervorragende Konzepte um und innovative Produkte ein. Damit werden den Kund:innen individuelle L\u00f6sungen angeboten, aber auch Varianten f\u00fcr verschiedenste Situationen.<\/p><p>Gerne beraten wir Sie ausf\u00fchrlich zum Thema Akustik an einem unserer <strong>Standorte <\/strong>in<strong> Z\u00fcrich <\/strong>und<strong> Basel<\/strong><strong>.<\/strong><\/p>\t\t\t\t\t\t\t\t<\/div>\n\t\t\t\t<\/div>\n\t\t\t\t<div class=\"elementor-element elementor-element-1a77ba1c elementor-widget__width-initial animated-fast elementor-invisible elementor-widget elementor-widget-button\" data-id=\"1a77ba1c\" data-element_type=\"widget\" data-e-type=\"widget\" data-settings=\"{&quot;_animation&quot;:&quot;fadeIn&quot;,&quot;_animation_delay&quot;:300}\" data-widget_type=\"button.default\">\n\t\t\t\t<div class=\"elementor-widget-container\">\n\t\t\t\t\t\t\t\t\t<div class=\"elementor-button-wrapper\">\n\t\t\t\t\t<a class=\"elementor-button elementor-button-link elementor-size-sm\" href=\"https:\/\/wohnbedarftermin.as.me\/\">\n\t\t\t\t\t\t<span class=\"elementor-button-content-wrapper\">\n\t\t\t\t\t\t\t\t\t<span class=\"elementor-button-text\">BERATUNGSTERMIN BUCHEN<\/span>\n\t\t\t\t\t<\/span>\n\t\t\t\t\t<\/a>\n\t\t\t\t<\/div>\n\t\t\t\t\t\t\t\t<\/div>\n\t\t\t\t<\/div>\n\t\t\t\t\t<\/div>\n\t\t\t\t<\/div>\n\t\t\t\t\t<\/div>\n\t\t\t\t<\/div>\n\t\t<div class=\"elementor-element elementor-element-e56d993 e-flex e-con-boxed e-con e-parent\" data-id=\"e56d993\" data-element_type=\"container\" data-e-type=\"container\" data-settings=\"{&quot;background_background&quot;:&quot;classic&quot;}\">\n\t\t\t\t\t<div class=\"e-con-inner\">\n\t\t<div class=\"elementor-element elementor-element-0e55088 e-flex e-con-boxed e-con e-child\" data-id=\"0e55088\" data-element_type=\"container\" data-e-type=\"container\">\n\t\t\t\t\t<div class=\"e-con-inner\">\n\t\t\t\t<div class=\"elementor-element elementor-element-2028f35 elementor-widget elementor-widget-heading\" data-id=\"2028f35\" data-element_type=\"widget\" data-e-type=\"widget\" data-widget_type=\"heading.default\">\n\t\t\t\t<div class=\"elementor-widget-container\">\n\t\t\t\t\t<h2 class=\"elementor-heading-title elementor-size-default\">Akustikl\u00f6sungen<\/h2>\t\t\t\t<\/div>\n\t\t\t\t<\/div>\n\t\t\t\t<div class=\"elementor-element elementor-element-2d78dcb elementor-widget elementor-widget-text-editor\" data-id=\"2d78dcb\" data-element_type=\"widget\" data-e-type=\"widget\" data-widget_type=\"text-editor.default\">\n\t\t\t\t<div class=\"elementor-widget-container\">\n\t\t\t\t\t\t\t\t\t<p>Akustikl\u00f6sungen f\u00fcr Gesch\u00e4ftsr\u00e4ume verbessern die Produktivit\u00e4t und das Wohlbefinden der Mitarbeiter:innen, indem sie L\u00e4rm reduzieren und eine ruhige, konzentrierte Arbeitsumgebung schaffen.<\/p>\t\t\t\t\t\t\t\t<\/div>\n\t\t\t\t<\/div>\n\t\t\t\t<div class=\"elementor-element elementor-element-bd1a3f0 elementor-widget__width-initial elementor-widget elementor-widget-heading\" data-id=\"bd1a3f0\" data-element_type=\"widget\" data-e-type=\"widget\" data-widget_type=\"heading.default\">\n\t\t\t\t<div class=\"elementor-widget-container\">\n\t\t\t\t\t<h3 class=\"elementor-heading-title elementor-size-default\">Unsere Leistungen im \u00dcberblick:<\/h3>\t\t\t\t<\/div>\n\t\t\t\t<\/div>\n\t\t\t\t\t<\/div>\n\t\t\t\t<\/div>\n\t\t\t\t\t<\/div>\n\t\t\t\t<\/div>\n\t\t<div class=\"elementor-element elementor-element-41cc265 e-con-full e-flex e-con e-parent\" data-id=\"41cc265\" data-element_type=\"container\" data-e-type=\"container\">\n\t\t<div class=\"elementor-element elementor-element-3faf6f6 e-flex e-con-boxed e-con e-child\" data-id=\"3faf6f6\" data-element_type=\"container\" data-e-type=\"container\">\n\t\t\t\t\t<div class=\"e-con-inner\">\n\t\t<div class=\"elementor-element elementor-element-a6292e6 e-grid e-con-full e-con e-child\" data-id=\"a6292e6\" data-element_type=\"container\" data-e-type=\"container\">\n\t\t\t\t<div class=\"elementor-element elementor-element-d151829 elementor-view-stacked elementor-shape-circle elementor-position-block-start elementor-mobile-position-block-start elementor-widget elementor-widget-icon-box\" data-id=\"d151829\" data-element_type=\"widget\" data-e-type=\"widget\" data-widget_type=\"icon-box.default\">\n\t\t\t\t<div class=\"elementor-widget-container\">\n\t\t\t\t\t\t\t<div class=\"elementor-icon-box-wrapper\">\n\n\t\t\t\t\t\t<div class=\"elementor-icon-box-icon\">\n\t\t\t\t<span  class=\"elementor-icon\">\n\t\t\t\t<i aria-hidden=\"true\" class=\"iconwb icon-wb035-edit\"><\/i>\t\t\t\t<\/span>\n\t\t\t<\/div>\n\t\t\t\n\t\t\t\t\t\t<div class=\"elementor-icon-box-content\">\n\n\t\t\t\t\t\t\t\t\t<h4 class=\"elementor-icon-box-title\">\n\t\t\t\t\t\t<span  >\n\t\t\t\t\t\t\tBestandsaufnahme\t\t\t\t\t\t<\/span>\n\t\t\t\t\t<\/h4>\n\t\t\t\t\n\t\t\t\t\t\t\t\t\t<p class=\"elementor-icon-box-description\">\n\t\t\t\t\t\twohnbedarf beginnt mit einer umfassenden Bestandesaufnahme und Analyse der bestehenden akustischen Bedingungen in Ihren Gesch\u00e4ftsr\u00e4umen. Dies umfasst Messungen des L\u00e4rmpegels, der Nachhallzeiten und der Raumakustik.\t\t\t\t\t<\/p>\n\t\t\t\t\n\t\t\t<\/div>\n\t\t\t\n\t\t<\/div>\n\t\t\t\t\t\t<\/div>\n\t\t\t\t<\/div>\n\t\t\t\t<div class=\"elementor-element elementor-element-3b67b8f elementor-widget elementor-widget-image\" data-id=\"3b67b8f\" data-element_type=\"widget\" data-e-type=\"widget\" data-widget_type=\"image.default\">\n\t\t\t\t<div class=\"elementor-widget-container\">\n\t\t\t\t\t\t\t\t\t\t\t\t\t\t\t<img fetchpriority=\"high\" decoding=\"async\" width=\"768\" height=\"768\" src=\"https:\/\/www.wohnbedarf.ch\/wp-content\/uploads\/wohnbedarf-Geschaeftsreinrichtung-e1726211575308-768x768.jpg\" class=\"attachment-medium_large size-medium_large wp-image-17537\" alt=\"\" srcset=\"https:\/\/www.wohnbedarf.ch\/wp-content\/uploads\/wohnbedarf-Geschaeftsreinrichtung-e1726211575308-768x768.jpg 768w, https:\/\/www.wohnbedarf.ch\/wp-content\/uploads\/wohnbedarf-Geschaeftsreinrichtung-e1726211575308-300x300.jpg 300w, https:\/\/www.wohnbedarf.ch\/wp-content\/uploads\/wohnbedarf-Geschaeftsreinrichtung-e1726211575308-150x150.jpg 150w, https:\/\/www.wohnbedarf.ch\/wp-content\/uploads\/wohnbedarf-Geschaeftsreinrichtung-e1726211575308.jpg 800w\" sizes=\"(max-width: 768px) 100vw, 768px\" \/>\t\t\t\t\t\t\t\t\t\t\t\t\t\t\t<\/div>\n\t\t\t\t<\/div>\n\t\t\t\t<div class=\"elementor-element elementor-element-1bf9c8c elementor-view-stacked elementor-shape-circle elementor-position-block-start elementor-mobile-position-block-start elementor-widget elementor-widget-icon-box\" data-id=\"1bf9c8c\" data-element_type=\"widget\" data-e-type=\"widget\" data-widget_type=\"icon-box.default\">\n\t\t\t\t<div class=\"elementor-widget-container\">\n\t\t\t\t\t\t\t<div class=\"elementor-icon-box-wrapper\">\n\n\t\t\t\t\t\t<div class=\"elementor-icon-box-icon\">\n\t\t\t\t<span  class=\"elementor-icon\">\n\t\t\t\t<svg aria-hidden=\"true\" class=\"e-font-icon-svg e-fas-music\" viewbox=\"0 0 512 512\" xmlns=\"http:\/\/www.w3.org\/2000\/svg\"><path d=\"M470.38 1.51L150.41 96A32 32 0 0 0 128 126.51v261.41A139 139 0 0 0 96 384c-53 0-96 28.66-96 64s43 64 96 64 96-28.66 96-64V214.32l256-75v184.61a138.4 138.4 0 0 0-32-3.93c-53 0-96 28.66-96 64s43 64 96 64 96-28.65 96-64V32a32 32 0 0 0-41.62-30.49z\"><\/path><\/svg>\t\t\t\t<\/span>\n\t\t\t<\/div>\n\t\t\t\n\t\t\t\t\t\t<div class=\"elementor-icon-box-content\">\n\n\t\t\t\t\t\t\t\t\t<h4 class=\"elementor-icon-box-title\">\n\t\t\t\t\t\t<span  >\n\t\t\t\t\t\t\tAkustische Analyse\t\t\t\t\t\t<\/span>\n\t\t\t\t\t<\/h4>\n\t\t\t\t\n\t\t\t\t\t\t\t\t\t<p class=\"elementor-icon-box-description\">\n\t\t\t\t\t\tAuf Basis der Daten aus der Bestandesaufnahme werden die akustischen Schwachstellen identifiziert und spezifische Anforderungen f\u00fcr die Optimierung definiert. Diese akustische Analyse bildet die Grundlage f\u00fcr Ihren massgeschneiderten Akustikplan.\t\t\t\t\t<\/p>\n\t\t\t\t\n\t\t\t<\/div>\n\t\t\t\n\t\t<\/div>\n\t\t\t\t\t\t<\/div>\n\t\t\t\t<\/div>\n\t\t\t\t<div class=\"elementor-element elementor-element-0bc4add elementor-widget elementor-widget-image\" data-id=\"0bc4add\" data-element_type=\"widget\" data-e-type=\"widget\" data-widget_type=\"image.default\">\n\t\t\t\t<div class=\"elementor-widget-container\">\n\t\t\t\t\t\t\t\t\t\t\t\t\t\t\t<img decoding=\"async\" width=\"700\" height=\"700\" src=\"https:\/\/www.wohnbedarf.ch\/wp-content\/uploads\/sky-ceiling-and-wall-tiles-with-chair-and-plant-on-floor1280x700.jpg\" class=\"attachment-medium_large size-medium_large wp-image-24496\" alt=\"\" srcset=\"https:\/\/www.wohnbedarf.ch\/wp-content\/uploads\/sky-ceiling-and-wall-tiles-with-chair-and-plant-on-floor1280x700.jpg 700w, https:\/\/www.wohnbedarf.ch\/wp-content\/uploads\/sky-ceiling-and-wall-tiles-with-chair-and-plant-on-floor1280x700-300x300.jpg 300w, https:\/\/www.wohnbedarf.ch\/wp-content\/uploads\/sky-ceiling-and-wall-tiles-with-chair-and-plant-on-floor1280x700-150x150.jpg 150w\" sizes=\"(max-width: 700px) 100vw, 700px\" \/>\t\t\t\t\t\t\t\t\t\t\t\t\t\t\t<\/div>\n\t\t\t\t<\/div>\n\t\t\t\t<div class=\"elementor-element elementor-element-41faf27 elementor-view-stacked elementor-shape-circle elementor-position-block-start elementor-mobile-position-block-start elementor-widget elementor-widget-icon-box\" data-id=\"41faf27\" data-element_type=\"widget\" data-e-type=\"widget\" data-widget_type=\"icon-box.default\">\n\t\t\t\t<div class=\"elementor-widget-container\">\n\t\t\t\t\t\t\t<div class=\"elementor-icon-box-wrapper\">\n\n\t\t\t\t\t\t<div class=\"elementor-icon-box-icon\">\n\t\t\t\t<span  class=\"elementor-icon\">\n\t\t\t\t<svg aria-hidden=\"true\" class=\"e-font-icon-svg e-fas-volume-down\" viewbox=\"0 0 384 512\" xmlns=\"http:\/\/www.w3.org\/2000\/svg\"><path d=\"M215.03 72.04L126.06 161H24c-13.26 0-24 10.74-24 24v144c0 13.25 10.74 24 24 24h102.06l88.97 88.95c15.03 15.03 40.97 4.47 40.97-16.97V89.02c0-21.47-25.96-31.98-40.97-16.98zm123.2 108.08c-11.58-6.33-26.19-2.16-32.61 9.45-6.39 11.61-2.16 26.2 9.45 32.61C327.98 229.28 336 242.62 336 257c0 14.38-8.02 27.72-20.92 34.81-11.61 6.41-15.84 21-9.45 32.61 6.43 11.66 21.05 15.8 32.61 9.45 28.23-15.55 45.77-45 45.77-76.88s-17.54-61.32-45.78-76.87z\"><\/path><\/svg>\t\t\t\t<\/span>\n\t\t\t<\/div>\n\t\t\t\n\t\t\t\t\t\t<div class=\"elementor-icon-box-content\">\n\n\t\t\t\t\t\t\t\t\t<h4 class=\"elementor-icon-box-title\">\n\t\t\t\t\t\t<span  >\n\t\t\t\t\t\t\tEntwicklung eines massgeschneiderten Akustikplans\t\t\t\t\t\t<\/span>\n\t\t\t\t\t<\/h4>\n\t\t\t\t\n\t\t\t\t\t\t\t\t\t<p class=\"elementor-icon-box-description\">\n\t\t\t\t\t\twohnbedarf erstellt  einen detaillierten Akustikplan, der auf Ihre spezifischen Bed\u00fcrfnisse abgestimmt ist. Dieser Plan umfasst Empfehlungen f\u00fcr akustische Massnahmen wie Schalld\u00e4mmung, Schallabsorption und Schallverteilung, um die Raumakustik zu verbessern und den Komfort zu erh\u00f6hen.\t\t\t\t\t<\/p>\n\t\t\t\t\n\t\t\t<\/div>\n\t\t\t\n\t\t<\/div>\n\t\t\t\t\t\t<\/div>\n\t\t\t\t<\/div>\n\t\t\t\t<div class=\"elementor-element elementor-element-73feeea elementor-widget elementor-widget-image\" data-id=\"73feeea\" data-element_type=\"widget\" data-e-type=\"widget\" data-widget_type=\"image.default\">\n\t\t\t\t<div class=\"elementor-widget-container\">\n\t\t\t\t\t\t\t\t\t\t\t\t\t\t\t<img decoding=\"async\" width=\"768\" height=\"768\" src=\"https:\/\/www.wohnbedarf.ch\/wp-content\/uploads\/wohnbedarf-Geschaeftseinrichtung-Ssound-absorbing-wall-panel-abstracta-sky32-e1726211262965-768x768.jpg\" class=\"attachment-medium_large size-medium_large wp-image-17566\" alt=\"\" srcset=\"https:\/\/www.wohnbedarf.ch\/wp-content\/uploads\/wohnbedarf-Geschaeftseinrichtung-Ssound-absorbing-wall-panel-abstracta-sky32-e1726211262965-768x768.jpg 768w, https:\/\/www.wohnbedarf.ch\/wp-content\/uploads\/wohnbedarf-Geschaeftseinrichtung-Ssound-absorbing-wall-panel-abstracta-sky32-e1726211262965-300x300.jpg 300w, https:\/\/www.wohnbedarf.ch\/wp-content\/uploads\/wohnbedarf-Geschaeftseinrichtung-Ssound-absorbing-wall-panel-abstracta-sky32-e1726211262965-150x150.jpg 150w, https:\/\/www.wohnbedarf.ch\/wp-content\/uploads\/wohnbedarf-Geschaeftseinrichtung-Ssound-absorbing-wall-panel-abstracta-sky32-e1726211262965.jpg 800w\" sizes=\"(max-width: 768px) 100vw, 768px\" \/>\t\t\t\t\t\t\t\t\t\t\t\t\t\t\t<\/div>\n\t\t\t\t<\/div>\n\t\t\t\t<div class=\"elementor-element elementor-element-832f564 elementor-view-stacked elementor-shape-circle elementor-position-block-start elementor-mobile-position-block-start elementor-widget elementor-widget-icon-box\" data-id=\"832f564\" data-element_type=\"widget\" data-e-type=\"widget\" data-widget_type=\"icon-box.default\">\n\t\t\t\t<div class=\"elementor-widget-container\">\n\t\t\t\t\t\t\t<div class=\"elementor-icon-box-wrapper\">\n\n\t\t\t\t\t\t<div class=\"elementor-icon-box-icon\">\n\t\t\t\t<span  class=\"elementor-icon\">\n\t\t\t\t<svg aria-hidden=\"true\" class=\"e-font-icon-svg e-fas-tools\" viewbox=\"0 0 512 512\" xmlns=\"http:\/\/www.w3.org\/2000\/svg\"><path d=\"M501.1 395.7L384 278.6c-23.1-23.1-57.6-27.6-85.4-13.9L192 158.1V96L64 0 0 64l96 128h62.1l106.6 106.6c-13.6 27.8-9.2 62.3 13.9 85.4l117.1 117.1c14.6 14.6 38.2 14.6 52.7 0l52.7-52.7c14.5-14.6 14.5-38.2 0-52.7zM331.7 225c28.3 0 54.9 11 74.9 31l19.4 19.4c15.8-6.9 30.8-16.5 43.8-29.5 37.1-37.1 49.7-89.3 37.9-136.7-2.2-9-13.5-12.1-20.1-5.5l-74.4 74.4-67.9-11.3L334 98.9l74.4-74.4c6.6-6.6 3.4-17.9-5.7-20.2-47.4-11.7-99.6.9-136.6 37.9-28.5 28.5-41.9 66.1-41.2 103.6l82.1 82.1c8.1-1.9 16.5-2.9 24.7-2.9zm-103.9 82l-56.7-56.7L18.7 402.8c-25 25-25 65.5 0 90.5s65.5 25 90.5 0l123.6-123.6c-7.6-19.9-9.9-41.6-5-62.7zM64 472c-13.2 0-24-10.8-24-24 0-13.3 10.7-24 24-24s24 10.7 24 24c0 13.2-10.7 24-24 24z\"><\/path><\/svg>\t\t\t\t<\/span>\n\t\t\t<\/div>\n\t\t\t\n\t\t\t\t\t\t<div class=\"elementor-icon-box-content\">\n\n\t\t\t\t\t\t\t\t\t<h4 class=\"elementor-icon-box-title\">\n\t\t\t\t\t\t<span  >\n\t\t\t\t\t\t\tAuswahl und Integration akustischer L\u00f6sungen\t\t\t\t\t\t<\/span>\n\t\t\t\t\t<\/h4>\n\t\t\t\t\n\t\t\t\t\t\t\t\t\t<p class=\"elementor-icon-box-description\">\n\t\t\t\t\t\twohnbedarf bietet eine Auswahl an hochwertigen akustischen L\u00f6sungen und Materialien an, die sowohl funktional als auch \u00e4sthetisch ansprechend sind. Dazu geh\u00f6ren Akustikpaneele, Schallschutzsysteme, Deckensegel, Raum-in-Raum L\u00f6sungen und spezielle Bodenbel\u00e4ge. wohnbedarf unterst\u00fctzt Sie bei der fachgerechten Integration dieser L\u00f6sungen in Ihre bestehenden Gesch\u00e4ftsr\u00e4ume.\t\t\t\t\t<\/p>\n\t\t\t\t\n\t\t\t<\/div>\n\t\t\t\n\t\t<\/div>\n\t\t\t\t\t\t<\/div>\n\t\t\t\t<\/div>\n\t\t\t\t<div class=\"elementor-element elementor-element-fa02123 elementor-widget elementor-widget-image\" data-id=\"fa02123\" data-element_type=\"widget\" data-e-type=\"widget\" data-widget_type=\"image.default\">\n\t\t\t\t<div class=\"elementor-widget-container\">\n\t\t\t\t\t\t\t\t\t\t\t\t\t\t\t<img loading=\"lazy\" decoding=\"async\" width=\"800\" height=\"800\" src=\"https:\/\/www.wohnbedarf.ch\/wp-content\/uploads\/usm_panels__1920x1920-e1726211291106-1024x1024.jpg\" class=\"attachment-large size-large wp-image-24474\" alt=\"\" srcset=\"https:\/\/www.wohnbedarf.ch\/wp-content\/uploads\/usm_panels__1920x1920-e1726211291106-1024x1024.jpg 1024w, https:\/\/www.wohnbedarf.ch\/wp-content\/uploads\/usm_panels__1920x1920-e1726211291106-300x300.jpg 300w, https:\/\/www.wohnbedarf.ch\/wp-content\/uploads\/usm_panels__1920x1920-e1726211291106-150x150.jpg 150w, https:\/\/www.wohnbedarf.ch\/wp-content\/uploads\/usm_panels__1920x1920-e1726211291106-768x768.jpg 768w, https:\/\/www.wohnbedarf.ch\/wp-content\/uploads\/usm_panels__1920x1920-e1726211291106-1536x1536.jpg 1536w, https:\/\/www.wohnbedarf.ch\/wp-content\/uploads\/usm_panels__1920x1920-e1726211291106.jpg 1808w\" sizes=\"(max-width: 800px) 100vw, 800px\" \/>\t\t\t\t\t\t\t\t\t\t\t\t\t\t\t<\/div>\n\t\t\t\t<\/div>\n\t\t\t\t<div class=\"elementor-element elementor-element-8072706 elementor-view-stacked elementor-shape-circle elementor-position-block-start elementor-mobile-position-block-start elementor-widget elementor-widget-icon-box\" data-id=\"8072706\" data-element_type=\"widget\" data-e-type=\"widget\" data-widget_type=\"icon-box.default\">\n\t\t\t\t<div class=\"elementor-widget-container\">\n\t\t\t\t\t\t\t<div class=\"elementor-icon-box-wrapper\">\n\n\t\t\t\t\t\t<div class=\"elementor-icon-box-icon\">\n\t\t\t\t<span  class=\"elementor-icon\">\n\t\t\t\t<svg aria-hidden=\"true\" class=\"e-font-icon-svg e-fas-seedling\" viewbox=\"0 0 512 512\" xmlns=\"http:\/\/www.w3.org\/2000\/svg\"><path d=\"M64 96H0c0 123.7 100.3 224 224 224v144c0 8.8 7.2 16 16 16h32c8.8 0 16-7.2 16-16V320C288 196.3 187.7 96 64 96zm384-64c-84.2 0-157.4 46.5-195.7 115.2 27.7 30.2 48.2 66.9 59 107.6C424 243.1 512 147.9 512 32h-64z\"><\/path><\/svg>\t\t\t\t<\/span>\n\t\t\t<\/div>\n\t\t\t\n\t\t\t\t\t\t<div class=\"elementor-icon-box-content\">\n\n\t\t\t\t\t\t\t\t\t<h4 class=\"elementor-icon-box-title\">\n\t\t\t\t\t\t<span  >\n\t\t\t\t\t\t\tNachhaltige Evaluierung und Feinjustierung\t\t\t\t\t\t<\/span>\n\t\t\t\t\t<\/h4>\n\t\t\t\t\n\t\t\t\t\t\t\t\t\t<p class=\"elementor-icon-box-description\">\n\t\t\t\t\t\tNach der Implementierung der akustischen Massnahmen f\u00fchrt wohnbedarf eine abschliessende Evaluierung durch, um sicherzustellen, dass die gew\u00fcnschten Akustikziele erreicht wurden. Bei Bedarf werden Feinjustierungen vorgenommen, um die Akustik weiter zu optimieren und langfristige Zufriedenheit zu gew\u00e4hrleisten.\t\t\t\t\t<\/p>\n\t\t\t\t\n\t\t\t<\/div>\n\t\t\t\n\t\t<\/div>\n\t\t\t\t\t\t<\/div>\n\t\t\t\t<\/div>\n\t\t\t\t<\/div>\n\t\t\t\t\t<\/div>\n\t\t\t\t<\/div>\n\t\t\t\t<\/div>\n\t\t<div class=\"elementor-element elementor-element-6242eb6 e-flex e-con-boxed e-con e-parent\" data-id=\"6242eb6\" data-element_type=\"container\" data-e-type=\"container\" data-settings=\"{&quot;background_background&quot;:&quot;classic&quot;}\">\n\t\t\t\t\t<div class=\"e-con-inner\">\n\t\t<div class=\"elementor-element elementor-element-a84b4e9 e-flex e-con-boxed e-con e-child\" data-id=\"a84b4e9\" data-element_type=\"container\" data-e-type=\"container\">\n\t\t\t\t\t<div class=\"e-con-inner\">\n\t\t\t\t<div class=\"elementor-element elementor-element-dae8902 elementor-widget__width-initial animated-fast elementor-invisible elementor-widget elementor-widget-heading\" data-id=\"dae8902\" data-element_type=\"widget\" data-e-type=\"widget\" data-settings=\"{&quot;_animation&quot;:&quot;fadeInLeft&quot;}\" data-widget_type=\"heading.default\">\n\t\t\t\t<div class=\"elementor-widget-container\">\n\t\t\t\t\t<h2 class=\"elementor-heading-title elementor-size-default\">wohnbedarf plant und richtet Ihre R\u00e4ume ein.\nMit Leidenschaft und Expertise \u2013 seit 1931.<\/h2>\t\t\t\t<\/div>\n\t\t\t\t<\/div>\n\t\t\t\t<div class=\"elementor-element elementor-element-8eda6df elementor-align-right animated-fast elementor-mobile-align-justify elementor-invisible elementor-widget elementor-widget-button\" data-id=\"8eda6df\" data-element_type=\"widget\" data-e-type=\"widget\" data-settings=\"{&quot;_animation&quot;:&quot;fadeInRight&quot;,&quot;_animation_delay&quot;:200}\" data-widget_type=\"button.default\">\n\t\t\t\t<div class=\"elementor-widget-container\">\n\t\t\t\t\t\t\t\t\t<div class=\"elementor-button-wrapper\">\n\t\t\t\t\t<a class=\"elementor-button elementor-button-link elementor-size-sm\" href=\"https:\/\/wohnbedarftermin.as.me\/\" target=\"_blank\">\n\t\t\t\t\t\t<span class=\"elementor-button-content-wrapper\">\n\t\t\t\t\t\t\t\t\t<span class=\"elementor-button-text\">BERATUNGSTERMIN BUCHEN<\/span>\n\t\t\t\t\t<\/span>\n\t\t\t\t\t<\/a>\n\t\t\t\t<\/div>\n\t\t\t\t\t\t\t\t<\/div>\n\t\t\t\t<\/div>\n\t\t\t\t\t<\/div>\n\t\t\t\t<\/div>\n\t\t\t\t\t<\/div>\n\t\t\t\t<\/div>\n\t\t\t\t<\/div>","protected":false},"excerpt":{"rendered":"<p>Optimale Akustik f\u00fcr Effizienz und Wohlbefinden Offene R\u00e4ume und neue Trends in der Arbeitswelt wie Co-Working haben zur Folge, dass auch neue Wege in der Akustik und im Umgang mit L\u00e4rmquellen beschritten werden m\u00fcssen. Eine laute Umgebung wird in vielen Lebensbereichen zunehmend als Bel\u00e4stigung oder gar St\u00f6rung empfunden, im privaten wie auch im beruflichen Umfeld. [&hellip;]<\/p>\n","protected":false},"author":2,"featured_media":15991,"parent":9110,"menu_order":4,"comment_status":"closed","ping_status":"closed","template":"","meta":{"footnotes":""},"class_list":["post-17404","page","type-page","status-publish","has-post-thumbnail","hentry"],"_links":{"self":[{"href":"https:\/\/www.wohnbedarf.ch\/en\/wp-json\/wp\/v2\/pages\/17404","targetHints":{"allow":["GET"]}}],"collection":[{"href":"https:\/\/www.wohnbedarf.ch\/en\/wp-json\/wp\/v2\/pages"}],"about":[{"href":"https:\/\/www.wohnbedarf.ch\/en\/wp-json\/wp\/v2\/types\/page"}],"author":[{"embeddable":true,"href":"https:\/\/www.wohnbedarf.ch\/en\/wp-json\/wp\/v2\/users\/2"}],"replies":[{"embeddable":true,"href":"https:\/\/www.wohnbedarf.ch\/en\/wp-json\/wp\/v2\/comments?post=17404"}],"version-history":[{"count":95,"href":"https:\/\/www.wohnbedarf.ch\/en\/wp-json\/wp\/v2\/pages\/17404\/revisions"}],"predecessor-version":[{"id":30372,"href":"https:\/\/www.wohnbedarf.ch\/en\/wp-json\/wp\/v2\/pages\/17404\/revisions\/30372"}],"up":[{"embeddable":true,"href":"https:\/\/www.wohnbedarf.ch\/en\/wp-json\/wp\/v2\/pages\/9110"}],"wp:featuredmedia":[{"embeddable":true,"href":"https:\/\/www.wohnbedarf.ch\/en\/wp-json\/wp\/v2\/media\/15991"}],"wp:attachment":[{"href":"https:\/\/www.wohnbedarf.ch\/en\/wp-json\/wp\/v2\/media?parent=17404"}],"curies":[{"name":"wp","href":"https:\/\/api.w.org\/{rel}","templated":true}]}}