{"id":9152,"date":"2024-10-04T16:37:57","date_gmt":"2024-10-04T14:37:57","guid":{"rendered":"https:\/\/wb.gefire.org\/?page_id=9152"},"modified":"2024-10-04T16:41:09","modified_gmt":"2024-10-04T14:41:09","slug":"gesundheitswesen","status":"publish","type":"page","link":"https:\/\/www.wohnbedarf.ch\/de\/geschaeftseinrichtung\/geschaeftsraeume__trashed\/gesundheitswesen\/","title":{"rendered":"Gesundheitswesen"},"content":{"rendered":"\t\t<div data-elementor-type=\"wp-page\" data-elementor-id=\"9152\" class=\"elementor elementor-9152\" data-elementor-post-type=\"page\">\n\t\t\t\t<div class=\"elementor-element elementor-element-4c3d81e3 e-flex e-con-boxed e-con e-parent\" data-id=\"4c3d81e3\" data-element_type=\"container\" data-e-type=\"container\">\n\t\t\t\t\t<div class=\"e-con-inner\">\n\t\t<div class=\"elementor-element elementor-element-57df44c0 e-flex e-con-boxed e-con e-child\" data-id=\"57df44c0\" data-element_type=\"container\" data-e-type=\"container\">\n\t\t\t\t\t<div class=\"e-con-inner\">\n\t\t\t\t<div class=\"elementor-element elementor-element-51504 elementor-widget__width-initial elementor-widget elementor-widget-heading\" data-id=\"51504\" data-element_type=\"widget\" data-e-type=\"widget\" data-widget_type=\"heading.default\">\n\t\t\t\t<div class=\"elementor-widget-container\">\n\t\t\t\t\t<div class=\"elementor-heading-title elementor-size-default\">Gesundheitswesen<\/div>\t\t\t\t<\/div>\n\t\t\t\t<\/div>\n\t\t\t\t<div class=\"elementor-element elementor-element-3317b03d elementor-widget__width-initial elementor-widget elementor-widget-heading\" data-id=\"3317b03d\" data-element_type=\"widget\" data-e-type=\"widget\" data-widget_type=\"heading.default\">\n\t\t\t\t<div class=\"elementor-widget-container\">\n\t\t\t\t\t<h1 class=\"elementor-heading-title elementor-size-default\">Ganzheitliche L\u00f6sungen<\/h1>\t\t\t\t<\/div>\n\t\t\t\t<\/div>\n\t\t\t\t<div class=\"elementor-element elementor-element-204d5223 elementor-widget__width-initial elementor-widget elementor-widget-text-editor\" data-id=\"204d5223\" data-element_type=\"widget\" data-e-type=\"widget\" data-widget_type=\"text-editor.default\">\n\t\t\t\t<div class=\"elementor-widget-container\">\n\t\t\t\t\t\t\t\t\t<p><strong>wohnbedarf<\/strong> richtet seit vielen Jahren erfolgreich Spit\u00e4ler, Kliniken, Praxen und Heime ein und unterst\u00fctzt vollumf\u00e4nglich bei der Konzeption und beim Einrichten von Patientenzimmern, Eingangsbereichen, Rezeptionen, Warter\u00e4umen sowie auch B\u00fcros, Behandlungszimmer und Gastronomiebereiche.<\/p>\t\t\t\t\t\t\t\t<\/div>\n\t\t\t\t<\/div>\n\t\t\t\t<div class=\"elementor-element elementor-element-1a77ba1c elementor-widget__width-initial animated-fast elementor-invisible elementor-widget elementor-widget-button\" data-id=\"1a77ba1c\" data-element_type=\"widget\" data-e-type=\"widget\" data-settings=\"{&quot;_animation&quot;:&quot;fadeIn&quot;,&quot;_animation_delay&quot;:300}\" data-widget_type=\"button.default\">\n\t\t\t\t<div class=\"elementor-widget-container\">\n\t\t\t\t\t\t\t\t\t<div class=\"elementor-button-wrapper\">\n\t\t\t\t\t<a class=\"elementor-button elementor-button-link elementor-size-sm\" href=\"https:\/\/wohnbedarftermin.as.me\/\" target=\"_blank\">\n\t\t\t\t\t\t<span class=\"elementor-button-content-wrapper\">\n\t\t\t\t\t\t\t\t\t<span class=\"elementor-button-text\">BERATUNGSTERMIN BUCHEN<\/span>\n\t\t\t\t\t<\/span>\n\t\t\t\t\t<\/a>\n\t\t\t\t<\/div>\n\t\t\t\t\t\t\t\t<\/div>\n\t\t\t\t<\/div>\n\t\t\t\t\t<\/div>\n\t\t\t\t<\/div>\n\t\t\t\t\t<\/div>\n\t\t\t\t<\/div>\n\t\t<div class=\"elementor-element elementor-element-d42e9d7 e-flex e-con-boxed e-con e-parent\" data-id=\"d42e9d7\" data-element_type=\"container\" data-e-type=\"container\">\n\t\t\t\t\t<div class=\"e-con-inner\">\n\t\t<div class=\"elementor-element elementor-element-49a3978 e-con-full e-flex e-con e-child\" data-id=\"49a3978\" data-element_type=\"container\" data-e-type=\"container\">\n\t\t\t\t<div class=\"elementor-element elementor-element-6baeb03 elementor-widget elementor-widget-gallery\" data-id=\"6baeb03\" data-element_type=\"widget\" data-e-type=\"widget\" data-settings=\"{&quot;columns&quot;:2,&quot;gap&quot;:{&quot;unit&quot;:&quot;px&quot;,&quot;size&quot;:20,&quot;sizes&quot;:[]},&quot;gallery_layout&quot;:&quot;grid&quot;,&quot;columns_tablet&quot;:2,&quot;columns_mobile&quot;:1,&quot;gap_laptop&quot;:{&quot;unit&quot;:&quot;px&quot;,&quot;size&quot;:10,&quot;sizes&quot;:[]},&quot;gap_tablet&quot;:{&quot;unit&quot;:&quot;px&quot;,&quot;size&quot;:10,&quot;sizes&quot;:[]},&quot;gap_mobile&quot;:{&quot;unit&quot;:&quot;px&quot;,&quot;size&quot;:10,&quot;sizes&quot;:[]},&quot;link_to&quot;:&quot;file&quot;,&quot;aspect_ratio&quot;:&quot;3:2&quot;,&quot;overlay_background&quot;:&quot;yes&quot;,&quot;content_hover_animation&quot;:&quot;fade-in&quot;}\" data-widget_type=\"gallery.default\">\n\t\t\t\t<div class=\"elementor-widget-container\">\n\t\t\t\t\t\t\t<div class=\"elementor-gallery__container\">\n\t\t\t\t\t\t\t<a class=\"e-gallery-item elementor-gallery-item elementor-animated-content\" href=\"https:\/\/www.wohnbedarf.ch\/wp-content\/uploads\/interiordesign_healthcare_klinik-im-park-behandlungszimmer-1.jpg\" data-elementor-open-lightbox=\"yes\" data-elementor-lightbox-slideshow=\"6baeb03\" data-elementor-lightbox-title=\"interiordesign_healthcare_klinik-im-park-behandlungszimmer-1\" data-e-action-hash=\"#elementor-action%3Aaction%3Dlightbox%26settings%3DeyJpZCI6MTUxOTIsInVybCI6Imh0dHBzOlwvXC93d3cud29obmJlZGFyZi5jaFwvd3AtY29udGVudFwvdXBsb2Fkc1wvaW50ZXJpb3JkZXNpZ25faGVhbHRoY2FyZV9rbGluaWstaW0tcGFyay1iZWhhbmRsdW5nc3ppbW1lci0xLmpwZyIsInNsaWRlc2hvdyI6IjZiYWViMDMifQ%3D%3D\">\n\t\t\t\t\t<div class=\"e-gallery-image elementor-gallery-item__image\" data-thumbnail=\"https:\/\/www.wohnbedarf.ch\/wp-content\/uploads\/interiordesign_healthcare_klinik-im-park-behandlungszimmer-1.jpg\" data-width=\"734\" data-height=\"489\" aria-label=\"\" role=\"img\" ><\/div>\n\t\t\t\t\t\t\t\t\t\t\t<div class=\"elementor-gallery-item__overlay\"><\/div>\n\t\t\t\t\t\t\t\t\t\t\t\t\t\t<\/a>\n\t\t\t\t\t\t\t<a class=\"e-gallery-item elementor-gallery-item elementor-animated-content\" href=\"https:\/\/www.wohnbedarf.ch\/wp-content\/uploads\/interiordesign_healthcare_klinik-im-park-behandlungszimmer-2.jpg\" data-elementor-open-lightbox=\"yes\" data-elementor-lightbox-slideshow=\"6baeb03\" data-elementor-lightbox-title=\"interiordesign_healthcare_klinik-im-park-behandlungszimmer-2\" data-e-action-hash=\"#elementor-action%3Aaction%3Dlightbox%26settings%3DeyJpZCI6MTUxOTMsInVybCI6Imh0dHBzOlwvXC93d3cud29obmJlZGFyZi5jaFwvd3AtY29udGVudFwvdXBsb2Fkc1wvaW50ZXJpb3JkZXNpZ25faGVhbHRoY2FyZV9rbGluaWstaW0tcGFyay1iZWhhbmRsdW5nc3ppbW1lci0yLmpwZyIsInNsaWRlc2hvdyI6IjZiYWViMDMifQ%3D%3D\">\n\t\t\t\t\t<div class=\"e-gallery-image elementor-gallery-item__image\" data-thumbnail=\"https:\/\/www.wohnbedarf.ch\/wp-content\/uploads\/interiordesign_healthcare_klinik-im-park-behandlungszimmer-2.jpg\" data-width=\"734\" data-height=\"489\" aria-label=\"\" role=\"img\" ><\/div>\n\t\t\t\t\t\t\t\t\t\t\t<div class=\"elementor-gallery-item__overlay\"><\/div>\n\t\t\t\t\t\t\t\t\t\t\t\t\t\t<\/a>\n\t\t\t\t\t<\/div>\n\t\t\t\t\t<\/div>\n\t\t\t\t<\/div>\n\t\t\t\t<\/div>\n\t\t<div class=\"elementor-element elementor-element-85c2c6e e-con-full e-flex e-con e-child\" data-id=\"85c2c6e\" data-element_type=\"container\" data-e-type=\"container\">\n\t\t<div class=\"elementor-element elementor-element-9daa914 e-con-full e-flex e-con e-child\" data-id=\"9daa914\" data-element_type=\"container\" data-e-type=\"container\">\n\t\t\t\t<div class=\"elementor-element elementor-element-c78d07b elementor-widget elementor-widget-text-editor\" data-id=\"c78d07b\" data-element_type=\"widget\" data-e-type=\"widget\" data-widget_type=\"text-editor.default\">\n\t\t\t\t<div class=\"elementor-widget-container\">\n\t\t\t\t\t\t\t\t\t<p>Projekt Klinik im Park<\/p>\t\t\t\t\t\t\t\t<\/div>\n\t\t\t\t<\/div>\n\t\t\t\t<\/div>\n\t\t\t\t<\/div>\n\t\t\t\t\t<\/div>\n\t\t\t\t<\/div>\n\t\t<div class=\"elementor-element elementor-element-e56d993 e-flex e-con-boxed e-con e-parent\" data-id=\"e56d993\" data-element_type=\"container\" data-e-type=\"container\" data-settings=\"{&quot;background_background&quot;:&quot;classic&quot;}\">\n\t\t\t\t\t<div class=\"e-con-inner\">\n\t\t<div class=\"elementor-element elementor-element-0e55088 e-flex e-con-boxed e-con e-child\" data-id=\"0e55088\" data-element_type=\"container\" data-e-type=\"container\" data-settings=\"{&quot;background_background&quot;:&quot;classic&quot;}\">\n\t\t\t\t\t<div class=\"e-con-inner\">\n\t\t\t\t<div class=\"elementor-element elementor-element-2246242 elementor-widget__width-initial elementor-widget elementor-widget-heading\" data-id=\"2246242\" data-element_type=\"widget\" data-e-type=\"widget\" data-widget_type=\"heading.default\">\n\t\t\t\t<div class=\"elementor-widget-container\">\n\t\t\t\t\t<h2 class=\"elementor-heading-title elementor-size-default\">Wir planen Ihre R\u00e4ume\u200b<\/h2>\t\t\t\t<\/div>\n\t\t\t\t<\/div>\n\t\t\t\t<div class=\"elementor-element elementor-element-bd1a3f0 elementor-widget__width-initial elementor-widget elementor-widget-heading\" data-id=\"bd1a3f0\" data-element_type=\"widget\" data-e-type=\"widget\" data-widget_type=\"heading.default\">\n\t\t\t\t<div class=\"elementor-widget-container\">\n\t\t\t\t\t<h3 class=\"elementor-heading-title elementor-size-default\">Einrichtungskonzepte und M\u00f6blierung von Kliniken, Spit\u00e4lern, Heimen und Praxen<\/h3>\t\t\t\t<\/div>\n\t\t\t\t<\/div>\n\t\t\t\t<div class=\"elementor-element elementor-element-aaeadf6 elementor-widget__width-initial elementor-widget elementor-widget-text-editor\" data-id=\"aaeadf6\" data-element_type=\"widget\" data-e-type=\"widget\" data-widget_type=\"text-editor.default\">\n\t\t\t\t<div class=\"elementor-widget-container\">\n\t\t\t\t\t\t\t\t\t<p><strong>wohnbedarf<\/strong> greift dabei auf verschiedene interne und externe Spezialist:innen zur\u00fcck. Spitaleinrichtungen und Kliniken m\u00fcssen neben der optischen Erscheinung immer auch diverse technische Kriterien erf\u00fcllen. Die Anspr\u00fcche von Pflegepersonal und Hausdienst sowie die W\u00fcnsche der Spitalleitung hinsichtlich der Raumplanung\u00a0 gilt es auf einen Nenner zu bringen, damit ein Einrichtungskonzept durchg\u00e4ngig erfolgreich ist.<\/p>\t\t\t\t\t\t\t\t<\/div>\n\t\t\t\t<\/div>\n\t\t\t\t\t<\/div>\n\t\t\t\t<\/div>\n\t\t<div class=\"elementor-element elementor-element-287d73b e-flex e-con-boxed e-con e-child\" data-id=\"287d73b\" data-element_type=\"container\" data-e-type=\"container\" data-settings=\"{&quot;background_background&quot;:&quot;classic&quot;}\">\n\t\t\t\t\t<div class=\"e-con-inner\">\n\t\t<div class=\"elementor-element elementor-element-9a71844 e-flex e-con-boxed e-con e-child\" data-id=\"9a71844\" data-element_type=\"container\" data-e-type=\"container\">\n\t\t\t\t\t<div class=\"e-con-inner\">\n\t\t\t\t<div class=\"elementor-element elementor-element-c2ffca6 elementor-widget elementor-widget-heading\" data-id=\"c2ffca6\" data-element_type=\"widget\" data-e-type=\"widget\" data-widget_type=\"heading.default\">\n\t\t\t\t<div class=\"elementor-widget-container\">\n\t\t\t\t\t<h4 class=\"elementor-heading-title elementor-size-default\">Bedarfsanalyse<\/h4>\t\t\t\t<\/div>\n\t\t\t\t<\/div>\n\t\t\t\t<div class=\"elementor-element elementor-element-b5400c0 elementor-widget elementor-widget-text-editor\" data-id=\"b5400c0\" data-element_type=\"widget\" data-e-type=\"widget\" data-widget_type=\"text-editor.default\">\n\t\t\t\t<div class=\"elementor-widget-container\">\n\t\t\t\t\t\t\t\t\t<p>Jedes medizinische Zentrum respektive jede Praxis muss individuellen Anforderungen entsprechen. <strong>wohnbedarf<\/strong> hilft, die ideale L\u00f6sung f\u00fcr alle Teil- bereiche zu finden: Behandlungsr\u00e4ume, B\u00fcro, Administration, Empfang, K\u00fcche, etc.<\/p>\t\t\t\t\t\t\t\t<\/div>\n\t\t\t\t<\/div>\n\t\t\t\t\t<\/div>\n\t\t\t\t<\/div>\n\t\t<div class=\"elementor-element elementor-element-8cda08d e-flex e-con-boxed e-con e-child\" data-id=\"8cda08d\" data-element_type=\"container\" data-e-type=\"container\">\n\t\t\t\t\t<div class=\"e-con-inner\">\n\t\t\t\t<div class=\"elementor-element elementor-element-063dbef elementor-widget elementor-widget-heading\" data-id=\"063dbef\" data-element_type=\"widget\" data-e-type=\"widget\" data-widget_type=\"heading.default\">\n\t\t\t\t<div class=\"elementor-widget-container\">\n\t\t\t\t\t<h4 class=\"elementor-heading-title elementor-size-default\">Planung<\/h4>\t\t\t\t<\/div>\n\t\t\t\t<\/div>\n\t\t\t\t<div class=\"elementor-element elementor-element-93ab403 elementor-widget elementor-widget-text-editor\" data-id=\"93ab403\" data-element_type=\"widget\" data-e-type=\"widget\" data-widget_type=\"text-editor.default\">\n\t\t\t\t<div class=\"elementor-widget-container\">\n\t\t\t\t\t\t\t\t\t<p>Unser Spektrum reicht von der Einrichtung bestehender R\u00e4ume bis zur kompletten Neugestaltung eines medizinischen Zentrums. Arbeitszonen, Designanspr\u00fcche, gesetzliche Vorschriften, lokale Rahmenbedingungen,\u00a0 praktische Aspekte \u2013 <strong>wohnbedarf<\/strong> integriert alle relevanten Gr\u00f6ssen in ein Gesamtkonzept.<\/p>\t\t\t\t\t\t\t\t<\/div>\n\t\t\t\t<\/div>\n\t\t\t\t\t<\/div>\n\t\t\t\t<\/div>\n\t\t<div class=\"elementor-element elementor-element-3d77885 e-flex e-con-boxed e-con e-child\" data-id=\"3d77885\" data-element_type=\"container\" data-e-type=\"container\">\n\t\t\t\t\t<div class=\"e-con-inner\">\n\t\t\t\t<div class=\"elementor-element elementor-element-b0e1913 elementor-widget elementor-widget-heading\" data-id=\"b0e1913\" data-element_type=\"widget\" data-e-type=\"widget\" data-widget_type=\"heading.default\">\n\t\t\t\t<div class=\"elementor-widget-container\">\n\t\t\t\t\t<h4 class=\"elementor-heading-title elementor-size-default\">Innenausbau<\/h4>\t\t\t\t<\/div>\n\t\t\t\t<\/div>\n\t\t\t\t<div class=\"elementor-element elementor-element-64b1388 elementor-widget elementor-widget-text-editor\" data-id=\"64b1388\" data-element_type=\"widget\" data-e-type=\"widget\" data-widget_type=\"text-editor.default\">\n\t\t\t\t<div class=\"elementor-widget-container\">\n\t\t\t\t\t\t\t\t\t<p>Der Innenausbau ist Grundlage einer guten Innen- architektur und M\u00f6blierung. <strong>wohnbedarf<\/strong> bietet Ihnen den Innenausbau respektive die Renovation von R\u00e4umlichkeiten als Dienstleistung an. Sie haben somit alles aus einer Hand und m\u00fcssen sich nicht um Schnittstellen k\u00fcmmern. Die Innenausbau- l\u00f6sungen von <strong>wohnbedarf<\/strong> sind individuell auf Sie abgestimmt.<\/p>\t\t\t\t\t\t\t\t<\/div>\n\t\t\t\t<\/div>\n\t\t\t\t\t<\/div>\n\t\t\t\t<\/div>\n\t\t\t\t\t<\/div>\n\t\t\t\t<\/div>\n\t\t\t\t\t<\/div>\n\t\t\t\t<\/div>\n\t\t<div class=\"elementor-element elementor-element-e8cf832 e-flex e-con-boxed e-con e-parent\" data-id=\"e8cf832\" data-element_type=\"container\" data-e-type=\"container\">\n\t\t\t\t\t<div class=\"e-con-inner\">\n\t\t<div class=\"elementor-element elementor-element-efd9506 e-flex e-con-boxed e-con e-child\" data-id=\"efd9506\" data-element_type=\"container\" data-e-type=\"container\">\n\t\t\t\t\t<div class=\"e-con-inner\">\n\t\t<div class=\"elementor-element elementor-element-99b4e4c e-flex e-con-boxed e-con e-child\" data-id=\"99b4e4c\" data-element_type=\"container\" data-e-type=\"container\">\n\t\t\t\t\t<div class=\"e-con-inner\">\n\t\t\t\t<div class=\"elementor-element elementor-element-7c3efa1 elementor-widget elementor-widget-heading\" data-id=\"7c3efa1\" data-element_type=\"widget\" data-e-type=\"widget\" data-widget_type=\"heading.default\">\n\t\t\t\t<div class=\"elementor-widget-container\">\n\t\t\t\t\t<h3 class=\"elementor-heading-title elementor-size-default\">Zimmer- und Loungebereich<\/h3>\t\t\t\t<\/div>\n\t\t\t\t<\/div>\n\t\t\t\t<div class=\"elementor-element elementor-element-5387316 elementor-widget elementor-widget-text-editor\" data-id=\"5387316\" data-element_type=\"widget\" data-e-type=\"widget\" data-widget_type=\"text-editor.default\">\n\t\t\t\t<div class=\"elementor-widget-container\">\n\t\t\t\t\t\t\t\t\t<p>Wir unterst\u00fctzen Sie bei der Einrichtung Ihrer Patientenzimmer sowie in verschiedenen Bereichen f\u00fcr den Gastro- und Aufenthaltsbereich der Gesundheitseinrichtung.<\/p><p>Lebensart, Flair und Emotionen sowie gesetzliche Vorschriften und Anspr\u00fcche der Pflege und der Reinigung setzen wir f\u00fcr Sie um und bieten Ihnen ganzheitliche L\u00f6sung von den Bodenbel\u00e4gen \u00fcber die Vorh\u00e4nge bis hin zum Mobiliar und der Beleuchtung.<\/p>\t\t\t\t\t\t\t\t<\/div>\n\t\t\t\t<\/div>\n\t\t\t\t\t<\/div>\n\t\t\t\t<\/div>\n\t\t<div class=\"elementor-element elementor-element-6ab1648 e-flex e-con-boxed e-con e-child\" data-id=\"6ab1648\" data-element_type=\"container\" data-e-type=\"container\">\n\t\t\t\t\t<div class=\"e-con-inner\">\n\t\t\t\t<div class=\"elementor-element elementor-element-a227909 elementor-widget elementor-widget-image\" data-id=\"a227909\" data-element_type=\"widget\" data-e-type=\"widget\" data-widget_type=\"image.default\">\n\t\t\t\t<div class=\"elementor-widget-container\">\n\t\t\t\t\t\t\t\t\t\t\t\t\t\t\t<img fetchpriority=\"high\" decoding=\"async\" width=\"734\" height=\"413\" src=\"https:\/\/www.wohnbedarf.ch\/wp-content\/uploads\/interiordesign_gesundheitswesen_spital.jpg\" class=\"attachment-large size-large wp-image-10742\" alt=\"\" srcset=\"https:\/\/www.wohnbedarf.ch\/wp-content\/uploads\/interiordesign_gesundheitswesen_spital.jpg 734w, https:\/\/www.wohnbedarf.ch\/wp-content\/uploads\/interiordesign_gesundheitswesen_spital-300x169.jpg 300w\" sizes=\"(max-width: 734px) 100vw, 734px\" \/>\t\t\t\t\t\t\t\t\t\t\t\t\t\t\t<\/div>\n\t\t\t\t<\/div>\n\t\t\t\t<div class=\"elementor-element elementor-element-5724fe9 elementor-widget elementor-widget-text-editor\" data-id=\"5724fe9\" data-element_type=\"widget\" data-e-type=\"widget\" data-widget_type=\"text-editor.default\">\n\t\t\t\t<div class=\"elementor-widget-container\">\n\t\t\t\t\t\t\t\t\t<p>Projekt Spital Zollikerberg<\/p>\t\t\t\t\t\t\t\t<\/div>\n\t\t\t\t<\/div>\n\t\t\t\t\t<\/div>\n\t\t\t\t<\/div>\n\t\t\t\t\t<\/div>\n\t\t\t\t<\/div>\n\t\t\t\t\t<\/div>\n\t\t\t\t<\/div>\n\t\t<div class=\"elementor-element elementor-element-70ad2068 e-flex e-con-boxed e-con e-parent\" data-id=\"70ad2068\" data-element_type=\"container\" data-e-type=\"container\" data-settings=\"{&quot;background_background&quot;:&quot;classic&quot;}\">\n\t\t\t\t\t<div class=\"e-con-inner\">\n\t\t<div class=\"elementor-element elementor-element-76be3e7f e-flex e-con-boxed e-con e-child\" data-id=\"76be3e7f\" data-element_type=\"container\" data-e-type=\"container\">\n\t\t\t\t\t<div class=\"e-con-inner\">\n\t\t\t\t<div class=\"elementor-element elementor-element-35ba68b7 elementor-widget__width-initial animated-fast elementor-invisible elementor-widget elementor-widget-heading\" data-id=\"35ba68b7\" data-element_type=\"widget\" data-e-type=\"widget\" data-settings=\"{&quot;_animation&quot;:&quot;fadeInLeft&quot;}\" data-widget_type=\"heading.default\">\n\t\t\t\t<div class=\"elementor-widget-container\">\n\t\t\t\t\t<h2 class=\"elementor-heading-title elementor-size-default\">wohnbedarf plant und richtet Ihre R\u00e4ume ein.\nMit Leidenschaft und Expertise \u2013 seit 1931.<\/h2>\t\t\t\t<\/div>\n\t\t\t\t<\/div>\n\t\t\t\t<div class=\"elementor-element elementor-element-1a7883c4 elementor-align-right animated-fast elementor-mobile-align-justify elementor-invisible elementor-widget elementor-widget-button\" data-id=\"1a7883c4\" data-element_type=\"widget\" data-e-type=\"widget\" data-settings=\"{&quot;_animation&quot;:&quot;fadeInRight&quot;,&quot;_animation_delay&quot;:200}\" data-widget_type=\"button.default\">\n\t\t\t\t<div class=\"elementor-widget-container\">\n\t\t\t\t\t\t\t\t\t<div class=\"elementor-button-wrapper\">\n\t\t\t\t\t<a class=\"elementor-button elementor-button-link elementor-size-sm\" href=\"https:\/\/wohnbedarftermin.as.me\/\" target=\"_blank\">\n\t\t\t\t\t\t<span class=\"elementor-button-content-wrapper\">\n\t\t\t\t\t\t\t\t\t<span class=\"elementor-button-text\">BERATUNGSTERMIN BUCHEN<\/span>\n\t\t\t\t\t<\/span>\n\t\t\t\t\t<\/a>\n\t\t\t\t<\/div>\n\t\t\t\t\t\t\t\t<\/div>\n\t\t\t\t<\/div>\n\t\t\t\t\t<\/div>\n\t\t\t\t<\/div>\n\t\t\t\t\t<\/div>\n\t\t\t\t<\/div>\n\t\t\t\t<\/div>\n\t\t","protected":false},"excerpt":{"rendered":"<p>Ganzheitliche L\u00f6sungen wohnbedarf richtet seit vielen Jahren erfolgreich Spit\u00e4ler, Kliniken, Praxen und Heime ein und unterst\u00fctzt vollumf\u00e4nglich bei der Konzeption und beim Einrichten von Patientenzimmern, Eingangsbereichen, Rezeptionen, Warter\u00e4umen sowie auch B\u00fcros, Behandlungszimmer und Gastronomiebereiche. BERATUNGSTERMIN BUCHEN Projekt Klinik im Park Wir planen Ihre R\u00e4ume\u200b Einrichtungskonzepte und M\u00f6blierung von Kliniken, Spit\u00e4lern, Heimen und Praxen wohnbedarf greift [&hellip;]<\/p>\n","protected":false},"author":1,"featured_media":15192,"parent":9114,"menu_order":1,"comment_status":"closed","ping_status":"closed","template":"","meta":{"footnotes":""},"class_list":["post-9152","page","type-page","status-publish","has-post-thumbnail","hentry"],"_links":{"self":[{"href":"https:\/\/www.wohnbedarf.ch\/de\/wp-json\/wp\/v2\/pages\/9152","targetHints":{"allow":["GET"]}}],"collection":[{"href":"https:\/\/www.wohnbedarf.ch\/de\/wp-json\/wp\/v2\/pages"}],"about":[{"href":"https:\/\/www.wohnbedarf.ch\/de\/wp-json\/wp\/v2\/types\/page"}],"author":[{"embeddable":true,"href":"https:\/\/www.wohnbedarf.ch\/de\/wp-json\/wp\/v2\/users\/1"}],"replies":[{"embeddable":true,"href":"https:\/\/www.wohnbedarf.ch\/de\/wp-json\/wp\/v2\/comments?post=9152"}],"version-history":[{"count":109,"href":"https:\/\/www.wohnbedarf.ch\/de\/wp-json\/wp\/v2\/pages\/9152\/revisions"}],"predecessor-version":[{"id":21643,"href":"https:\/\/www.wohnbedarf.ch\/de\/wp-json\/wp\/v2\/pages\/9152\/revisions\/21643"}],"up":[{"embeddable":true,"href":"https:\/\/www.wohnbedarf.ch\/de\/wp-json\/wp\/v2\/pages\/9114"}],"wp:featuredmedia":[{"embeddable":true,"href":"https:\/\/www.wohnbedarf.ch\/de\/wp-json\/wp\/v2\/media\/15192"}],"wp:attachment":[{"href":"https:\/\/www.wohnbedarf.ch\/de\/wp-json\/wp\/v2\/media?parent=9152"}],"curies":[{"name":"wp","href":"https:\/\/api.w.org\/{rel}","templated":true}]}}