{"id":9134,"date":"2024-10-04T16:33:23","date_gmt":"2024-10-04T14:33:23","guid":{"rendered":"https:\/\/wb.gefire.org\/?page_id=9134"},"modified":"2025-04-22T16:28:54","modified_gmt":"2025-04-22T14:28:54","slug":"logistik","status":"publish","type":"page","link":"https:\/\/www.wohnbedarf.ch\/de\/geschaeftseinrichtung\/logistik\/","title":{"rendered":"Logistik"},"content":{"rendered":"\t\t<div data-elementor-type=\"wp-page\" data-elementor-id=\"9134\" class=\"elementor elementor-9134\" data-elementor-post-type=\"page\">\n\t\t\t\t<div class=\"elementor-element elementor-element-4c3d81e3 e-flex e-con-boxed e-con e-parent\" data-id=\"4c3d81e3\" data-element_type=\"container\" data-e-type=\"container\">\n\t\t\t\t\t<div class=\"e-con-inner\">\n\t\t<div class=\"elementor-element elementor-element-57df44c0 e-flex e-con-boxed e-con e-child\" data-id=\"57df44c0\" data-element_type=\"container\" data-e-type=\"container\">\n\t\t\t\t\t<div class=\"e-con-inner\">\n\t\t\t\t<div class=\"elementor-element elementor-element-51504 elementor-widget__width-initial elementor-widget elementor-widget-heading\" data-id=\"51504\" data-element_type=\"widget\" data-e-type=\"widget\" data-widget_type=\"heading.default\">\n\t\t\t\t<div class=\"elementor-widget-container\">\n\t\t\t\t\t<div class=\"elementor-heading-title elementor-size-default\">Logistik<\/div>\t\t\t\t<\/div>\n\t\t\t\t<\/div>\n\t\t\t\t<div class=\"elementor-element elementor-element-3317b03d elementor-widget__width-initial elementor-widget elementor-widget-heading\" data-id=\"3317b03d\" data-element_type=\"widget\" data-e-type=\"widget\" data-widget_type=\"heading.default\">\n\t\t\t\t<div class=\"elementor-widget-container\">\n\t\t\t\t\t<h1 class=\"elementor-heading-title elementor-size-default\">Optimierte Prozesse durch effiziente L\u00f6sungen<\/h1>\t\t\t\t<\/div>\n\t\t\t\t<\/div>\n\t\t\t\t<div class=\"elementor-element elementor-element-204d5223 elementor-widget__width-initial elementor-widget elementor-widget-text-editor\" data-id=\"204d5223\" data-element_type=\"widget\" data-e-type=\"widget\" data-widget_type=\"text-editor.default\">\n\t\t\t\t<div class=\"elementor-widget-container\">\n\t\t\t\t\t\t\t\t\t<p>Die Logistik spielt eine entscheidende Rolle f\u00fcr den Erfolg von <strong>wohnbedarf<\/strong>, einem f\u00fchrenden Anbieter von Gesch\u00e4ftseinrichtungen. Eine durchdachte Logistikstrategie erm\u00f6glicht es <strong>wohnbedarf<\/strong>, die Bed\u00fcrfnisse effizient zu erf\u00fcllen, die Lieferzeiten zu minimieren und die Zufriedenheit der Kund:innen zu maximieren. Ein besonderes Augenmerk auf Nachhaltigkeit rundet die moderne Logistikstrategie ab und positioniert <strong>wohnbedarf<\/strong> als verantwortungsbewussten Partner im Markt.\u00a0<\/p>\t\t\t\t\t\t\t\t<\/div>\n\t\t\t\t<\/div>\n\t\t\t\t<div class=\"elementor-element elementor-element-1a77ba1c elementor-widget__width-initial animated-fast elementor-invisible elementor-widget elementor-widget-button\" data-id=\"1a77ba1c\" data-element_type=\"widget\" data-e-type=\"widget\" data-settings=\"{&quot;_animation&quot;:&quot;fadeIn&quot;,&quot;_animation_delay&quot;:300}\" data-widget_type=\"button.default\">\n\t\t\t\t<div class=\"elementor-widget-container\">\n\t\t\t\t\t\t\t\t\t<div class=\"elementor-button-wrapper\">\n\t\t\t\t\t<a class=\"elementor-button elementor-button-link elementor-size-sm\" href=\"https:\/\/wohnbedarftermin.as.me\/\" target=\"_blank\">\n\t\t\t\t\t\t<span class=\"elementor-button-content-wrapper\">\n\t\t\t\t\t\t\t\t\t<span class=\"elementor-button-text\">BERATUNGSTERMIN BUCHEN<\/span>\n\t\t\t\t\t<\/span>\n\t\t\t\t\t<\/a>\n\t\t\t\t<\/div>\n\t\t\t\t\t\t\t\t<\/div>\n\t\t\t\t<\/div>\n\t\t\t\t\t<\/div>\n\t\t\t\t<\/div>\n\t\t\t\t\t<\/div>\n\t\t\t\t<\/div>\n\t\t<div class=\"elementor-element elementor-element-e1c8f7b e-flex e-con-boxed e-con e-parent\" data-id=\"e1c8f7b\" data-element_type=\"container\" data-e-type=\"container\" data-settings=\"{&quot;background_background&quot;:&quot;classic&quot;}\">\n\t\t\t\t\t<div class=\"e-con-inner\">\n\t\t<div class=\"elementor-element elementor-element-23c88fd e-con-full e-flex e-con e-child\" data-id=\"23c88fd\" data-element_type=\"container\" data-e-type=\"container\">\n\t\t\t\t<div class=\"elementor-element elementor-element-125d083 elementor-widget__width-initial elementor-widget elementor-widget-heading\" data-id=\"125d083\" data-element_type=\"widget\" data-e-type=\"widget\" data-widget_type=\"heading.default\">\n\t\t\t\t<div class=\"elementor-widget-container\">\n\t\t\t\t\t<h2 class=\"elementor-heading-title elementor-size-default\">Reibungslose Logistik<\/h2>\t\t\t\t<\/div>\n\t\t\t\t<\/div>\n\t\t\t\t<div class=\"elementor-element elementor-element-483aeaf elementor-widget__width-initial elementor-widget elementor-widget-text-editor\" data-id=\"483aeaf\" data-element_type=\"widget\" data-e-type=\"widget\" data-widget_type=\"text-editor.default\">\n\t\t\t\t<div class=\"elementor-widget-container\">\n\t\t\t\t\t\t\t\t\t<p>Die Logistik ist ein zentraler Bestandteil des Erfolgs von wohnbedarf. Durch eine sorgf\u00e4ltige Planung, effiziente Lagerhaltung, reibungslose Auftragsabwicklung und professionellen Kundendienst kann wohnbedarf die Zufriedenheit seiner Kund:innen nachhaltig steigern.\u00a0<\/p>\t\t\t\t\t\t\t\t<\/div>\n\t\t\t\t<\/div>\n\t\t\t\t<div class=\"elementor-element elementor-element-1803b68 elementor-widget elementor-widget-heading\" data-id=\"1803b68\" data-element_type=\"widget\" data-e-type=\"widget\" data-widget_type=\"heading.default\">\n\t\t\t\t<div class=\"elementor-widget-container\">\n\t\t\t\t\t<h3 class=\"elementor-heading-title elementor-size-default\">Unsere Leistungen im \u00dcberblick:<\/h3>\t\t\t\t<\/div>\n\t\t\t\t<\/div>\n\t\t\t\t<\/div>\n\t\t\t\t\t<\/div>\n\t\t\t\t<\/div>\n\t\t<div class=\"elementor-element elementor-element-062c596 e-flex e-con-boxed e-con e-parent\" data-id=\"062c596\" data-element_type=\"container\" data-e-type=\"container\">\n\t\t\t\t\t<div class=\"e-con-inner\">\n\t\t<div class=\"elementor-element elementor-element-1df9825 e-grid e-con-full e-con e-child\" data-id=\"1df9825\" data-element_type=\"container\" data-e-type=\"container\">\n\t\t\t\t<div class=\"elementor-element elementor-element-8e2a4f3 elementor-widget elementor-widget-image\" data-id=\"8e2a4f3\" data-element_type=\"widget\" data-e-type=\"widget\" data-widget_type=\"image.default\">\n\t\t\t\t<div class=\"elementor-widget-container\">\n\t\t\t\t\t\t\t\t\t\t\t\t\t\t\t<img fetchpriority=\"high\" decoding=\"async\" width=\"550\" height=\"413\" src=\"https:\/\/www.wohnbedarf.ch\/wp-content\/uploads\/interiordsign_logistik-lieferung-e1720708234249.jpg\" class=\"attachment-full size-full wp-image-10709\" alt=\"\" srcset=\"https:\/\/www.wohnbedarf.ch\/wp-content\/uploads\/interiordsign_logistik-lieferung-e1720708234249.jpg 550w, https:\/\/www.wohnbedarf.ch\/wp-content\/uploads\/interiordsign_logistik-lieferung-e1720708234249-300x225.jpg 300w\" sizes=\"(max-width: 550px) 100vw, 550px\" \/>\t\t\t\t\t\t\t\t\t\t\t\t\t\t\t<\/div>\n\t\t\t\t<\/div>\n\t\t\t\t<div class=\"elementor-element elementor-element-0f500e4 elementor-view-framed elementor-shape-circle elementor-position-block-start elementor-mobile-position-block-start elementor-widget elementor-widget-icon-box\" data-id=\"0f500e4\" data-element_type=\"widget\" data-e-type=\"widget\" data-widget_type=\"icon-box.default\">\n\t\t\t\t<div class=\"elementor-widget-container\">\n\t\t\t\t\t\t\t<div class=\"elementor-icon-box-wrapper\">\n\n\t\t\t\t\t\t<div class=\"elementor-icon-box-icon\">\n\t\t\t\t<span  class=\"elementor-icon\">\n\t\t\t\t<svg aria-hidden=\"true\" class=\"e-font-icon-svg e-fas-truck\" viewBox=\"0 0 640 512\" xmlns=\"http:\/\/www.w3.org\/2000\/svg\"><path d=\"M624 352h-16V243.9c0-12.7-5.1-24.9-14.1-33.9L494 110.1c-9-9-21.2-14.1-33.9-14.1H416V48c0-26.5-21.5-48-48-48H48C21.5 0 0 21.5 0 48v320c0 26.5 21.5 48 48 48h16c0 53 43 96 96 96s96-43 96-96h128c0 53 43 96 96 96s96-43 96-96h48c8.8 0 16-7.2 16-16v-32c0-8.8-7.2-16-16-16zM160 464c-26.5 0-48-21.5-48-48s21.5-48 48-48 48 21.5 48 48-21.5 48-48 48zm320 0c-26.5 0-48-21.5-48-48s21.5-48 48-48 48 21.5 48 48-21.5 48-48 48zm80-208H416V144h44.1l99.9 99.9V256z\"><\/path><\/svg>\t\t\t\t<\/span>\n\t\t\t<\/div>\n\t\t\t\n\t\t\t\t\t\t<div class=\"elementor-icon-box-content\">\n\n\t\t\t\t\t\t\t\t\t<h4 class=\"elementor-icon-box-title\">\n\t\t\t\t\t\t<span  >\n\t\t\t\t\t\t\tProfessionelle Lieferung und Montage\t\t\t\t\t\t<\/span>\n\t\t\t\t\t<\/h4>\n\t\t\t\t\n\t\t\t\t\t\t\t\t\t<p class=\"elementor-icon-box-description\">\n\t\t\t\t\t\tTermingerechte und professionelle Lieferung sowie Montage Ihrer M\u00f6blierung, wobei auf Ihre zeitliche Verf\u00fcgbarkeit R\u00fccksicht genommen wird und bei Bedarf auch abends und samstags geliefert wird.\t\t\t\t\t<\/p>\n\t\t\t\t\n\t\t\t<\/div>\n\t\t\t\n\t\t<\/div>\n\t\t\t\t\t\t<\/div>\n\t\t\t\t<\/div>\n\t\t\t\t<div class=\"elementor-element elementor-element-ba816f9 elementor-widget elementor-widget-image\" data-id=\"ba816f9\" data-element_type=\"widget\" data-e-type=\"widget\" data-widget_type=\"image.default\">\n\t\t\t\t<div class=\"elementor-widget-container\">\n\t\t\t\t\t\t\t\t\t\t\t\t\t\t\t<img decoding=\"async\" width=\"941\" height=\"706\" src=\"https:\/\/www.wohnbedarf.ch\/wp-content\/uploads\/logistiklager-e1720712461479.jpg\" class=\"attachment-full size-full wp-image-15274\" alt=\"\" srcset=\"https:\/\/www.wohnbedarf.ch\/wp-content\/uploads\/logistiklager-e1720712461479.jpg 941w, https:\/\/www.wohnbedarf.ch\/wp-content\/uploads\/logistiklager-e1720712461479-300x225.jpg 300w, https:\/\/www.wohnbedarf.ch\/wp-content\/uploads\/logistiklager-e1720712461479-768x576.jpg 768w\" sizes=\"(max-width: 941px) 100vw, 941px\" \/>\t\t\t\t\t\t\t\t\t\t\t\t\t\t\t<\/div>\n\t\t\t\t<\/div>\n\t\t\t\t<div class=\"elementor-element elementor-element-16222d2 elementor-view-framed elementor-shape-circle elementor-position-block-start elementor-mobile-position-block-start elementor-widget elementor-widget-icon-box\" data-id=\"16222d2\" data-element_type=\"widget\" data-e-type=\"widget\" data-widget_type=\"icon-box.default\">\n\t\t\t\t<div class=\"elementor-widget-container\">\n\t\t\t\t\t\t\t<div class=\"elementor-icon-box-wrapper\">\n\n\t\t\t\t\t\t<div class=\"elementor-icon-box-icon\">\n\t\t\t\t<span  class=\"elementor-icon\">\n\t\t\t\t<i aria-hidden=\"true\" class=\"iconwb icon-wb078-settings\"><\/i>\t\t\t\t<\/span>\n\t\t\t<\/div>\n\t\t\t\n\t\t\t\t\t\t<div class=\"elementor-icon-box-content\">\n\n\t\t\t\t\t\t\t\t\t<h4 class=\"elementor-icon-box-title\">\n\t\t\t\t\t\t<span  >\n\t\t\t\t\t\t\tKomplexe Logistikkonzepte\t\t\t\t\t\t<\/span>\n\t\t\t\t\t<\/h4>\n\t\t\t\t\n\t\t\t\t\t\t\t\t\t<p class=\"elementor-icon-box-description\">\n\t\t\t\t\t\tEntwicklung und Implementierung massgeschneiderter Logistikl\u00f6sungen, die den individuellen Bed\u00fcrfnissen der Kunden gerecht werden.\t\t\t\t\t<\/p>\n\t\t\t\t\n\t\t\t<\/div>\n\t\t\t\n\t\t<\/div>\n\t\t\t\t\t\t<\/div>\n\t\t\t\t<\/div>\n\t\t\t\t<div class=\"elementor-element elementor-element-791c65d elementor-widget elementor-widget-image\" data-id=\"791c65d\" data-element_type=\"widget\" data-e-type=\"widget\" data-widget_type=\"image.default\">\n\t\t\t\t<div class=\"elementor-widget-container\">\n\t\t\t\t\t\t\t\t\t\t\t\t\t\t\t<img decoding=\"async\" width=\"740\" height=\"555\" src=\"https:\/\/www.wohnbedarf.ch\/wp-content\/uploads\/arm-scanning-box-code-e1720712543307.jpg\" class=\"attachment-full size-full wp-image-15275\" alt=\"\" srcset=\"https:\/\/www.wohnbedarf.ch\/wp-content\/uploads\/arm-scanning-box-code-e1720712543307.jpg 740w, https:\/\/www.wohnbedarf.ch\/wp-content\/uploads\/arm-scanning-box-code-e1720712543307-300x225.jpg 300w\" sizes=\"(max-width: 740px) 100vw, 740px\" \/>\t\t\t\t\t\t\t\t\t\t\t\t\t\t\t<\/div>\n\t\t\t\t<\/div>\n\t\t\t\t<div class=\"elementor-element elementor-element-436bfb1 elementor-view-framed elementor-shape-circle elementor-position-block-start elementor-mobile-position-block-start elementor-widget elementor-widget-icon-box\" data-id=\"436bfb1\" data-element_type=\"widget\" data-e-type=\"widget\" data-widget_type=\"icon-box.default\">\n\t\t\t\t<div class=\"elementor-widget-container\">\n\t\t\t\t\t\t\t<div class=\"elementor-icon-box-wrapper\">\n\n\t\t\t\t\t\t<div class=\"elementor-icon-box-icon\">\n\t\t\t\t<span  class=\"elementor-icon\">\n\t\t\t\t<svg aria-hidden=\"true\" class=\"e-font-icon-svg e-fas-tree\" viewBox=\"0 0 384 512\" xmlns=\"http:\/\/www.w3.org\/2000\/svg\"><path d=\"M378.31 378.49L298.42 288h30.63c9.01 0 16.98-5 20.78-13.06 3.8-8.04 2.55-17.26-3.28-24.05L268.42 160h28.89c9.1 0 17.3-5.35 20.86-13.61 3.52-8.13 1.86-17.59-4.24-24.08L203.66 4.83c-6.03-6.45-17.28-6.45-23.32 0L70.06 122.31c-6.1 6.49-7.75 15.95-4.24 24.08C69.38 154.65 77.59 160 86.69 160h28.89l-78.14 90.91c-5.81 6.78-7.06 15.99-3.27 24.04C37.97 283 45.93 288 54.95 288h30.63L5.69 378.49c-6 6.79-7.36 16.09-3.56 24.26 3.75 8.05 12 13.25 21.01 13.25H160v24.45l-30.29 48.4c-5.32 10.64 2.42 23.16 14.31 23.16h95.96c11.89 0 19.63-12.52 14.31-23.16L224 440.45V416h136.86c9.01 0 17.26-5.2 21.01-13.25 3.8-8.17 2.44-17.47-3.56-24.26z\"><\/path><\/svg>\t\t\t\t<\/span>\n\t\t\t<\/div>\n\t\t\t\n\t\t\t\t\t\t<div class=\"elementor-icon-box-content\">\n\n\t\t\t\t\t\t\t\t\t<h4 class=\"elementor-icon-box-title\">\n\t\t\t\t\t\t<span  >\n\t\t\t\t\t\t\tNachhaltig\t\t\t\t\t\t<\/span>\n\t\t\t\t\t<\/h4>\n\t\t\t\t\n\t\t\t\t\t\t\t\t\t<p class=\"elementor-icon-box-description\">\n\t\t\t\t\t\t\nNachhaltigkeit gewinnt auch in der Logistik zunehmend an Bedeutung. wohnbedarf achtet darauf, umweltfreundliche Verpackungsmaterialien zu verwenden und die CO2-Emissionen durch optimierte Transportwege und den Einsatz umweltfreundlicher Transportmittel zu reduzieren.\t\t\t\t\t<\/p>\n\t\t\t\t\n\t\t\t<\/div>\n\t\t\t\n\t\t<\/div>\n\t\t\t\t\t\t<\/div>\n\t\t\t\t<\/div>\n\t\t\t\t<div class=\"elementor-element elementor-element-c9fd786 elementor-widget elementor-widget-image\" data-id=\"c9fd786\" data-element_type=\"widget\" data-e-type=\"widget\" data-widget_type=\"image.default\">\n\t\t\t\t<div class=\"elementor-widget-container\">\n\t\t\t\t\t\t\t\t\t\t\t\t\t\t\t<img loading=\"lazy\" decoding=\"async\" width=\"941\" height=\"706\" src=\"https:\/\/www.wohnbedarf.ch\/wp-content\/uploads\/textur-der-nahaufnahme-pflanzen_23-2148198882-e1720712932430.jpg\" class=\"attachment-full size-full wp-image-15277\" alt=\"\" srcset=\"https:\/\/www.wohnbedarf.ch\/wp-content\/uploads\/textur-der-nahaufnahme-pflanzen_23-2148198882-e1720712932430.jpg 941w, https:\/\/www.wohnbedarf.ch\/wp-content\/uploads\/textur-der-nahaufnahme-pflanzen_23-2148198882-e1720712932430-300x225.jpg 300w, https:\/\/www.wohnbedarf.ch\/wp-content\/uploads\/textur-der-nahaufnahme-pflanzen_23-2148198882-e1720712932430-768x576.jpg 768w\" sizes=\"(max-width: 941px) 100vw, 941px\" \/>\t\t\t\t\t\t\t\t\t\t\t\t\t\t\t<\/div>\n\t\t\t\t<\/div>\n\t\t\t\t<div class=\"elementor-element elementor-element-fcd3753 elementor-view-framed elementor-shape-circle elementor-position-block-start elementor-mobile-position-block-start elementor-widget elementor-widget-icon-box\" data-id=\"fcd3753\" data-element_type=\"widget\" data-e-type=\"widget\" data-widget_type=\"icon-box.default\">\n\t\t\t\t<div class=\"elementor-widget-container\">\n\t\t\t\t\t\t\t<div class=\"elementor-icon-box-wrapper\">\n\n\t\t\t\t\t\t<div class=\"elementor-icon-box-icon\">\n\t\t\t\t<span  class=\"elementor-icon\">\n\t\t\t\t<svg aria-hidden=\"true\" class=\"e-font-icon-svg e-fas-toolbox\" viewBox=\"0 0 512 512\" xmlns=\"http:\/\/www.w3.org\/2000\/svg\"><path d=\"M502.63 214.63l-45.25-45.25c-6-6-14.14-9.37-22.63-9.37H384V80c0-26.51-21.49-48-48-48H176c-26.51 0-48 21.49-48 48v80H77.25c-8.49 0-16.62 3.37-22.63 9.37L9.37 214.63c-6 6-9.37 14.14-9.37 22.63V320h128v-16c0-8.84 7.16-16 16-16h32c8.84 0 16 7.16 16 16v16h128v-16c0-8.84 7.16-16 16-16h32c8.84 0 16 7.16 16 16v16h128v-82.75c0-8.48-3.37-16.62-9.37-22.62zM320 160H192V96h128v64zm64 208c0 8.84-7.16 16-16 16h-32c-8.84 0-16-7.16-16-16v-16H192v16c0 8.84-7.16 16-16 16h-32c-8.84 0-16-7.16-16-16v-16H0v96c0 17.67 14.33 32 32 32h448c17.67 0 32-14.33 32-32v-96H384v16z\"><\/path><\/svg>\t\t\t\t<\/span>\n\t\t\t<\/div>\n\t\t\t\n\t\t\t\t\t\t<div class=\"elementor-icon-box-content\">\n\n\t\t\t\t\t\t\t\t\t<h4 class=\"elementor-icon-box-title\">\n\t\t\t\t\t\t<span  >\n\t\t\t\t\t\t\tServicecenter f\u00fcr Reparaturen und Entsorgungen\t\t\t\t\t\t<\/span>\n\t\t\t\t\t<\/h4>\n\t\t\t\t\n\t\t\t\t\t\t\t\t\t<p class=\"elementor-icon-box-description\">\n\t\t\t\t\t\tBereitstellung eines umfassenden Servicecenters, das Reparaturen bearbeitet und alte M\u00f6bel umweltgerecht entsorgt.\t\t\t\t\t<\/p>\n\t\t\t\t\n\t\t\t<\/div>\n\t\t\t\n\t\t<\/div>\n\t\t\t\t\t\t<\/div>\n\t\t\t\t<\/div>\n\t\t\t\t<div class=\"elementor-element elementor-element-bcd0547 elementor-widget elementor-widget-image\" data-id=\"bcd0547\" data-element_type=\"widget\" data-e-type=\"widget\" data-widget_type=\"image.default\">\n\t\t\t\t<div class=\"elementor-widget-container\">\n\t\t\t\t\t\t\t\t\t\t\t\t\t\t\t<img loading=\"lazy\" decoding=\"async\" width=\"933\" height=\"700\" src=\"https:\/\/www.wohnbedarf.ch\/wp-content\/uploads\/wohnbedarf_chairs_foto-valentin-jeck_4x3.jpg\" class=\"attachment-full size-full wp-image-15286\" alt=\"\" srcset=\"https:\/\/www.wohnbedarf.ch\/wp-content\/uploads\/wohnbedarf_chairs_foto-valentin-jeck_4x3.jpg 933w, https:\/\/www.wohnbedarf.ch\/wp-content\/uploads\/wohnbedarf_chairs_foto-valentin-jeck_4x3-300x225.jpg 300w, https:\/\/www.wohnbedarf.ch\/wp-content\/uploads\/wohnbedarf_chairs_foto-valentin-jeck_4x3-768x576.jpg 768w\" sizes=\"(max-width: 933px) 100vw, 933px\" \/>\t\t\t\t\t\t\t\t\t\t\t\t\t\t\t<\/div>\n\t\t\t\t<\/div>\n\t\t\t\t<\/div>\n\t\t\t\t\t<\/div>\n\t\t\t\t<\/div>\n\t\t<div class=\"elementor-element elementor-element-70ad2068 e-flex e-con-boxed e-con e-parent\" data-id=\"70ad2068\" data-element_type=\"container\" data-e-type=\"container\" data-settings=\"{&quot;background_background&quot;:&quot;classic&quot;}\">\n\t\t\t\t\t<div class=\"e-con-inner\">\n\t\t<div class=\"elementor-element elementor-element-76be3e7f e-flex e-con-boxed e-con e-child\" data-id=\"76be3e7f\" data-element_type=\"container\" data-e-type=\"container\">\n\t\t\t\t\t<div class=\"e-con-inner\">\n\t\t\t\t<div class=\"elementor-element elementor-element-35ba68b7 elementor-widget__width-initial animated-fast elementor-invisible elementor-widget elementor-widget-heading\" data-id=\"35ba68b7\" data-element_type=\"widget\" data-e-type=\"widget\" data-settings=\"{&quot;_animation&quot;:&quot;fadeInLeft&quot;}\" data-widget_type=\"heading.default\">\n\t\t\t\t<div class=\"elementor-widget-container\">\n\t\t\t\t\t<h2 class=\"elementor-heading-title elementor-size-default\">wohnbedarf plant und richtet Ihre R\u00e4ume ein.\nMit Leidenschaft und Expertise \u2013 seit 1931.<\/h2>\t\t\t\t<\/div>\n\t\t\t\t<\/div>\n\t\t\t\t<div class=\"elementor-element elementor-element-1a7883c4 elementor-align-right animated-fast elementor-mobile-align-justify elementor-invisible elementor-widget elementor-widget-button\" data-id=\"1a7883c4\" data-element_type=\"widget\" data-e-type=\"widget\" data-settings=\"{&quot;_animation&quot;:&quot;fadeInRight&quot;,&quot;_animation_delay&quot;:200}\" data-widget_type=\"button.default\">\n\t\t\t\t<div class=\"elementor-widget-container\">\n\t\t\t\t\t\t\t\t\t<div class=\"elementor-button-wrapper\">\n\t\t\t\t\t<a class=\"elementor-button elementor-button-link elementor-size-sm\" href=\"https:\/\/wohnbedarftermin.as.me\/\" target=\"_blank\">\n\t\t\t\t\t\t<span class=\"elementor-button-content-wrapper\">\n\t\t\t\t\t\t\t\t\t<span class=\"elementor-button-text\">BERATUNGSTERMIN BUCHEN<\/span>\n\t\t\t\t\t<\/span>\n\t\t\t\t\t<\/a>\n\t\t\t\t<\/div>\n\t\t\t\t\t\t\t\t<\/div>\n\t\t\t\t<\/div>\n\t\t\t\t\t<\/div>\n\t\t\t\t<\/div>\n\t\t\t\t\t<\/div>\n\t\t\t\t<\/div>\n\t\t\t\t<\/div>\n\t\t","protected":false},"excerpt":{"rendered":"<p>Optimierte Prozesse durch effiziente L\u00f6sungen Die Logistik spielt eine entscheidende Rolle f\u00fcr den Erfolg von wohnbedarf, einem f\u00fchrenden Anbieter von Gesch\u00e4ftseinrichtungen. Eine durchdachte Logistikstrategie erm\u00f6glicht es wohnbedarf, die Bed\u00fcrfnisse effizient zu erf\u00fcllen, die Lieferzeiten zu minimieren und die Zufriedenheit der Kund:innen zu maximieren. Ein besonderes Augenmerk auf Nachhaltigkeit rundet die moderne Logistikstrategie ab und positioniert [&hellip;]<\/p>\n","protected":false},"author":1,"featured_media":10709,"parent":9110,"menu_order":8,"comment_status":"closed","ping_status":"closed","template":"","meta":{"footnotes":""},"class_list":["post-9134","page","type-page","status-publish","has-post-thumbnail","hentry"],"_links":{"self":[{"href":"https:\/\/www.wohnbedarf.ch\/de\/wp-json\/wp\/v2\/pages\/9134","targetHints":{"allow":["GET"]}}],"collection":[{"href":"https:\/\/www.wohnbedarf.ch\/de\/wp-json\/wp\/v2\/pages"}],"about":[{"href":"https:\/\/www.wohnbedarf.ch\/de\/wp-json\/wp\/v2\/types\/page"}],"author":[{"embeddable":true,"href":"https:\/\/www.wohnbedarf.ch\/de\/wp-json\/wp\/v2\/users\/1"}],"replies":[{"embeddable":true,"href":"https:\/\/www.wohnbedarf.ch\/de\/wp-json\/wp\/v2\/comments?post=9134"}],"version-history":[{"count":76,"href":"https:\/\/www.wohnbedarf.ch\/de\/wp-json\/wp\/v2\/pages\/9134\/revisions"}],"predecessor-version":[{"id":24660,"href":"https:\/\/www.wohnbedarf.ch\/de\/wp-json\/wp\/v2\/pages\/9134\/revisions\/24660"}],"up":[{"embeddable":true,"href":"https:\/\/www.wohnbedarf.ch\/de\/wp-json\/wp\/v2\/pages\/9110"}],"wp:featuredmedia":[{"embeddable":true,"href":"https:\/\/www.wohnbedarf.ch\/de\/wp-json\/wp\/v2\/media\/10709"}],"wp:attachment":[{"href":"https:\/\/www.wohnbedarf.ch\/de\/wp-json\/wp\/v2\/media?parent=9134"}],"curies":[{"name":"wp","href":"https:\/\/api.w.org\/{rel}","templated":true}]}}