{"id":9124,"date":"2024-10-04T16:45:57","date_gmt":"2024-10-04T14:45:57","guid":{"rendered":"https:\/\/wb.gefire.org\/?page_id=9124"},"modified":"2026-04-10T17:15:22","modified_gmt":"2026-04-10T15:15:22","slug":"kulturelle-einrichtungen","status":"publish","type":"page","link":"https:\/\/www.wohnbedarf.ch\/de\/geschaeftseinrichtung\/geschaeftsraeume__trashed\/kulturelle-einrichtungen\/","title":{"rendered":"Kunst- und Kulturinsitutionen"},"content":{"rendered":"\t\t<div data-elementor-type=\"wp-page\" data-elementor-id=\"9124\" class=\"elementor elementor-9124\" data-elementor-post-type=\"page\">\n\t\t\t\t<div class=\"elementor-element elementor-element-4c3d81e3 e-flex e-con-boxed e-con e-parent\" data-id=\"4c3d81e3\" data-element_type=\"container\" data-e-type=\"container\">\n\t\t\t\t\t<div class=\"e-con-inner\">\n\t\t<div class=\"elementor-element elementor-element-57df44c0 e-flex e-con-boxed e-con e-child\" data-id=\"57df44c0\" data-element_type=\"container\" data-e-type=\"container\">\n\t\t\t\t\t<div class=\"e-con-inner\">\n\t\t\t\t<div class=\"elementor-element elementor-element-51504 elementor-widget__width-initial elementor-widget elementor-widget-heading\" data-id=\"51504\" data-element_type=\"widget\" data-e-type=\"widget\" data-widget_type=\"heading.default\">\n\t\t\t\t<div class=\"elementor-widget-container\">\n\t\t\t\t\t<div class=\"elementor-heading-title elementor-size-default\">Kunst- und Kulturinsitutionen<\/div>\t\t\t\t<\/div>\n\t\t\t\t<\/div>\n\t\t\t\t<div class=\"elementor-element elementor-element-3317b03d elementor-widget__width-initial elementor-widget elementor-widget-heading\" data-id=\"3317b03d\" data-element_type=\"widget\" data-e-type=\"widget\" data-widget_type=\"heading.default\">\n\t\t\t\t<div class=\"elementor-widget-container\">\n\t\t\t\t\t<h1 class=\"elementor-heading-title elementor-size-default\">Hochwertiger Innenausbau<\/h1>\t\t\t\t<\/div>\n\t\t\t\t<\/div>\n\t\t\t\t<div class=\"elementor-element elementor-element-204d5223 elementor-widget__width-initial elementor-widget elementor-widget-text-editor\" data-id=\"204d5223\" data-element_type=\"widget\" data-e-type=\"widget\" data-widget_type=\"text-editor.default\">\n\t\t\t\t<div class=\"elementor-widget-container\">\n\t\t\t\t\t\t\t\t\t<p><strong>wohnbedarf<\/strong> bietet umfassende Raumkonzepte f\u00fcr Museen, Galerien, Bibliotheken und Konzerts\u00e4le. Eine funktionale wie auch \u00e4sthetische Raumausstattung, inklusive optimaler Beleuchtung, Akustik und Materialauswahl stellt Ihre Ausstellungsobjekte ins Zentrum \u2013 f\u00fcr ein unvergessliches Erlebnis f\u00fcr Ihr Publikum.<\/p>\t\t\t\t\t\t\t\t<\/div>\n\t\t\t\t<\/div>\n\t\t\t\t<div class=\"elementor-element elementor-element-1a77ba1c elementor-widget__width-initial animated-fast elementor-invisible elementor-widget elementor-widget-button\" data-id=\"1a77ba1c\" data-element_type=\"widget\" data-e-type=\"widget\" data-settings=\"{&quot;_animation&quot;:&quot;fadeIn&quot;,&quot;_animation_delay&quot;:300}\" data-widget_type=\"button.default\">\n\t\t\t\t<div class=\"elementor-widget-container\">\n\t\t\t\t\t\t\t\t\t<div class=\"elementor-button-wrapper\">\n\t\t\t\t\t<a class=\"elementor-button elementor-button-link elementor-size-sm\" href=\"https:\/\/wohnbedarftermin.as.me\/\" target=\"_blank\">\n\t\t\t\t\t\t<span class=\"elementor-button-content-wrapper\">\n\t\t\t\t\t\t\t\t\t<span class=\"elementor-button-text\">Beratungstermin buchen<\/span>\n\t\t\t\t\t<\/span>\n\t\t\t\t\t<\/a>\n\t\t\t\t<\/div>\n\t\t\t\t\t\t\t\t<\/div>\n\t\t\t\t<\/div>\n\t\t\t\t\t<\/div>\n\t\t\t\t<\/div>\n\t\t\t\t\t<\/div>\n\t\t\t\t<\/div>\n\t\t<div class=\"elementor-element elementor-element-cd6b216 e-flex e-con-boxed e-con e-parent\" data-id=\"cd6b216\" data-element_type=\"container\" data-e-type=\"container\">\n\t\t\t\t\t<div class=\"e-con-inner\">\n\t\t<div class=\"elementor-element elementor-element-b1301a9 e-flex e-con-boxed e-con e-child\" data-id=\"b1301a9\" data-element_type=\"container\" data-e-type=\"container\">\n\t\t\t\t\t<div class=\"e-con-inner\">\n\t\t\t\t<div class=\"elementor-element elementor-element-abcbcfa elementor-widget elementor-widget-gallery\" data-id=\"abcbcfa\" data-element_type=\"widget\" data-e-type=\"widget\" data-settings=\"{&quot;columns&quot;:2,&quot;gap&quot;:{&quot;unit&quot;:&quot;px&quot;,&quot;size&quot;:20,&quot;sizes&quot;:[]},&quot;gallery_layout&quot;:&quot;grid&quot;,&quot;columns_tablet&quot;:2,&quot;columns_mobile&quot;:1,&quot;gap_laptop&quot;:{&quot;unit&quot;:&quot;px&quot;,&quot;size&quot;:10,&quot;sizes&quot;:[]},&quot;gap_tablet&quot;:{&quot;unit&quot;:&quot;px&quot;,&quot;size&quot;:10,&quot;sizes&quot;:[]},&quot;gap_mobile&quot;:{&quot;unit&quot;:&quot;px&quot;,&quot;size&quot;:10,&quot;sizes&quot;:[]},&quot;link_to&quot;:&quot;file&quot;,&quot;aspect_ratio&quot;:&quot;3:2&quot;,&quot;overlay_background&quot;:&quot;yes&quot;,&quot;content_hover_animation&quot;:&quot;fade-in&quot;}\" data-widget_type=\"gallery.default\">\n\t\t\t\t<div class=\"elementor-widget-container\">\n\t\t\t\t\t\t\t<div class=\"elementor-gallery__container\">\n\t\t\t\t\t\t\t<a class=\"e-gallery-item elementor-gallery-item elementor-animated-content\" href=\"https:\/\/www.wohnbedarf.ch\/wp-content\/uploads\/interiordesign_kunsthaus-zuerich-erweiterung_treppe-stuhl-fritz-hansen_foto-felix-krumbholz.jpg\" data-elementor-open-lightbox=\"yes\" data-elementor-lightbox-slideshow=\"abcbcfa\" data-elementor-lightbox-title=\"interiordesign_kunsthaus-zuerich-erweiterung_treppe-stuhl-fritz-hansen_foto-felix-krumbholz\" data-e-action-hash=\"#elementor-action%3Aaction%3Dlightbox%26settings%3DeyJpZCI6MTIxNzIsInVybCI6Imh0dHBzOlwvXC93d3cud29obmJlZGFyZi5jaFwvd3AtY29udGVudFwvdXBsb2Fkc1wvaW50ZXJpb3JkZXNpZ25fa3Vuc3RoYXVzLXp1ZXJpY2gtZXJ3ZWl0ZXJ1bmdfdHJlcHBlLXN0dWhsLWZyaXR6LWhhbnNlbl9mb3RvLWZlbGl4LWtydW1iaG9sei5qcGciLCJzbGlkZXNob3ciOiJhYmNiY2ZhIn0%3D\">\n\t\t\t\t\t<div class=\"e-gallery-image elementor-gallery-item__image\" data-thumbnail=\"https:\/\/www.wohnbedarf.ch\/wp-content\/uploads\/interiordesign_kunsthaus-zuerich-erweiterung_treppe-stuhl-fritz-hansen_foto-felix-krumbholz.jpg\" data-width=\"734\" data-height=\"489\" aria-label=\"\" role=\"img\" ><\/div>\n\t\t\t\t\t\t\t\t\t\t\t<div class=\"elementor-gallery-item__overlay\"><\/div>\n\t\t\t\t\t\t\t\t\t\t\t\t\t\t<\/a>\n\t\t\t\t\t\t\t<a class=\"e-gallery-item elementor-gallery-item elementor-animated-content\" href=\"https:\/\/www.wohnbedarf.ch\/wp-content\/uploads\/interiordesign_kunsthaus-zuerich-erweiterung_saal-stuhl-fritz-hansen_foto-felix-krumbholz.jpg\" data-elementor-open-lightbox=\"yes\" data-elementor-lightbox-slideshow=\"abcbcfa\" data-elementor-lightbox-title=\"interiordesign_kunsthaus-zuerich-erweiterung_saal-stuhl-fritz-hansen_foto-felix-krumbholz\" data-e-action-hash=\"#elementor-action%3Aaction%3Dlightbox%26settings%3DeyJpZCI6MTIxNzEsInVybCI6Imh0dHBzOlwvXC93d3cud29obmJlZGFyZi5jaFwvd3AtY29udGVudFwvdXBsb2Fkc1wvaW50ZXJpb3JkZXNpZ25fa3Vuc3RoYXVzLXp1ZXJpY2gtZXJ3ZWl0ZXJ1bmdfc2FhbC1zdHVobC1mcml0ei1oYW5zZW5fZm90by1mZWxpeC1rcnVtYmhvbHouanBnIiwic2xpZGVzaG93IjoiYWJjYmNmYSJ9\">\n\t\t\t\t\t<div class=\"e-gallery-image elementor-gallery-item__image\" data-thumbnail=\"https:\/\/www.wohnbedarf.ch\/wp-content\/uploads\/interiordesign_kunsthaus-zuerich-erweiterung_saal-stuhl-fritz-hansen_foto-felix-krumbholz.jpg\" data-width=\"734\" data-height=\"489\" aria-label=\"\" role=\"img\" ><\/div>\n\t\t\t\t\t\t\t\t\t\t\t<div class=\"elementor-gallery-item__overlay\"><\/div>\n\t\t\t\t\t\t\t\t\t\t\t\t\t\t<\/a>\n\t\t\t\t\t<\/div>\n\t\t\t\t\t<\/div>\n\t\t\t\t<\/div>\n\t\t\t\t\t<\/div>\n\t\t\t\t<\/div>\n\t\t<div class=\"elementor-element elementor-element-328d435 e-flex e-con-boxed e-con e-child\" data-id=\"328d435\" data-element_type=\"container\" data-e-type=\"container\">\n\t\t\t\t\t<div class=\"e-con-inner\">\n\t\t\t\t<div class=\"elementor-element elementor-element-bed6c04 elementor-widget elementor-widget-text-editor\" data-id=\"bed6c04\" data-element_type=\"widget\" data-e-type=\"widget\" data-widget_type=\"text-editor.default\">\n\t\t\t\t<div class=\"elementor-widget-container\">\n\t\t\t\t\t\t\t\t\t<p>wohnbedarf, Einrichtung Erweiterungsbau Kunsthaus Z\u00fcrich, Fotos: Felix Krumbholz<\/p>\t\t\t\t\t\t\t\t<\/div>\n\t\t\t\t<\/div>\n\t\t\t\t\t<\/div>\n\t\t\t\t<\/div>\n\t\t\t\t\t<\/div>\n\t\t\t\t<\/div>\n\t\t<div class=\"elementor-element elementor-element-e56d993 e-flex e-con-boxed e-con e-parent\" data-id=\"e56d993\" data-element_type=\"container\" data-e-type=\"container\" data-settings=\"{&quot;background_background&quot;:&quot;classic&quot;}\">\n\t\t\t\t\t<div class=\"e-con-inner\">\n\t\t<div class=\"elementor-element elementor-element-232a4af e-flex e-con-boxed e-con e-child\" data-id=\"232a4af\" data-element_type=\"container\" data-e-type=\"container\">\n\t\t\t\t\t<div class=\"e-con-inner\">\n\t\t\t\t<div class=\"elementor-element elementor-element-818c06a elementor-widget__width-initial elementor-widget elementor-widget-heading\" data-id=\"818c06a\" data-element_type=\"widget\" data-e-type=\"widget\" data-widget_type=\"heading.default\">\n\t\t\t\t<div class=\"elementor-widget-container\">\n\t\t\t\t\t<h2 class=\"elementor-heading-title elementor-size-default\">Wir planen Ihr R\u00e4ume<\/h2>\t\t\t\t<\/div>\n\t\t\t\t<\/div>\n\t\t\t\t<div class=\"elementor-element elementor-element-3c1ae33 elementor-widget__width-initial elementor-widget elementor-widget-heading\" data-id=\"3c1ae33\" data-element_type=\"widget\" data-e-type=\"widget\" data-widget_type=\"heading.default\">\n\t\t\t\t<div class=\"elementor-widget-container\">\n\t\t\t\t\t<h3 class=\"elementor-heading-title elementor-size-default\">Massgeschneiderte Einrichtungskonzepte und M\u00f6blierung von kulturellen Institutionen<\/h3>\t\t\t\t<\/div>\n\t\t\t\t<\/div>\n\t\t\t\t<div class=\"elementor-element elementor-element-b7cd141 elementor-widget__width-initial elementor-widget elementor-widget-text-editor\" data-id=\"b7cd141\" data-element_type=\"widget\" data-e-type=\"widget\" data-widget_type=\"text-editor.default\">\n\t\t\t\t<div class=\"elementor-widget-container\">\n\t\t\t\t\t\t\t\t\t<p>Hier finden Sie das Spektrum der Planungsleistungen von <strong>wohnbedarf<\/strong> f\u00fcr Ihre R\u00e4ume. <span style=\"text-align: var(--text-align); color: var( --e-global-color-text );\">Bei <\/span><strong style=\"text-align: var(--text-align); color: var( --e-global-color-text );\">wohnbedarf<\/strong><span style=\"text-align: var(--text-align); color: var( --e-global-color-text );\"> w\u00e4hlen Sie je nach Ihren Bed\u00fcrfnissen, welche Leistungen Sie beziehen m\u00f6chten. Auf Wunsch bietet <\/span><strong style=\"text-align: var(--text-align); color: var( --e-global-color-text );\">wohnbedarf<\/strong><span style=\"text-align: var(--text-align); color: var( --e-global-color-text );\"> ganzheitliche L\u00f6sungen \u2013 von der Planung \u00fcber die Umsetzung bis zur finalen Abnahme, alles aus einer Hand.<\/span><\/p>\t\t\t\t\t\t\t\t<\/div>\n\t\t\t\t<\/div>\n\t\t\t\t\t<\/div>\n\t\t\t\t<\/div>\n\t\t<div class=\"elementor-element elementor-element-7c8f884 e-flex e-con-boxed e-con e-child\" data-id=\"7c8f884\" data-element_type=\"container\" data-e-type=\"container\">\n\t\t\t\t\t<div class=\"e-con-inner\">\n\t\t<div class=\"elementor-element elementor-element-aa11247 e-flex e-con-boxed e-con e-child\" data-id=\"aa11247\" data-element_type=\"container\" data-e-type=\"container\">\n\t\t\t\t\t<div class=\"e-con-inner\">\n\t\t\t\t<div class=\"elementor-element elementor-element-01b461a elementor-widget elementor-widget-heading\" data-id=\"01b461a\" data-element_type=\"widget\" data-e-type=\"widget\" data-widget_type=\"heading.default\">\n\t\t\t\t<div class=\"elementor-widget-container\">\n\t\t\t\t\t<h4 class=\"elementor-heading-title elementor-size-default\">Bedarfsanalyse<\/h4>\t\t\t\t<\/div>\n\t\t\t\t<\/div>\n\t\t\t\t<div class=\"elementor-element elementor-element-aa5a660 elementor-widget elementor-widget-text-editor\" data-id=\"aa5a660\" data-element_type=\"widget\" data-e-type=\"widget\" data-widget_type=\"text-editor.default\">\n\t\t\t\t<div class=\"elementor-widget-container\">\n\t\t\t\t\t\t\t\t\t<p>Ihre Vision steht bei uns an erster Stelle. Auf der Grundlage Ihrer individuellen Bed\u00fcrfnisse und Anforderungen erstellt <strong>wohnbedarf<\/strong> ein massgeschneidertes Einrichtungskonzept f\u00fcr Ihre R\u00e4ume. <strong>wohnbedarf<\/strong> plant Ihre R\u00e4ume \u2013 von Ausstellungsr\u00e4umen \u00fcber Aufenthaltsbereichen bis hin zu Gastronomiebereichen.<\/p>\t\t\t\t\t\t\t\t<\/div>\n\t\t\t\t<\/div>\n\t\t\t\t\t<\/div>\n\t\t\t\t<\/div>\n\t\t<div class=\"elementor-element elementor-element-8ab2924 e-flex e-con-boxed e-con e-child\" data-id=\"8ab2924\" data-element_type=\"container\" data-e-type=\"container\">\n\t\t\t\t\t<div class=\"e-con-inner\">\n\t\t\t\t<div class=\"elementor-element elementor-element-e68d058 elementor-widget elementor-widget-heading\" data-id=\"e68d058\" data-element_type=\"widget\" data-e-type=\"widget\" data-widget_type=\"heading.default\">\n\t\t\t\t<div class=\"elementor-widget-container\">\n\t\t\t\t\t<h4 class=\"elementor-heading-title elementor-size-default\">Planung<\/h4>\t\t\t\t<\/div>\n\t\t\t\t<\/div>\n\t\t\t\t<div class=\"elementor-element elementor-element-1432daf elementor-widget elementor-widget-text-editor\" data-id=\"1432daf\" data-element_type=\"widget\" data-e-type=\"widget\" data-widget_type=\"text-editor.default\">\n\t\t\t\t<div class=\"elementor-widget-container\">\n\t\t\t\t\t\t\t\t\t<ul><li>Gesamtkonzept<\/li><li>Einrichtungsplanung<\/li><li>M\u00f6belberatung<\/li><li>Lichtkonzept<\/li><li>Akustikberatung<\/li><li>Farb-\/Materialberatung<\/li><li>Textilberatung<\/li><\/ul>\t\t\t\t\t\t\t\t<\/div>\n\t\t\t\t<\/div>\n\t\t\t\t\t<\/div>\n\t\t\t\t<\/div>\n\t\t<div class=\"elementor-element elementor-element-cecfee7 e-flex e-con-boxed e-con e-child\" data-id=\"cecfee7\" data-element_type=\"container\" data-e-type=\"container\">\n\t\t\t\t\t<div class=\"e-con-inner\">\n\t\t<div class=\"elementor-element elementor-element-c054a63 e-flex e-con-boxed e-con e-child\" data-id=\"c054a63\" data-element_type=\"container\" data-e-type=\"container\">\n\t\t\t\t\t<div class=\"e-con-inner\">\n\t\t\t\t<div class=\"elementor-element elementor-element-22d9205 elementor-widget elementor-widget-heading\" data-id=\"22d9205\" data-element_type=\"widget\" data-e-type=\"widget\" data-widget_type=\"heading.default\">\n\t\t\t\t<div class=\"elementor-widget-container\">\n\t\t\t\t\t<h4 class=\"elementor-heading-title elementor-size-default\">Innenausbau<\/h4>\t\t\t\t<\/div>\n\t\t\t\t<\/div>\n\t\t\t\t<div class=\"elementor-element elementor-element-498e0b5 elementor-widget elementor-widget-text-editor\" data-id=\"498e0b5\" data-element_type=\"widget\" data-e-type=\"widget\" data-widget_type=\"text-editor.default\">\n\t\t\t\t<div class=\"elementor-widget-container\">\n\t\t\t\t\t\t\t\t\t<p>Der Innenausbau ist Grundlage einer guten Innen-architektur und M\u00f6blierung. <strong>wohnbedarf<\/strong> bietet Ihnen den Innenausbau respektive die Renovation von R\u00e4umlichkeiten als Dienstleistung an. Sie haben somit alles aus einer Hand und m\u00fcssen sich nicht um Schnittstellen k\u00fcmmern. Die Innenausbau-l\u00f6sungen von <strong>wohnbedarf<\/strong> sind individuell auf Sie und die Anforderungen an Ihre R\u00e4ume abgestimmt.<\/p>\t\t\t\t\t\t\t\t<\/div>\n\t\t\t\t<\/div>\n\t\t\t\t\t<\/div>\n\t\t\t\t<\/div>\n\t\t\t\t\t<\/div>\n\t\t\t\t<\/div>\n\t\t\t\t\t<\/div>\n\t\t\t\t<\/div>\n\t\t\t\t\t<\/div>\n\t\t\t\t<\/div>\n\t\t<div class=\"elementor-element elementor-element-8a8dccc e-flex e-con-boxed e-con e-parent\" data-id=\"8a8dccc\" data-element_type=\"container\" data-e-type=\"container\" data-settings=\"{&quot;background_background&quot;:&quot;classic&quot;}\">\n\t\t\t\t\t<div class=\"e-con-inner\">\n\t\t<div class=\"elementor-element elementor-element-3a1d3c8 e-flex e-con-boxed e-con e-child\" data-id=\"3a1d3c8\" data-element_type=\"container\" data-e-type=\"container\">\n\t\t\t\t\t<div class=\"e-con-inner\">\n\t\t\t\t<div class=\"elementor-element elementor-element-d4b3b0c elementor-widget__width-initial animated-fast elementor-invisible elementor-widget elementor-widget-heading\" data-id=\"d4b3b0c\" data-element_type=\"widget\" data-e-type=\"widget\" data-settings=\"{&quot;_animation&quot;:&quot;fadeInLeft&quot;}\" data-widget_type=\"heading.default\">\n\t\t\t\t<div class=\"elementor-widget-container\">\n\t\t\t\t\t<h2 class=\"elementor-heading-title elementor-size-default\">wohnbedarf plant und richtet Ihre R\u00e4ume ein.\nMit Leidenschaft und Expertise \u2013 seit 1931.<\/h2>\t\t\t\t<\/div>\n\t\t\t\t<\/div>\n\t\t\t\t<div class=\"elementor-element elementor-element-0ea255c elementor-align-right animated-fast elementor-mobile-align-justify elementor-invisible elementor-widget elementor-widget-button\" data-id=\"0ea255c\" data-element_type=\"widget\" data-e-type=\"widget\" data-settings=\"{&quot;_animation&quot;:&quot;fadeInRight&quot;,&quot;_animation_delay&quot;:200}\" data-widget_type=\"button.default\">\n\t\t\t\t<div class=\"elementor-widget-container\">\n\t\t\t\t\t\t\t\t\t<div class=\"elementor-button-wrapper\">\n\t\t\t\t\t<a class=\"elementor-button elementor-button-link elementor-size-sm\" href=\"https:\/\/wohnbedarftermin.as.me\/\" target=\"_blank\">\n\t\t\t\t\t\t<span class=\"elementor-button-content-wrapper\">\n\t\t\t\t\t\t\t\t\t<span class=\"elementor-button-text\">BERATUNGSTERMIN BUCHEN<\/span>\n\t\t\t\t\t<\/span>\n\t\t\t\t\t<\/a>\n\t\t\t\t<\/div>\n\t\t\t\t\t\t\t\t<\/div>\n\t\t\t\t<\/div>\n\t\t\t\t\t<\/div>\n\t\t\t\t<\/div>\n\t\t\t\t\t<\/div>\n\t\t\t\t<\/div>\n\t\t\t\t<\/div>\n\t\t","protected":false},"excerpt":{"rendered":"<p>Hochwertiger Innenausbau wohnbedarf bietet umfassende Raumkonzepte f\u00fcr Museen, Galerien, Bibliotheken und Konzerts\u00e4le. Eine funktionale wie auch \u00e4sthetische Raumausstattung, inklusive optimaler Beleuchtung, Akustik und Materialauswahl stellt Ihre Ausstellungsobjekte ins Zentrum \u2013 f\u00fcr ein unvergessliches Erlebnis f\u00fcr Ihr Publikum. Beratungstermin buchen wohnbedarf, Einrichtung Erweiterungsbau Kunsthaus Z\u00fcrich, Fotos: Felix Krumbholz Wir planen Ihr R\u00e4ume Massgeschneiderte Einrichtungskonzepte und M\u00f6blierung [&hellip;]<\/p>\n","protected":false},"author":1,"featured_media":16932,"parent":9114,"menu_order":6,"comment_status":"closed","ping_status":"closed","template":"","meta":{"footnotes":""},"class_list":["post-9124","page","type-page","status-publish","has-post-thumbnail","hentry"],"_links":{"self":[{"href":"https:\/\/www.wohnbedarf.ch\/de\/wp-json\/wp\/v2\/pages\/9124","targetHints":{"allow":["GET"]}}],"collection":[{"href":"https:\/\/www.wohnbedarf.ch\/de\/wp-json\/wp\/v2\/pages"}],"about":[{"href":"https:\/\/www.wohnbedarf.ch\/de\/wp-json\/wp\/v2\/types\/page"}],"author":[{"embeddable":true,"href":"https:\/\/www.wohnbedarf.ch\/de\/wp-json\/wp\/v2\/users\/1"}],"replies":[{"embeddable":true,"href":"https:\/\/www.wohnbedarf.ch\/de\/wp-json\/wp\/v2\/comments?post=9124"}],"version-history":[{"count":67,"href":"https:\/\/www.wohnbedarf.ch\/de\/wp-json\/wp\/v2\/pages\/9124\/revisions"}],"predecessor-version":[{"id":32601,"href":"https:\/\/www.wohnbedarf.ch\/de\/wp-json\/wp\/v2\/pages\/9124\/revisions\/32601"}],"up":[{"embeddable":true,"href":"https:\/\/www.wohnbedarf.ch\/de\/wp-json\/wp\/v2\/pages\/9114"}],"wp:featuredmedia":[{"embeddable":true,"href":"https:\/\/www.wohnbedarf.ch\/de\/wp-json\/wp\/v2\/media\/16932"}],"wp:attachment":[{"href":"https:\/\/www.wohnbedarf.ch\/de\/wp-json\/wp\/v2\/media?parent=9124"}],"curies":[{"name":"wp","href":"https:\/\/api.w.org\/{rel}","templated":true}]}}