{"id":16550,"date":"2024-07-17T12:57:01","date_gmt":"2024-07-17T10:57:01","guid":{"rendered":"https:\/\/wb.gefire.org\/?page_id=16550"},"modified":"2026-04-09T14:30:15","modified_gmt":"2026-04-09T12:30:15","slug":"projekt-privatwohnung-zuerich","status":"publish","type":"page","link":"https:\/\/www.wohnbedarf.ch\/de\/projekt-privatwohnung-zuerich\/","title":{"rendered":"Privatwohnung Z\u00fcrich"},"content":{"rendered":"\t\t<div data-elementor-type=\"wp-page\" data-elementor-id=\"16550\" class=\"elementor elementor-16550\" data-elementor-post-type=\"page\">\n\t\t\t\t<div class=\"elementor-element elementor-element-1866577c e-con-full e-flex e-con e-parent\" data-id=\"1866577c\" data-element_type=\"container\" data-e-type=\"container\">\n\t\t<div class=\"elementor-element elementor-element-edc9f89 e-flex e-con-boxed e-con e-child\" data-id=\"edc9f89\" data-element_type=\"container\" data-e-type=\"container\">\n\t\t\t\t\t<div class=\"e-con-inner\">\n\t\t\t\t<div class=\"elementor-element elementor-element-51cd5de4 elementor-widget__width-initial elementor-widget elementor-widget-heading\" data-id=\"51cd5de4\" data-element_type=\"widget\" data-e-type=\"widget\" data-widget_type=\"heading.default\">\n\t\t\t\t<div class=\"elementor-widget-container\">\n\t\t\t\t\t<div class=\"elementor-heading-title elementor-size-default\">Privatwohnung Z\u00fcrich<\/div>\t\t\t\t<\/div>\n\t\t\t\t<\/div>\n\t\t\t\t<div class=\"elementor-element elementor-element-2cb2ee elementor-widget__width-initial elementor-widget elementor-widget-heading\" data-id=\"2cb2ee\" data-element_type=\"widget\" data-e-type=\"widget\" data-widget_type=\"heading.default\">\n\t\t\t\t<div class=\"elementor-widget-container\">\n\t\t\t\t\t<h1 class=\"elementor-heading-title elementor-size-default\">Harmonisches Zusammenspiel von Designklassikern und Raum<\/h1>\t\t\t\t<\/div>\n\t\t\t\t<\/div>\n\t\t\t\t<div class=\"elementor-element elementor-element-4465395 elementor-widget__width-initial elementor-widget-laptop__width-initial elementor-widget elementor-widget-text-editor\" data-id=\"4465395\" data-element_type=\"widget\" data-e-type=\"widget\" data-widget_type=\"text-editor.default\">\n\t\t\t\t<div class=\"elementor-widget-container\">\n\t\t\t\t\t\t\t\t\t<p>Das bestehende Einrichtungskonzept wurde durch das elegante Florence Knoll Sofa und die Florence Knoll\u2122 Relaxed Bench von wohnbedarf stilvoll erg\u00e4nzt. Die 1954 entworfene Lounge-Kollektion ist ein Paradebeispiel f\u00fcr Florence Knolls zur\u00fcckhaltenden, geometrischen und architektonischen Ansatz in der M\u00f6belgestaltung. Das Florence Knoll Sofa spiegelt diesen Stil wider, indem es klare Linien und eine moderne Formsprache in den Raum bringt. In Kombination mit der Relaxed Bench entsteht ein Ensemble, das nicht nur durch Komfort, sondern auch durch seine optische Leichtigkeit besticht. Der grossz\u00fcgige Raum mit seiner lichtdurchfluteten Fensterfront l\u00e4dt zum Verweilen ein.<\/p><p>Zudem setzt der ikonische Coffee Table von Isamu Noguchi eine raffinierte Note. Farblich abgestimmt auf dezente, erdige T\u00f6ne und gr\u00fcne Akzente, entsteht eine harmonische Atmosph\u00e4re, die sowohl Ruhe als auch Stil ausstrahlt. Das Zusammenspiel von Designklassikern und nat\u00fcrlichem Licht sorgt f\u00fcr eine einladende und moderne Wohnumgebung.<\/p>\t\t\t\t\t\t\t\t<\/div>\n\t\t\t\t<\/div>\n\t\t\t\t<div class=\"elementor-element elementor-element-ced1ae7 elementor-widget elementor-widget-text-editor\" data-id=\"ced1ae7\" data-element_type=\"widget\" data-e-type=\"widget\" data-widget_type=\"text-editor.default\">\n\t\t\t\t<div class=\"elementor-widget-container\">\n\t\t\t\t\t\t\t\t\t<p>Einrichtungs- und M\u00f6blierungskonzept: wohnbedarf wb ag<\/p>\t\t\t\t\t\t\t\t<\/div>\n\t\t\t\t<\/div>\n\t\t\t\t\t<\/div>\n\t\t\t\t<\/div>\n\t\t\t\t<\/div>\n\t\t<div class=\"elementor-element elementor-element-d27c863 e-flex e-con-boxed e-con e-parent\" data-id=\"d27c863\" data-element_type=\"container\" data-e-type=\"container\">\n\t\t\t\t\t<div class=\"e-con-inner\">\n\t\t\t\t<div class=\"elementor-element elementor-element-7ea63e7 elementor-widget elementor-widget-gallery\" data-id=\"7ea63e7\" data-element_type=\"widget\" data-e-type=\"widget\" data-settings=\"{&quot;columns&quot;:2,&quot;gap&quot;:{&quot;unit&quot;:&quot;px&quot;,&quot;size&quot;:20,&quot;sizes&quot;:[]},&quot;gallery_layout&quot;:&quot;grid&quot;,&quot;columns_tablet&quot;:2,&quot;columns_mobile&quot;:1,&quot;gap_laptop&quot;:{&quot;unit&quot;:&quot;px&quot;,&quot;size&quot;:10,&quot;sizes&quot;:[]},&quot;gap_tablet&quot;:{&quot;unit&quot;:&quot;px&quot;,&quot;size&quot;:10,&quot;sizes&quot;:[]},&quot;gap_mobile&quot;:{&quot;unit&quot;:&quot;px&quot;,&quot;size&quot;:10,&quot;sizes&quot;:[]},&quot;link_to&quot;:&quot;file&quot;,&quot;aspect_ratio&quot;:&quot;3:2&quot;,&quot;overlay_background&quot;:&quot;yes&quot;,&quot;content_hover_animation&quot;:&quot;fade-in&quot;}\" data-widget_type=\"gallery.default\">\n\t\t\t\t<div class=\"elementor-widget-container\">\n\t\t\t\t\t\t\t<div class=\"elementor-gallery__container\">\n\t\t\t\t\t\t\t<a class=\"e-gallery-item elementor-gallery-item elementor-animated-content\" href=\"https:\/\/www.wohnbedarf.ch\/wp-content\/uploads\/IMG_6352-1-scaled.jpg\" data-elementor-open-lightbox=\"yes\" data-elementor-lightbox-slideshow=\"7ea63e7\" data-elementor-lightbox-title=\"IMG_6352\" data-e-action-hash=\"#elementor-action%3Aaction%3Dlightbox%26settings%3DeyJpZCI6MTY1NTUsInVybCI6Imh0dHBzOlwvXC93d3cud29obmJlZGFyZi5jaFwvd3AtY29udGVudFwvdXBsb2Fkc1wvSU1HXzYzNTItMS1zY2FsZWQuanBnIiwic2xpZGVzaG93IjoiN2VhNjNlNyJ9\">\n\t\t\t\t\t<div class=\"e-gallery-image elementor-gallery-item__image\" data-thumbnail=\"https:\/\/www.wohnbedarf.ch\/wp-content\/uploads\/IMG_6352-1-scaled.jpg\" data-width=\"2560\" data-height=\"1920\" aria-label=\"\" role=\"img\" ><\/div>\n\t\t\t\t\t\t\t\t\t\t\t<div class=\"elementor-gallery-item__overlay\"><\/div>\n\t\t\t\t\t\t\t\t\t\t\t\t\t\t<\/a>\n\t\t\t\t\t\t\t<a class=\"e-gallery-item elementor-gallery-item elementor-animated-content\" href=\"https:\/\/www.wohnbedarf.ch\/wp-content\/uploads\/IMG_6337-scaled.jpg\" data-elementor-open-lightbox=\"yes\" data-elementor-lightbox-slideshow=\"7ea63e7\" data-elementor-lightbox-title=\"IMG_6337\" data-e-action-hash=\"#elementor-action%3Aaction%3Dlightbox%26settings%3DeyJpZCI6MTY1NTQsInVybCI6Imh0dHBzOlwvXC93d3cud29obmJlZGFyZi5jaFwvd3AtY29udGVudFwvdXBsb2Fkc1wvSU1HXzYzMzctc2NhbGVkLmpwZyIsInNsaWRlc2hvdyI6IjdlYTYzZTcifQ%3D%3D\">\n\t\t\t\t\t<div class=\"e-gallery-image elementor-gallery-item__image\" data-thumbnail=\"https:\/\/www.wohnbedarf.ch\/wp-content\/uploads\/IMG_6337-scaled.jpg\" data-width=\"2560\" data-height=\"1920\" aria-label=\"\" role=\"img\" ><\/div>\n\t\t\t\t\t\t\t\t\t\t\t<div class=\"elementor-gallery-item__overlay\"><\/div>\n\t\t\t\t\t\t\t\t\t\t\t\t\t\t<\/a>\n\t\t\t\t\t<\/div>\n\t\t\t\t\t<\/div>\n\t\t\t\t<\/div>\n\t\t\t\t\t<\/div>\n\t\t\t\t<\/div>\n\t\t<div class=\"elementor-element elementor-element-e956e3f e-flex e-con-boxed e-con e-parent\" data-id=\"e956e3f\" data-element_type=\"container\" data-e-type=\"container\">\n\t\t\t\t\t<div class=\"e-con-inner\">\n\t\t\t\t<div class=\"elementor-element elementor-element-f568bff elementor-widget elementor-widget-gallery\" data-id=\"f568bff\" data-element_type=\"widget\" data-e-type=\"widget\" data-settings=\"{&quot;columns&quot;:2,&quot;gap&quot;:{&quot;unit&quot;:&quot;px&quot;,&quot;size&quot;:20,&quot;sizes&quot;:[]},&quot;gallery_layout&quot;:&quot;grid&quot;,&quot;columns_tablet&quot;:2,&quot;columns_mobile&quot;:1,&quot;gap_laptop&quot;:{&quot;unit&quot;:&quot;px&quot;,&quot;size&quot;:10,&quot;sizes&quot;:[]},&quot;gap_tablet&quot;:{&quot;unit&quot;:&quot;px&quot;,&quot;size&quot;:10,&quot;sizes&quot;:[]},&quot;gap_mobile&quot;:{&quot;unit&quot;:&quot;px&quot;,&quot;size&quot;:10,&quot;sizes&quot;:[]},&quot;link_to&quot;:&quot;file&quot;,&quot;aspect_ratio&quot;:&quot;3:2&quot;,&quot;overlay_background&quot;:&quot;yes&quot;,&quot;content_hover_animation&quot;:&quot;fade-in&quot;}\" data-widget_type=\"gallery.default\">\n\t\t\t\t<div class=\"elementor-widget-container\">\n\t\t\t\t\t\t\t<div class=\"elementor-gallery__container\">\n\t\t\t\t\t\t\t<a class=\"e-gallery-item elementor-gallery-item elementor-animated-content\" href=\"https:\/\/www.wohnbedarf.ch\/wp-content\/uploads\/IMG_5419-scaled.jpg\" data-elementor-open-lightbox=\"yes\" data-elementor-lightbox-slideshow=\"f568bff\" data-elementor-lightbox-title=\"IMG_5419\" data-e-action-hash=\"#elementor-action%3Aaction%3Dlightbox%26settings%3DeyJpZCI6MTY1NTIsInVybCI6Imh0dHBzOlwvXC93d3cud29obmJlZGFyZi5jaFwvd3AtY29udGVudFwvdXBsb2Fkc1wvSU1HXzU0MTktc2NhbGVkLmpwZyIsInNsaWRlc2hvdyI6ImY1NjhiZmYifQ%3D%3D\">\n\t\t\t\t\t<div class=\"e-gallery-image elementor-gallery-item__image\" data-thumbnail=\"https:\/\/www.wohnbedarf.ch\/wp-content\/uploads\/IMG_5419-scaled.jpg\" data-width=\"2560\" data-height=\"1920\" aria-label=\"\" role=\"img\" ><\/div>\n\t\t\t\t\t\t\t\t\t\t\t<div class=\"elementor-gallery-item__overlay\"><\/div>\n\t\t\t\t\t\t\t\t\t\t\t\t\t\t<\/a>\n\t\t\t\t\t\t\t<a class=\"e-gallery-item elementor-gallery-item elementor-animated-content\" href=\"https:\/\/www.wohnbedarf.ch\/wp-content\/uploads\/IMG_6352-scaled.jpg\" data-elementor-open-lightbox=\"yes\" data-elementor-lightbox-slideshow=\"f568bff\" data-elementor-lightbox-title=\"IMG_6352\" data-e-action-hash=\"#elementor-action%3Aaction%3Dlightbox%26settings%3DeyJpZCI6MTY1NTMsInVybCI6Imh0dHBzOlwvXC93d3cud29obmJlZGFyZi5jaFwvd3AtY29udGVudFwvdXBsb2Fkc1wvSU1HXzYzNTItc2NhbGVkLmpwZyIsInNsaWRlc2hvdyI6ImY1NjhiZmYifQ%3D%3D\">\n\t\t\t\t\t<div class=\"e-gallery-image elementor-gallery-item__image\" data-thumbnail=\"https:\/\/www.wohnbedarf.ch\/wp-content\/uploads\/IMG_6352-scaled.jpg\" data-width=\"2560\" data-height=\"1920\" aria-label=\"\" role=\"img\" ><\/div>\n\t\t\t\t\t\t\t\t\t\t\t<div class=\"elementor-gallery-item__overlay\"><\/div>\n\t\t\t\t\t\t\t\t\t\t\t\t\t\t<\/a>\n\t\t\t\t\t<\/div>\n\t\t\t\t\t<\/div>\n\t\t\t\t<\/div>\n\t\t\t\t\t<\/div>\n\t\t\t\t<\/div>\n\t\t<div class=\"elementor-element elementor-element-6d54d2e6 e-flex e-con-boxed e-con e-parent\" data-id=\"6d54d2e6\" data-element_type=\"container\" data-e-type=\"container\" data-settings=\"{&quot;background_background&quot;:&quot;classic&quot;}\">\n\t\t\t\t\t<div class=\"e-con-inner\">\n\t\t<div class=\"elementor-element elementor-element-1b89b5dc e-flex e-con-boxed e-con e-child\" data-id=\"1b89b5dc\" data-element_type=\"container\" data-e-type=\"container\" data-settings=\"{&quot;background_background&quot;:&quot;classic&quot;}\">\n\t\t\t\t\t<div class=\"e-con-inner\">\n\t\t\t\t<div class=\"elementor-element elementor-element-1934e03b elementor-widget__width-initial animated-fast elementor-invisible elementor-widget elementor-widget-heading\" data-id=\"1934e03b\" data-element_type=\"widget\" data-e-type=\"widget\" data-settings=\"{&quot;_animation&quot;:&quot;fadeInLeft&quot;}\" data-widget_type=\"heading.default\">\n\t\t\t\t<div class=\"elementor-widget-container\">\n\t\t\t\t\t<h2 class=\"elementor-heading-title elementor-size-default\">Gerne beraten auch wir Sie. Wir freuen uns \u00fcber Ihre Kontaktaufnahme.<\/h2>\t\t\t\t<\/div>\n\t\t\t\t<\/div>\n\t\t\t\t<div class=\"elementor-element elementor-element-a415d8e elementor-align-right animated-fast elementor-mobile-align-justify elementor-invisible elementor-widget elementor-widget-button\" data-id=\"a415d8e\" data-element_type=\"widget\" data-e-type=\"widget\" data-settings=\"{&quot;_animation&quot;:&quot;fadeInRight&quot;,&quot;_animation_delay&quot;:200}\" data-widget_type=\"button.default\">\n\t\t\t\t<div class=\"elementor-widget-container\">\n\t\t\t\t\t\t\t\t\t<div class=\"elementor-button-wrapper\">\n\t\t\t\t\t<a class=\"elementor-button elementor-button-link elementor-size-sm\" href=\"https:\/\/wohnbedarftermin.as.me\/\" target=\"_blank\">\n\t\t\t\t\t\t<span class=\"elementor-button-content-wrapper\">\n\t\t\t\t\t\t\t\t\t<span class=\"elementor-button-text\">Kontakt aufnehmen<\/span>\n\t\t\t\t\t<\/span>\n\t\t\t\t\t<\/a>\n\t\t\t\t<\/div>\n\t\t\t\t\t\t\t\t<\/div>\n\t\t\t\t<\/div>\n\t\t\t\t\t<\/div>\n\t\t\t\t<\/div>\n\t\t\t\t\t<\/div>\n\t\t\t\t<\/div>\n\t\t\t\t<\/div>\n\t\t","protected":false},"excerpt":{"rendered":"<p>Harmonisches Zusammenspiel von Designklassikern und Raum Das bestehende Einrichtungskonzept wurde durch das elegante Florence Knoll Sofa und die Florence Knoll\u2122 Relaxed Bench von wohnbedarf stilvoll erg\u00e4nzt. Die 1954 entworfene Lounge-Kollektion ist ein Paradebeispiel f\u00fcr Florence Knolls zur\u00fcckhaltenden, geometrischen und architektonischen Ansatz in der M\u00f6belgestaltung. Das Florence Knoll Sofa spiegelt diesen Stil wider, indem es klare [&hellip;]<\/p>\n","protected":false},"author":2,"featured_media":16553,"parent":0,"menu_order":0,"comment_status":"closed","ping_status":"closed","template":"","meta":{"footnotes":""},"class_list":["post-16550","page","type-page","status-publish","has-post-thumbnail","hentry"],"_links":{"self":[{"href":"https:\/\/www.wohnbedarf.ch\/de\/wp-json\/wp\/v2\/pages\/16550","targetHints":{"allow":["GET"]}}],"collection":[{"href":"https:\/\/www.wohnbedarf.ch\/de\/wp-json\/wp\/v2\/pages"}],"about":[{"href":"https:\/\/www.wohnbedarf.ch\/de\/wp-json\/wp\/v2\/types\/page"}],"author":[{"embeddable":true,"href":"https:\/\/www.wohnbedarf.ch\/de\/wp-json\/wp\/v2\/users\/2"}],"replies":[{"embeddable":true,"href":"https:\/\/www.wohnbedarf.ch\/de\/wp-json\/wp\/v2\/comments?post=16550"}],"version-history":[{"count":34,"href":"https:\/\/www.wohnbedarf.ch\/de\/wp-json\/wp\/v2\/pages\/16550\/revisions"}],"predecessor-version":[{"id":32430,"href":"https:\/\/www.wohnbedarf.ch\/de\/wp-json\/wp\/v2\/pages\/16550\/revisions\/32430"}],"wp:featuredmedia":[{"embeddable":true,"href":"https:\/\/www.wohnbedarf.ch\/de\/wp-json\/wp\/v2\/media\/16553"}],"wp:attachment":[{"href":"https:\/\/www.wohnbedarf.ch\/de\/wp-json\/wp\/v2\/media?parent=16550"}],"curies":[{"name":"wp","href":"https:\/\/api.w.org\/{rel}","templated":true}]}}